{"id":5624,"date":"2014-01-24T13:52:46","date_gmt":"2014-01-24T13:52:46","guid":{"rendered":"https:\/\/cedre-et-charme.fr\/conditions-and-prices\/"},"modified":"2025-04-19T11:48:13","modified_gmt":"2025-04-19T11:48:13","slug":"conditions-and-prices","status":"publish","type":"page","link":"https:\/\/cedre-et-charme.fr\/en\/conditions-and-prices\/","title":{"rendered":"Conditions in Bed and Breakfast"},"content":{"rendered":"<div class=\"fusion-fullwidth fullwidth-box fusion-builder-row-1 fusion-flex-container nonhundred-percent-fullwidth non-hundred-percent-height-scrolling ctnr-simple \" style=\"--awb-border-radius-top-left:0px;--awb-border-radius-top-right:0px;--awb-border-radius-bottom-right:0px;--awb-border-radius-bottom-left:0px;--awb-flex-wrap:wrap;\" ><div class=\"fusion-builder-row fusion-row fusion-flex-align-items-center fusion-flex-justify-content-center fusion-flex-content-wrap\" style=\"max-width:1456px;margin-left: calc(-4% \/ 2 );margin-right: calc(-4% \/ 2 );\"><div class=\"fusion-layout-column fusion_builder_column fusion-builder-column-0 fusion_builder_column_1_1 1_1 fusion-flex-column\" style=\"--awb-bg-size:cover;--awb-width-large:100%;--awb-margin-top-large:0px;--awb-spacing-right-large:1.92%;--awb-margin-bottom-large:0px;--awb-spacing-left-large:1.92%;--awb-width-medium:100%;--awb-order-medium:0;--awb-spacing-right-medium:1.92%;--awb-spacing-left-medium:1.92%;--awb-width-small:100%;--awb-order-small:0;--awb-spacing-right-small:1.92%;--awb-spacing-left-small:1.92%;\"><div class=\"fusion-column-wrapper fusion-column-has-shadow fusion-flex-justify-content-flex-start fusion-content-layout-column\"><div class=\"fusion-title title fusion-title-1 fusion-sep-none fusion-title-center fusion-title-text fusion-title-size-one\" style=\"--awb-margin-top-small:0px;--awb-margin-right-small:0px;--awb-margin-bottom-small:20px;--awb-margin-left-small:0px;\"><h1 class=\"fusion-title-heading title-heading-center\" style=\"margin:0;\">Conditions in Bed and Breakfast<\/h1><\/div><\/div><\/div><div class=\"fusion-layout-column fusion_builder_column fusion-builder-column-1 fusion_builder_column_3_4 3_4 fusion-flex-column\" style=\"--awb-bg-size:cover;--awb-width-large:75%;--awb-margin-top-large:0px;--awb-spacing-right-large:2.56%;--awb-margin-bottom-large:0px;--awb-spacing-left-large:2.56%;--awb-width-medium:100%;--awb-order-medium:0;--awb-spacing-right-medium:1.92%;--awb-spacing-left-medium:1.92%;--awb-width-small:100%;--awb-order-small:0;--awb-spacing-right-small:1.92%;--awb-spacing-left-small:1.92%;\"><div class=\"fusion-column-wrapper fusion-column-has-shadow fusion-flex-justify-content-flex-start fusion-content-layout-column\"><div class=\"fusion-title title fusion-title-2 fusion-sep-none fusion-title-text fusion-title-size-two\" style=\"--awb-margin-top-small:0px;--awb-margin-right-small:0px;--awb-margin-bottom-small:20px;--awb-margin-left-small:0px;\"><h2 class=\"fusion-title-heading title-heading-left\" style=\"margin:0;\">Bed and breakfast rate<\/h2><\/div><div class=\"fusion-text fusion-text-1 col-inside\" style=\"--awb-text-transform:none;\"><p>Our rates, from 109 euros per night, include a double room, breakfasts, tourist tax, private covered parking, internet access and television (on request).<\/p>\n<p>Booked together, the M\u00e9lodie and Romance rooms make up an ideal parent-child family suite with its own entrance. Likewise with Serenade and Symphony, this last room can accommodate 3 older children or 3 adults.<\/p>\n<p>Possibility of adding an extra bed (one bed maximum per room):<\/p>\n<p>\u2013 a cot (child under 2 years old) for an additional 10 euros per night<\/p>\n<p>\u2013 a child&#8217;s bed (under 8 years old) for 20 euros per night (depending on the room)<\/p>\n<p>\u2013 an adult bed for 30 euros per night (depending on the room)<\/p>\n<\/div><div class=\"fusion-title title fusion-title-3 fusion-sep-none fusion-title-text fusion-title-size-two\" style=\"--awb-margin-top-small:0px;--awb-margin-right-small:0px;--awb-margin-bottom-small:20px;--awb-margin-left-small:0px;\"><h2 class=\"fusion-title-heading title-heading-left\" style=\"margin:0;\">Table d&#8217;h\u00f4tes<\/h2><\/div><div class=\"fusion-text fusion-text-2 col-inside\" style=\"--awb-text-transform:none;\"><p>You can book your dinner at Le C\u00e8dre in advance (by phone, email or in your reservation):<\/p>\n<p>&#8211; D\u00eener Saveur (38 euros per person, Vouvray aperitif, starter, main course, cheese, dessert, coffee\/infusion, wine not included).<\/p>\n<p>&#8211; D\u00eener Classique (28 euros per person, starter or cheese, main course, dessert, coffee\/infusion, wine not included).<\/p>\n<p>If you prefer to dine out, we can recommend good restaurants nearby.<\/p>\n<\/div><div class=\"fusion-title title fusion-title-4 fusion-sep-none fusion-title-text fusion-title-size-two\" style=\"--awb-margin-top-small:0px;--awb-margin-right-small:0px;--awb-margin-bottom-small:20px;--awb-margin-left-small:0px;\"><h2 class=\"fusion-title-heading title-heading-left\" style=\"margin:0;\">Spa (Jacuzzi brand)<\/h2><\/div><div class=\"fusion-text fusion-text-3 col-inside\" style=\"--awb-text-transform:none;\"><p>You can book our spa area in advance (by phone, email or in your reservation) for a one-hour session (45 minutes spa time):<\/p>\n<p>&#8211; For one person (20\u20ac), for 2 people (30\u20ac), for 3 people (35\u20ac), for 4 people (40\u20ac), for 5 people (45\u20ac), for 6 people (50\u20ac),<\/p>\n<p>&#8211; The spa area includes a changing room (with shower and toilet),<\/p>\n<p>&#8211; One bathing sheet per person included,<\/p>\n<p>&#8211; Please note: Reserved for people aged 15 and over with a height of at least 1.50m. 6 people maximum. One accompanying adult required.<\/p>\n<p>Relax and enjoy Touraine!<\/p>\n<\/div><div class=\"fusion-title title fusion-title-5 fusion-sep-none fusion-title-text fusion-title-size-two\" style=\"--awb-margin-top-small:0px;--awb-margin-right-small:0px;--awb-margin-bottom-small:20px;--awb-margin-left-small:0px;\"><h2 class=\"fusion-title-heading title-heading-left\" style=\"margin:0;\">Other services<\/h2><\/div><div class=\"fusion-text fusion-text-4 col-inside\" style=\"--awb-text-transform:none;\"><p>\u2013 Private covered parking.<\/p>\n<p>\u2013 Internet access available in all rooms (wired and wifi).<\/p>\n<p>\u2013 Courtesy tray (tea, coffee, herbal tea) in the rooms.<\/p>\n<p>\u2013 Hairdryers in the bathrooms.<\/p>\n<p>\u2013 Television in the room on request (no extra charge).<\/p>\n<p>\u2013 Cleaning every day.<\/p>\n<\/div><div class=\"fusion-title title fusion-title-6 fusion-sep-none fusion-title-text fusion-title-size-two\" style=\"--awb-margin-top-small:0px;--awb-margin-right-small:0px;--awb-margin-bottom-small:20px;--awb-margin-left-small:0px;\"><h2 class=\"fusion-title-heading title-heading-left\" style=\"margin:0;\">Rules<\/h2><\/div><div class=\"fusion-text fusion-text-5 col-inside\" style=\"--awb-text-transform:none;\"><p>Online payment of a 25% deposit is requested when booking online.<\/p>\n<p>Contact us if you prefer to make the reservation by phone. We accept cash, holiday vouchers, payment cards (credit card, visa, master card).<\/p>\n<\/div><div class=\"fusion-title title fusion-title-7 fusion-sep-none fusion-title-text fusion-title-size-two\" style=\"--awb-margin-top-small:0px;--awb-margin-right-small:0px;--awb-margin-bottom-small:20px;--awb-margin-left-small:0px;\"><h2 class=\"fusion-title-heading title-heading-left\" style=\"margin:0;\">Cancelation<\/h2><\/div><div class=\"fusion-text fusion-text-6 col-inside\" style=\"--awb-text-transform:none;\"><p>No charge for cancellations up to 21 days prior to arrival.<\/p>\n<p>Deposit retained or 25% of total cost for cancellations between 20 days and 4 days prior to arrival.<\/p>\n<p>No refund or total cost for cancellations within 3 days of arrival.<\/p>\n<\/div><div class=\"fusion-title title fusion-title-8 fusion-sep-none fusion-title-text fusion-title-size-two\" style=\"--awb-margin-top-small:0px;--awb-margin-right-small:0px;--awb-margin-bottom-small:20px;--awb-margin-left-small:0px;\"><h2 class=\"fusion-title-heading title-heading-left\" style=\"margin:0;\">Pets<\/h2><\/div><div class=\"fusion-text fusion-text-7 col-inside\" style=\"--awb-text-transform:none;\"><p>Pets are not allowed.<\/p>\n<\/div><div class=\"fusion-title title fusion-title-9 fusion-sep-none fusion-title-text fusion-title-size-two\" style=\"--awb-margin-top-small:0px;--awb-margin-right-small:0px;--awb-margin-bottom-small:20px;--awb-margin-left-small:0px;\"><h2 class=\"fusion-title-heading title-heading-left\" style=\"margin:0;\">Non-smoking establishment<\/h2><\/div><div class=\"fusion-text fusion-text-8 col-inside\" style=\"--awb-text-transform:none;\"><p>All public and private areas are non-smoking.<\/p>\n<\/div><div class=\"fusion-image-element \" style=\"--awb-caption-title-font-family:var(--h2_typography-font-family);--awb-caption-title-font-weight:var(--h2_typography-font-weight);--awb-caption-title-font-style:var(--h2_typography-font-style);--awb-caption-title-size:var(--h2_typography-font-size);--awb-caption-title-transform:var(--h2_typography-text-transform);--awb-caption-title-line-height:var(--h2_typography-line-height);--awb-caption-title-letter-spacing:var(--h2_typography-letter-spacing);\"><span class=\" fusion-imageframe imageframe-none imageframe-1 hover-type-none\"><a href=\"https:\/\/cedre-et-charme.fr\/wp-content\/uploads\/2022\/03\/Chambres-dhotes-en-Touraine-Cedre-et-Charme-Entree-fleurie-1024x768-1.jpg\" class=\"fusion-lightbox\" data-rel=\"iLightbox[90670233829febf24f9]\" data-caption=\"C\u00e8dre et Charme - Entr\u00e9e fleurie\" data-title=\"Chambres-dh\u00f4tes-en-Touraine-C\u00e8dre-et-Charme-Entr\u00e9e-fleurie-1024&#215;768\" title=\"Chambres-dh\u00f4tes-en-Touraine-C\u00e8dre-et-Charme-Entr\u00e9e-fleurie-1024&#215;768\"><img decoding=\"async\" width=\"768\" height=\"1024\" alt=\"C\u00e8dre et Charme - Entr\u00e9e fleurie\" src=\"https:\/\/cedre-et-charme.fr\/wp-content\/uploads\/2022\/03\/Chambres-dhotes-en-Touraine-Cedre-et-Charme-Entree-fleurie-1024x768-1.jpg\" class=\"img-responsive wp-image-5547\" srcset=\"https:\/\/cedre-et-charme.fr\/wp-content\/uploads\/2022\/03\/Chambres-dhotes-en-Touraine-Cedre-et-Charme-Entree-fleurie-1024x768-1-200x267.jpg 200w, https:\/\/cedre-et-charme.fr\/wp-content\/uploads\/2022\/03\/Chambres-dhotes-en-Touraine-Cedre-et-Charme-Entree-fleurie-1024x768-1-400x533.jpg 400w, https:\/\/cedre-et-charme.fr\/wp-content\/uploads\/2022\/03\/Chambres-dhotes-en-Touraine-Cedre-et-Charme-Entree-fleurie-1024x768-1-600x800.jpg 600w, https:\/\/cedre-et-charme.fr\/wp-content\/uploads\/2022\/03\/Chambres-dhotes-en-Touraine-Cedre-et-Charme-Entree-fleurie-1024x768-1.jpg 768w\" sizes=\"(max-width: 1024px) 100vw, (max-width: 640px) 100vw, 768px\" \/><\/a><\/span><\/div><\/div><\/div><\/div><\/div>\n","protected":false},"excerpt":{"rendered":"","protected":false},"author":3,"featured_media":0,"parent":0,"menu_order":0,"comment_status":"closed","ping_status":"closed","template":"100-width.php","meta":{"footnotes":""},"class_list":["post-5624","page","type-page","status-publish","hentry"],"yoast_head":"<!-- This site is optimized with the Yoast SEO plugin v27.4 - https:\/\/yoast.com\/product\/yoast-seo-wordpress\/ -->\n<title>Conditions and rates guest house C\u00e8dre et Charme<\/title>\n<meta name=\"description\" content=\"Conditions and Rates of the C\u00e8dre et Charme guest rooms in Indre et Loire. Find our services in this section.\" \/>\n<meta name=\"robots\" content=\"index, follow, max-snippet:-1, max-image-preview:large, max-video-preview:-1\" \/>\n<link rel=\"canonical\" href=\"https:\/\/cedre-et-charme.fr\/en\/conditions-and-prices\/\" \/>\n<meta property=\"og:locale\" content=\"en_US\" \/>\n<meta property=\"og:type\" content=\"article\" \/>\n<meta property=\"og:title\" content=\"Conditions and rates guest house C\u00e8dre et Charme\" \/>\n<meta property=\"og:description\" content=\"Conditions and Rates of the C\u00e8dre et Charme guest rooms in Indre et Loire. Find our services in this section.\" \/>\n<meta property=\"og:url\" content=\"https:\/\/cedre-et-charme.fr\/en\/conditions-and-prices\/\" \/>\n<meta property=\"og:site_name\" content=\"Maison hotes Cedre et Charme\" \/>\n<meta property=\"article:publisher\" content=\"https:\/\/www.facebook.com\/cedre.et.charme\/\" \/>\n<meta property=\"article:modified_time\" content=\"2025-04-19T11:48:13+00:00\" \/>\n<script type=\"application\/ld+json\" class=\"yoast-schema-graph\">{\"@context\":\"https:\\\/\\\/schema.org\",\"@graph\":[{\"@type\":\"WebPage\",\"@id\":\"https:\\\/\\\/cedre-et-charme.fr\\\/en\\\/conditions-and-prices\\\/\",\"url\":\"https:\\\/\\\/cedre-et-charme.fr\\\/en\\\/conditions-and-prices\\\/\",\"name\":\"Conditions and rates guest house C\u00e8dre et Charme\",\"isPartOf\":{\"@id\":\"https:\\\/\\\/cedre-et-charme.fr\\\/en\\\/#website\"},\"datePublished\":\"2014-01-24T13:52:46+00:00\",\"dateModified\":\"2025-04-19T11:48:13+00:00\",\"description\":\"Conditions and Rates of the C\u00e8dre et Charme guest rooms in Indre et Loire. Find our services in this section.\",\"breadcrumb\":{\"@id\":\"https:\\\/\\\/cedre-et-charme.fr\\\/en\\\/conditions-and-prices\\\/#breadcrumb\"},\"inLanguage\":\"en-US\",\"potentialAction\":[{\"@type\":\"ReadAction\",\"target\":[\"https:\\\/\\\/cedre-et-charme.fr\\\/en\\\/conditions-and-prices\\\/\"]}]},{\"@type\":\"BreadcrumbList\",\"@id\":\"https:\\\/\\\/cedre-et-charme.fr\\\/en\\\/conditions-and-prices\\\/#breadcrumb\",\"itemListElement\":[{\"@type\":\"ListItem\",\"position\":1,\"name\":\"Home\",\"item\":\"https:\\\/\\\/cedre-et-charme.fr\\\/en\\\/sample-page\\\/\"},{\"@type\":\"ListItem\",\"position\":2,\"name\":\"Conditions in Bed and Breakfast\"}]},{\"@type\":\"WebSite\",\"@id\":\"https:\\\/\\\/cedre-et-charme.fr\\\/en\\\/#website\",\"url\":\"https:\\\/\\\/cedre-et-charme.fr\\\/en\\\/\",\"name\":\"Maison hotes Cedre et Charme\",\"description\":\"Chambre d&#039;h\u00f4te en Touraine \\\/ Bed &amp; Breakfast in France Center and Loire Valley\",\"potentialAction\":[{\"@type\":\"SearchAction\",\"target\":{\"@type\":\"EntryPoint\",\"urlTemplate\":\"https:\\\/\\\/cedre-et-charme.fr\\\/en\\\/?s={search_term_string}\"},\"query-input\":{\"@type\":\"PropertyValueSpecification\",\"valueRequired\":true,\"valueName\":\"search_term_string\"}}],\"inLanguage\":\"en-US\"}]}<\/script>\n<!-- \/ Yoast SEO plugin. -->","yoast_head_json":{"title":"Conditions and rates guest house C\u00e8dre et Charme","description":"Conditions and Rates of the C\u00e8dre et Charme guest rooms in Indre et Loire. Find our services in this section.","robots":{"index":"index","follow":"follow","max-snippet":"max-snippet:-1","max-image-preview":"max-image-preview:large","max-video-preview":"max-video-preview:-1"},"canonical":"https:\/\/cedre-et-charme.fr\/en\/conditions-and-prices\/","og_locale":"en_US","og_type":"article","og_title":"Conditions and rates guest house C\u00e8dre et Charme","og_description":"Conditions and Rates of the C\u00e8dre et Charme guest rooms in Indre et Loire. Find our services in this section.","og_url":"https:\/\/cedre-et-charme.fr\/en\/conditions-and-prices\/","og_site_name":"Maison hotes Cedre et Charme","article_publisher":"https:\/\/www.facebook.com\/cedre.et.charme\/","article_modified_time":"2025-04-19T11:48:13+00:00","schema":{"@context":"https:\/\/schema.org","@graph":[{"@type":"WebPage","@id":"https:\/\/cedre-et-charme.fr\/en\/conditions-and-prices\/","url":"https:\/\/cedre-et-charme.fr\/en\/conditions-and-prices\/","name":"Conditions and rates guest house C\u00e8dre et Charme","isPartOf":{"@id":"https:\/\/cedre-et-charme.fr\/en\/#website"},"datePublished":"2014-01-24T13:52:46+00:00","dateModified":"2025-04-19T11:48:13+00:00","description":"Conditions and Rates of the C\u00e8dre et Charme guest rooms in Indre et Loire. Find our services in this section.","breadcrumb":{"@id":"https:\/\/cedre-et-charme.fr\/en\/conditions-and-prices\/#breadcrumb"},"inLanguage":"en-US","potentialAction":[{"@type":"ReadAction","target":["https:\/\/cedre-et-charme.fr\/en\/conditions-and-prices\/"]}]},{"@type":"BreadcrumbList","@id":"https:\/\/cedre-et-charme.fr\/en\/conditions-and-prices\/#breadcrumb","itemListElement":[{"@type":"ListItem","position":1,"name":"Home","item":"https:\/\/cedre-et-charme.fr\/en\/sample-page\/"},{"@type":"ListItem","position":2,"name":"Conditions in Bed and Breakfast"}]},{"@type":"WebSite","@id":"https:\/\/cedre-et-charme.fr\/en\/#website","url":"https:\/\/cedre-et-charme.fr\/en\/","name":"Maison hotes Cedre et Charme","description":"Chambre d&#039;h\u00f4te en Touraine \/ Bed &amp; Breakfast in France Center and Loire Valley","potentialAction":[{"@type":"SearchAction","target":{"@type":"EntryPoint","urlTemplate":"https:\/\/cedre-et-charme.fr\/en\/?s={search_term_string}"},"query-input":{"@type":"PropertyValueSpecification","valueRequired":true,"valueName":"search_term_string"}}],"inLanguage":"en-US"}]}},"_links":{"self":[{"href":"https:\/\/cedre-et-charme.fr\/en\/wp-json\/wp\/v2\/pages\/5624","targetHints":{"allow":["GET"]}}],"collection":[{"href":"https:\/\/cedre-et-charme.fr\/en\/wp-json\/wp\/v2\/pages"}],"about":[{"href":"https:\/\/cedre-et-charme.fr\/en\/wp-json\/wp\/v2\/types\/page"}],"author":[{"embeddable":true,"href":"https:\/\/cedre-et-charme.fr\/en\/wp-json\/wp\/v2\/users\/3"}],"replies":[{"embeddable":true,"href":"https:\/\/cedre-et-charme.fr\/en\/wp-json\/wp\/v2\/comments?post=5624"}],"version-history":[{"count":5,"href":"https:\/\/cedre-et-charme.fr\/en\/wp-json\/wp\/v2\/pages\/5624\/revisions"}],"predecessor-version":[{"id":8115,"href":"https:\/\/cedre-et-charme.fr\/en\/wp-json\/wp\/v2\/pages\/5624\/revisions\/8115"}],"wp:attachment":[{"href":"https:\/\/cedre-et-charme.fr\/en\/wp-json\/wp\/v2\/media?parent=5624"}],"curies":[{"name":"wp","href":"https:\/\/api.w.org\/{rel}","templated":true}]}}