{"id":5791,"date":"2022-03-09T01:44:50","date_gmt":"2022-03-09T01:44:50","guid":{"rendered":"https:\/\/cedre-et-charme.fr\/vertraulichkeit\/"},"modified":"2022-03-30T03:11:58","modified_gmt":"2022-03-30T03:11:58","slug":"vertraulichkeit","status":"publish","type":"page","link":"https:\/\/cedre-et-charme.fr\/de\/vertraulichkeit\/","title":{"rendered":"Privatsph\u00e4re"},"content":{"rendered":"<div class=\"fusion-fullwidth fullwidth-box fusion-builder-row-1 fusion-flex-container nonhundred-percent-fullwidth non-hundred-percent-height-scrolling\" style=\"--awb-border-radius-top-left:0px;--awb-border-radius-top-right:0px;--awb-border-radius-bottom-right:0px;--awb-border-radius-bottom-left:0px;--awb-flex-wrap:wrap;\" ><div class=\"fusion-builder-row fusion-row fusion-flex-align-items-flex-start fusion-flex-justify-content-center fusion-flex-content-wrap\" style=\"max-width:1456px;margin-left: calc(-4% \/ 2 );margin-right: calc(-4% \/ 2 );\"><div class=\"fusion-layout-column fusion_builder_column fusion-builder-column-0 fusion_builder_column_1_1 1_1 fusion-flex-column\" style=\"--awb-bg-size:cover;--awb-width-large:100%;--awb-margin-top-large:0px;--awb-spacing-right-large:1.92%;--awb-margin-bottom-large:0px;--awb-spacing-left-large:1.92%;--awb-width-medium:100%;--awb-spacing-right-medium:1.92%;--awb-spacing-left-medium:1.92%;--awb-width-small:100%;--awb-spacing-right-small:1.92%;--awb-spacing-left-small:1.92%;\"><div class=\"fusion-column-wrapper fusion-column-has-shadow fusion-flex-justify-content-center fusion-content-layout-column\"><div class=\"fusion-title title fusion-title-1 fusion-sep-none fusion-title-text fusion-title-size-one\" style=\"--awb-margin-top-small:0px;--awb-margin-right-small:0px;--awb-margin-bottom-small:20px;--awb-margin-left-small:0px;\"><h1 class=\"fusion-title-heading title-heading-left\" style=\"margin:0;\">Datenschutz und Cookies<\/h1><\/div><div class=\"fusion-text fusion-text-1\" style=\"--awb-text-transform:none;\"><p>Diese Datenschutzrichtlinie definiert und informiert Sie dar\u00fcber, wie C\u00e8dre et Charme als Datenverantwortlicher die Informationen verwendet und sch\u00fctzt, die Sie bei der Nutzung der Website cedre-et-charme.fr (im Folgenden \u201edie Website\u201c) \u00fcbermitteln.<\/p>\n<p>Diese Datenschutzerkl\u00e4rung kann von C\u00e8dre et Charme jederzeit ge\u00e4ndert oder erg\u00e4nzt werden. Das Datum ihrer Aktualisierung wird dann ausdr\u00fccklich angegeben. Diese \u00c4nderungen sind f\u00fcr Sie verbindlich, sobald sie online gestellt werden, und wir empfehlen Ihnen, sie regelm\u00e4\u00dfig zu konsultieren.<\/p>\n<p>Durch die Nutzung der Website stimmen Sie ausdr\u00fccklich unserer Datenschutzerkl\u00e4rung zu, von der Sie erkl\u00e4ren, dass Sie sie vollst\u00e4ndig gelesen haben.<\/p>\n<p><strong>1. Gesammelte Informationen<\/strong><\/p>\n<p>C\u00e8dre et Charme sammelt personenbezogene Daten \u00fcber Sie, wenn Sie auf der Website einkaufen. Die gesammelten Informationen sind Ihr Name, Vorname, E-Mail-Adresse und Telefonnummer.<br \/>\nWenn Sie auf der Website eine Bestellung aufgeben, werden au\u00dferdem Ihre Bankdaten f\u00fcr Transaktionszwecke erfasst und von unserem Zahlungsanbieter in verschl\u00fcsselter Form verarbeitet. Diese Bankdaten werden nur bis zum Abschluss Ihrer Bestellung gespeichert und nach Best\u00e4tigung Ihrer vollst\u00e4ndigen Zahlung gel\u00f6scht.<br \/>\nSchlie\u00dflich erhalten und speichern wir automatisch Informationen von Ihrem Computer und Browser, einschlie\u00dflich Ihrer IP-Adresse, wenn Sie die Website besuchen.<\/p>\n<p><strong>2. Zweck der Sammlung von Informationen<\/strong><\/p>\n<p>Alle Informationen, die wir von Ihnen sammeln, werden verwendet, um:<\/p>\n<p>\u2022 Ihre Bestellung ausf\u00fchren,<br \/>\n\u2022 Sie per E-Mail oder Telefon zu kontaktieren, insbesondere im Zusammenhang mit der Verwaltung Ihrer Bestellungen, oder Ihnen wichtige Informationen \u00fcber die Website zu senden, wie zum Beispiel die \u00c4nderung unserer Bedingungen und Richtlinien,<br \/>\n\u2022 Sie \u00fcber Produkte, Programme, Dienstleistungen und Werbeaktionen zu informieren, die Sie m\u00f6glicherweise interessieren, vorbehaltlich Ihrer vorherigen Genehmigung,<br \/>\n\u2022 Verbesserung der Leistung unserer Website,<br \/>\n\u2022 Personalisieren Sie Ihre Erfahrung auf der Website und erf\u00fcllen Sie Ihre individuellen Bed\u00fcrfnisse<\/p>\n<p>Diese Verarbeitung ist f\u00fcr die Erf\u00fcllung unserer vertraglichen Verpflichtungen erforderlich und basiert auf unserem berechtigten Interesse, unsere Dienstleistungen zu verbessern und die Erwartungen der Benutzer der Website zu verstehen.<\/p>\n<p><strong>3. Haltbarkeit<\/strong><br \/>\nWenn Sie einen Kommentar hinterlassen, werden der Kommentar und seine Metadaten auf unbestimmte Zeit gespeichert. Dadurch werden nachfolgende Kommentare automatisch erkannt und genehmigt, anstatt sie in der Moderationswarteschlange zu belassen. Wenn Sie einen Kommentar auf unserer Seite hinterlassen, wird Ihnen angeboten, Ihren Namen, Ihre E-Mail-Adresse und Ihre Website in Cookies zu speichern. Dies dient nur zu Ihrem Komfort, damit Sie diese Informationen nicht eingeben m\u00fcssen, wenn Sie sp\u00e4ter einen weiteren Kommentar hinterlassen. Diese Cookies verfallen nach einem Jahr.<\/p>\n<p>Wenn Sie auf die Anmeldeseite gehen, wird ein tempor\u00e4res Cookie erstellt, um festzustellen, ob Ihr Browser Cookies akzeptiert. Sie enth\u00e4lt keine personenbezogenen Daten und wird automatisch gel\u00f6scht, wenn Sie Ihren Browser schlie\u00dfen.<\/p>\n<p>Wenn Sie sich anmelden, setzen wir eine Reihe von Cookies, um Ihre Anmeldedaten und Bildschirmeinstellungen zu speichern. Die Lebensdauer eines Verbindungscookies betr\u00e4gt zwei Tage, die eines Bildschirmoptionscookies ein Jahr. Wenn Sie \u201eRemember me\u201c aktivieren, wird Ihr Login-Cookie zwei Wochen lang aufbewahrt. Wenn Sie sich von Ihrem Konto abmelden, wird das Login-Cookie gel\u00f6scht.<\/p>\n<p>Durch Bearbeiten oder Ver\u00f6ffentlichen eines Beitrags wird ein zus\u00e4tzliches Cookie in Ihrem Browser gespeichert. Dieses Cookie enth\u00e4lt keine personenbezogenen Daten. Es zeigt nur die ID des Beitrags, den Sie gerade bearbeitet haben. Sie verf\u00e4llt nach einem Tag.<\/p>\n<p>F\u00fcr Nutzer, die sich auf unserer Seite registrieren (sofern m\u00f6glich), speichern wir auch die in ihrem Profil angegebenen personenbezogenen Daten. Alle Benutzer k\u00f6nnen ihre pers\u00f6nlichen Daten jederzeit einsehen, \u00e4ndern oder l\u00f6schen (mit Ausnahme ihres Benutzernamens\u00b7ice). Site-Manager k\u00f6nnen diese Informationen auch anzeigen und bearbeiten.<\/p>\n<p>C\u00e8dre et Charme bewahrt personenbezogene Daten nur so lange auf, wie es f\u00fcr die Vorg\u00e4nge, f\u00fcr die sie erhoben wurden, erforderlich ist.<br \/>\nKonkret:<br \/>\n\u2022 Kundendaten, dh in Bezug auf Personen, die auf der Website eingekauft haben, werden zum Zwecke der Auftragsverfolgung und der Kundenbeziehung f\u00fcr maximal drei Jahre ab dem Datum der Bestellung aufbewahrt.<br \/>\n\u2022 Interessentendaten, dh Personen, die ein Konto auf der Website erstellt haben, ohne einen Kauf get\u00e4tigt zu haben, werden f\u00fcr einen Zeitraum von zwei Jahren ab ihrer Erfassung oder der letzten Verbindung des Interessenten mit der Website aufbewahrt.<br \/>\n\u2022 Auf den Endger\u00e4ten der Benutzer gespeicherte Informationen (Cookies) oder andere Elemente, die dazu dienen, Benutzer zu identifizieren und die R\u00fcckverfolgbarkeit der Benutzer zu erm\u00f6glichen, werden zw\u00f6lf Monate lang aufbewahrt.<\/p>\n<p>Es wird daran erinnert, dass die f\u00fcr Transaktionszwecke erhobenen Bankdaten nicht \u00fcber den Abschluss Ihrer Bestellung hinaus aufbewahrt werden.<\/p>\n<p><strong>4. Vertraulichkeit<\/strong><\/p>\n<p>C\u00e8dre et Charme ist der alleinige Eigent\u00fcmer der auf der Website gesammelten Informationen. Ihre personenbezogenen Daten werden ohne Ihre Zustimmung nicht zu kommerziellen Zwecken verkauft, ausgetauscht, \u00fcbertragen oder an ein anderes Unternehmen weitergegeben.<\/p>\n<p>Diese Daten k\u00f6nnen jedoch Subunternehmern f\u00fcr die ordnungsgem\u00e4\u00dfe Ausf\u00fchrung der erteilten Auftr\u00e4ge oder Dritten anvertraut werden, die f\u00fcr die Verwaltung und\/oder den Betrieb der Website verantwortlich sind, die in keiner Weise befugt sind, sie f\u00fcr andere Zwecke als den strikten Umfang ihrer Nutzung zu verwenden Auftrag oder Ihre Daten an Dritte zu verkaufen, auszutauschen oder weiterzugeben.<\/p>\n<p>Ihre Daten k\u00f6nnen auch an Dritte weitergegeben werden, jedoch nur innerhalb der zul\u00e4ssigen Grenzen (a) nach geltendem Recht, (b) um rechtlichen Verfahren nachzukommen, (c) um auf Anfragen von Regierungen und Beh\u00f6rden zu reagieren, auch wenn diese sich au\u00dferhalb Ihres Wohnsitzlandes befinden, (d) um die Einhaltung unserer Verkaufs- und Nutzungsbedingungen sicherzustellen, (e) um unsere Rechte und Interessen und die anderer Personen oder Benutzer der Website zu sch\u00fctzen.<\/p>\n<p>Ihre nicht personenbezogenen Daten, dh Daten, die Ihre Identifizierung nicht zulassen, werden m\u00f6glicherweise zu Statistik-, Marketing- oder Werbezwecken an Dritte weitergegeben. Artikel auf dieser Website k\u00f6nnen eingebettete Inhalte enthalten (z. B. Videos, Bilder, Artikel usw.). Von anderen Sites eingebettete Inhalte verhalten sich so, als ob der Besucher zu dieser anderen Site kommen w\u00fcrde. Diese Websites k\u00f6nnen Daten \u00fcber Sie sammeln, Cookies verwenden, Tracking-Tools von Drittanbietern einbetten und Ihre Interaktionen mit diesen eingebetteten Inhalten verfolgen, wenn Sie ein Konto haben, das mit ihrer Website verbunden ist.<\/p>\n<div class=\"fusion-privacy-element fusion-privacy-element-1\"><div class=\"fusion-privacy-form-intro\"><\/p>\n<p>Wir \u00fcberlassen Ihnen die Wahl, ob Sie den Inhalt dieser Anwendungen von Drittanbietern akzeptieren oder nicht. Sie m\u00fcssen lediglich die Kontrollk\u00e4stchen unten deaktivieren und es werden dann keine Daten von diesen Drittanbietern akzeptiert. Sie k\u00f6nnen Ihre Entscheidung jederzeit \u00fcberdenken, indem Sie die K\u00e4stchen unten aktivieren oder deaktivieren und auf die Schaltfl\u00e4che \u201eAktualisieren\u201c klicken.<\/p>\n<p>\n<\/div><form id=\"fusion-privacy-form-1\" method=\"post\" class=\"fusion-privacy-form fusion-privacy-form-floated\"><ul><li><label for=\"tracking\"><input name=\"consents[]\" type=\"checkbox\" value=\"tracking\" checked id=\"tracking\">Tracking Cookies<\/label><\/li><\/ul><input type=\"hidden\" name=\"_wp_http_referer\" value=\"\/de\/wp-json\/wp\/v2\/pages\/5791\" \/><input type=\"hidden\" name=\"privacyformid\" value=\"1\"><input type=\"hidden\" name=\"consents[]\" value=\"consent\"><input class=\"fusion-button fusion-button-default fusion-button-default-size\" type=\"submit\" value=\"Update\" ><input type=\"hidden\" id=\"fusion_privacy_nonce\" name=\"fusion_privacy_nonce\" value=\"bd72e2eb4c\" \/><input type=\"hidden\" name=\"_wp_http_referer\" value=\"\/de\/wp-json\/wp\/v2\/pages\/5791\" \/><\/form><\/div>\n<p><strong>5. Schutz von Informationen<\/strong><\/p>\n<p>Wir implementieren eine Vielzahl von Sicherheitsma\u00dfnahmen, um die Sicherheit Ihrer personenbezogenen Daten zu gew\u00e4hrleisten. Wir verwenden modernste Verschl\u00fcsselung, um vertrauliche Informationen zu sch\u00fctzen, die online \u00fcbertragen werden. Wir sch\u00fctzen Ihre Informationen auch offline. Nur Mitarbeiter, die eine bestimmte Aufgabe ausf\u00fchren m\u00fcssen (z. B. Rechnungsstellung oder Kundendienst), haben Zugriff auf personenbezogene Daten.<\/p>\n<p>Wir stellen sicher, dass jeder Dienstleister oder Subunternehmer, den wir im Zusammenhang mit der Erhebung und Verarbeitung der Daten, die Sie uns mitteilen, einsetzen kann, angemessene Garantien in Bezug auf Vertraulichkeit, Verwendung und Datenschutz bietet.<\/p>\n<p>Die Computer und Server, auf denen personenbezogene Daten gespeichert werden, werden in einer sicheren Umgebung aufbewahrt.<\/p>\n<p><strong>6. Recht auf Auskunft, Berichtigung und Widerspruch<\/strong><\/p>\n<p>Sie haben ein Recht auf Auskunft, Einschr\u00e4nkung, Berichtigung, L\u00f6schung und Widerspruch gegen die Nutzung Ihrer an die Website \u00fcbermittelten personenbezogenen Daten.<\/p>\n<p>Jede diesbez\u00fcgliche Anfrage muss per E-Mail an contact@cedre-et-charme.fr an den f\u00fcr die Verarbeitung Verantwortlichen der Website gerichtet werden<\/p>\n<p>Angesichts unserer Verpflichtung zur Sicherheit und Vertraulichkeit bei der Verarbeitung personenbezogener Daten muss jeder Anfrage eine Fotokopie oder ein Scan Ihres Ausweisdokuments (Personalausweis, Reisepass, F\u00fchrerschein) beiliegen.<\/p>\n<p>Wir werden Ihnen innerhalb von maximal einem Monat nach Eingang Ihrer Anfrage antworten.<\/p>\n<p>Um Sie bei Ihren Verfahren zu unterst\u00fctzen, hat die CNIL Musterbriefe entwickelt, mit denen Sie Folgendes anfordern k\u00f6nnen:<\/p>\n<p>\u2013 Zugriff auf personenbezogene Daten:<br \/>\nhttps:\/\/www.cnil.fr\/fr\/modele\/courrier\/exercer-son-droit-dacces<\/p>\n<p>\u2013 Berichtigung, Aktualisierung, Sperrung oder L\u00f6schung Ihrer personenbezogenen Daten:<br \/>\nhttps:\/\/www.cnil.fr\/fr\/modele\/courrier\/rectifier-des-donnees-inexactes-obsoletes-ou-perimees<\/p>\n<p>\u2013 Widerspruch gegen die Verarbeitung Ihrer personenbezogenen Daten aus einem legitimen Grund oder wenn Ihre Daten f\u00fcr kommerzielle Prospektionszwecke verwendet werden:<br \/>\nhttps:\/\/www.cnil.fr\/fr\/modele\/courrier\/supprimer-des-informations-vous-concernant-dun-site-internet<\/p>\n<p><strong>7. Cookie-Richtlinie<\/strong><br \/>\nWenn Sie sich mit der Website verbinden, kann C\u00e8dre et Charme mit der Implementierung eines Cookies auf der Festplatte Ihres Endger\u00e4ts fortfahren, um Ihnen eine reibungslose und optimale Navigation auf der Website zu gew\u00e4hrleisten. \u201eCookies\u201c (auch \u201eVerbindungscookies\u201c genannt) erm\u00f6glichen es uns, Ihren Computer, Ihr Tablet oder Ihr Mobiltelefon zu erkennen, um die Dienste, die wir Ihnen \u00fcber die Website anbieten, zu personalisieren.<\/p>\n<p>Um Sie zu informieren, wird unten auf Ihrem Bildschirm ein Banner angezeigt, wenn Sie sich mit der Website verbinden. Sie k\u00f6nnen das Ablegen von Cookies auf Ihrem Endger\u00e4t jederzeit ablehnen, indem Sie Ihren Internetbrowser konfigurieren. In einem solchen Fall k\u00f6nnen wir jedoch das optimale Funktionieren der Website nicht garantieren und k\u00f6nnen nicht f\u00fcr Folgen verantwortlich gemacht werden, die mit der \u00c4nderung Ihrer Navigationsbedingungen auf der Website verbunden sind, die sich aus Ihrer Entscheidung ergeben w\u00fcrden, die daf\u00fcr erforderlichen Cookies abzulehnen oder zu blockieren seine ordnungsgem\u00e4\u00dfe Funktion.<\/p>\n<p>Um Sie bei Ihren Einstellungen zu unterst\u00fctzen, hat die CNIL eine Seite entwickelt, die der Kontrolle von Cookies gewidmet ist und \u00fcber den folgenden Link aufgerufen werden kann: https:\/\/www.cnil.fr\/fr\/cookies-les-outils-pour-les -meistern.<\/p>\n<p>Die mithilfe von Cookies gesammelten Informationen erm\u00f6glichen in keiner Weise, Sie namentlich zu identifizieren, und sollen uns nur dabei helfen, die Leistung der Website zu verbessern.<\/p>\n<p>Gem\u00e4\u00df den Empfehlungen der CNIL unterliegen die f\u00fcr den Betrieb der Website unbedingt erforderlichen Cookies keiner vorherigen Verpflichtung Ihrerseits. Andererseits ist Ihre ausdr\u00fcckliche Zustimmung erforderlich, bevor Cookies von Dritten verwendet werden, die den Vertraulichkeitsrichtlinien der letzteren unterliegen, die auf deren Websites eingesehen werden k\u00f6nnen. Diese Cookies k\u00f6nnen Cookies zur Zielgruppenmessung, Werbe-Cookies oder Cookies zum Teilen in sozialen Netzwerken sein.<\/p>\n<p><strong>8. Abhilfen<\/strong><\/p>\n<p>Wenn Sie der Meinung sind, dass wir unsere Verpflichtungen in Bezug auf die Erhebung und Verarbeitung Ihrer personenbezogenen Daten nicht einhalten, k\u00f6nnen Sie eine Beschwerde per Post oder elektronisch \u00fcber den folgenden Link an die CNIL senden: https:\/\/www.cnil.fr\/fr \/beschwerden\/internet.<\/p>\n<p>\u2013 M\u00e4rz 2022 \u2013<\/p>\n<\/div><\/div><\/div><\/div><\/div>\n","protected":false},"excerpt":{"rendered":"","protected":false},"author":1,"featured_media":0,"parent":0,"menu_order":0,"comment_status":"closed","ping_status":"closed","template":"","meta":{"footnotes":""},"class_list":["post-5791","page","type-page","status-publish","hentry"],"yoast_head":"<!-- This site is optimized with the Yoast SEO plugin v27.4 - https:\/\/yoast.com\/product\/yoast-seo-wordpress\/ -->\n<title>Privatsph\u00e4re - Maison hotes Cedre et Charme<\/title>\n<meta name=\"robots\" content=\"index, follow, max-snippet:-1, max-image-preview:large, max-video-preview:-1\" \/>\n<link rel=\"canonical\" href=\"https:\/\/cedre-et-charme.fr\/de\/vertraulichkeit\/\" \/>\n<meta property=\"og:locale\" content=\"de_DE\" \/>\n<meta property=\"og:type\" content=\"article\" \/>\n<meta property=\"og:title\" content=\"Privatsph\u00e4re - Maison hotes Cedre et Charme\" \/>\n<meta property=\"og:url\" content=\"https:\/\/cedre-et-charme.fr\/de\/vertraulichkeit\/\" \/>\n<meta property=\"og:site_name\" content=\"Maison hotes Cedre et Charme\" \/>\n<meta property=\"article:publisher\" content=\"https:\/\/www.facebook.com\/cedre.et.charme\/\" \/>\n<meta property=\"article:modified_time\" content=\"2022-03-30T03:11:58+00:00\" \/>\n<script type=\"application\/ld+json\" class=\"yoast-schema-graph\">{\"@context\":\"https:\\\/\\\/schema.org\",\"@graph\":[{\"@type\":\"WebPage\",\"@id\":\"https:\\\/\\\/cedre-et-charme.fr\\\/de\\\/vertraulichkeit\\\/\",\"url\":\"https:\\\/\\\/cedre-et-charme.fr\\\/de\\\/vertraulichkeit\\\/\",\"name\":\"Privatsph\u00e4re - Maison hotes Cedre et Charme\",\"isPartOf\":{\"@id\":\"https:\\\/\\\/cedre-et-charme.fr\\\/de\\\/#website\"},\"datePublished\":\"2022-03-09T01:44:50+00:00\",\"dateModified\":\"2022-03-30T03:11:58+00:00\",\"breadcrumb\":{\"@id\":\"https:\\\/\\\/cedre-et-charme.fr\\\/de\\\/vertraulichkeit\\\/#breadcrumb\"},\"inLanguage\":\"de\",\"potentialAction\":[{\"@type\":\"ReadAction\",\"target\":[\"https:\\\/\\\/cedre-et-charme.fr\\\/de\\\/vertraulichkeit\\\/\"]}]},{\"@type\":\"BreadcrumbList\",\"@id\":\"https:\\\/\\\/cedre-et-charme.fr\\\/de\\\/vertraulichkeit\\\/#breadcrumb\",\"itemListElement\":[{\"@type\":\"ListItem\",\"position\":1,\"name\":\"Home\",\"item\":\"https:\\\/\\\/cedre-et-charme.fr\\\/de\\\/beispielseite\\\/\"},{\"@type\":\"ListItem\",\"position\":2,\"name\":\"Privatsph\u00e4re\"}]},{\"@type\":\"WebSite\",\"@id\":\"https:\\\/\\\/cedre-et-charme.fr\\\/de\\\/#website\",\"url\":\"https:\\\/\\\/cedre-et-charme.fr\\\/de\\\/\",\"name\":\"Maison hotes Cedre et Charme\",\"description\":\"Chambre d&#039;h\u00f4te en Touraine \\\/ Bed &amp; Breakfast in France Center and Loire Valley\",\"potentialAction\":[{\"@type\":\"SearchAction\",\"target\":{\"@type\":\"EntryPoint\",\"urlTemplate\":\"https:\\\/\\\/cedre-et-charme.fr\\\/de\\\/?s={search_term_string}\"},\"query-input\":{\"@type\":\"PropertyValueSpecification\",\"valueRequired\":true,\"valueName\":\"search_term_string\"}}],\"inLanguage\":\"de\"}]}<\/script>\n<!-- \/ Yoast SEO plugin. -->","yoast_head_json":{"title":"Privatsph\u00e4re - Maison hotes Cedre et Charme","robots":{"index":"index","follow":"follow","max-snippet":"max-snippet:-1","max-image-preview":"max-image-preview:large","max-video-preview":"max-video-preview:-1"},"canonical":"https:\/\/cedre-et-charme.fr\/de\/vertraulichkeit\/","og_locale":"de_DE","og_type":"article","og_title":"Privatsph\u00e4re - Maison hotes Cedre et Charme","og_url":"https:\/\/cedre-et-charme.fr\/de\/vertraulichkeit\/","og_site_name":"Maison hotes Cedre et Charme","article_publisher":"https:\/\/www.facebook.com\/cedre.et.charme\/","article_modified_time":"2022-03-30T03:11:58+00:00","schema":{"@context":"https:\/\/schema.org","@graph":[{"@type":"WebPage","@id":"https:\/\/cedre-et-charme.fr\/de\/vertraulichkeit\/","url":"https:\/\/cedre-et-charme.fr\/de\/vertraulichkeit\/","name":"Privatsph\u00e4re - Maison hotes Cedre et Charme","isPartOf":{"@id":"https:\/\/cedre-et-charme.fr\/de\/#website"},"datePublished":"2022-03-09T01:44:50+00:00","dateModified":"2022-03-30T03:11:58+00:00","breadcrumb":{"@id":"https:\/\/cedre-et-charme.fr\/de\/vertraulichkeit\/#breadcrumb"},"inLanguage":"de","potentialAction":[{"@type":"ReadAction","target":["https:\/\/cedre-et-charme.fr\/de\/vertraulichkeit\/"]}]},{"@type":"BreadcrumbList","@id":"https:\/\/cedre-et-charme.fr\/de\/vertraulichkeit\/#breadcrumb","itemListElement":[{"@type":"ListItem","position":1,"name":"Home","item":"https:\/\/cedre-et-charme.fr\/de\/beispielseite\/"},{"@type":"ListItem","position":2,"name":"Privatsph\u00e4re"}]},{"@type":"WebSite","@id":"https:\/\/cedre-et-charme.fr\/de\/#website","url":"https:\/\/cedre-et-charme.fr\/de\/","name":"Maison hotes Cedre et Charme","description":"Chambre d&#039;h\u00f4te en Touraine \/ Bed &amp; Breakfast in France Center and Loire Valley","potentialAction":[{"@type":"SearchAction","target":{"@type":"EntryPoint","urlTemplate":"https:\/\/cedre-et-charme.fr\/de\/?s={search_term_string}"},"query-input":{"@type":"PropertyValueSpecification","valueRequired":true,"valueName":"search_term_string"}}],"inLanguage":"de"}]}},"_links":{"self":[{"href":"https:\/\/cedre-et-charme.fr\/de\/wp-json\/wp\/v2\/pages\/5791","targetHints":{"allow":["GET"]}}],"collection":[{"href":"https:\/\/cedre-et-charme.fr\/de\/wp-json\/wp\/v2\/pages"}],"about":[{"href":"https:\/\/cedre-et-charme.fr\/de\/wp-json\/wp\/v2\/types\/page"}],"author":[{"embeddable":true,"href":"https:\/\/cedre-et-charme.fr\/de\/wp-json\/wp\/v2\/users\/1"}],"replies":[{"embeddable":true,"href":"https:\/\/cedre-et-charme.fr\/de\/wp-json\/wp\/v2\/comments?post=5791"}],"version-history":[{"count":2,"href":"https:\/\/cedre-et-charme.fr\/de\/wp-json\/wp\/v2\/pages\/5791\/revisions"}],"predecessor-version":[{"id":5797,"href":"https:\/\/cedre-et-charme.fr\/de\/wp-json\/wp\/v2\/pages\/5791\/revisions\/5797"}],"wp:attachment":[{"href":"https:\/\/cedre-et-charme.fr\/de\/wp-json\/wp\/v2\/media?parent=5791"}],"curies":[{"name":"wp","href":"https:\/\/api.w.org\/{rel}","templated":true}]}}