{"id":5724,"date":"2019-04-28T18:52:23","date_gmt":"2019-04-28T18:52:23","guid":{"rendered":"https:\/\/cedre-et-charme.fr\/ferienwohnungen\/"},"modified":"2022-04-04T18:24:15","modified_gmt":"2022-04-04T18:24:15","slug":"ferienwohnungen","status":"publish","type":"page","link":"https:\/\/cedre-et-charme.fr\/de\/ferienwohnungen\/","title":{"rendered":"H\u00fctten"},"content":{"rendered":"<div class=\"fusion-fullwidth fullwidth-box fusion-builder-row-1 fusion-flex-container nonhundred-percent-fullwidth non-hundred-percent-height-scrolling ctnr-simple \" style=\"--awb-border-radius-top-left:0px;--awb-border-radius-top-right:0px;--awb-border-radius-bottom-right:0px;--awb-border-radius-bottom-left:0px;--awb-flex-wrap:wrap;\" ><div class=\"fusion-builder-row fusion-row fusion-flex-align-items-center fusion-flex-justify-content-center fusion-flex-content-wrap\" style=\"max-width:1456px;margin-left: calc(-4% \/ 2 );margin-right: calc(-4% \/ 2 );\"><div class=\"fusion-layout-column fusion_builder_column fusion-builder-column-0 fusion_builder_column_1_1 1_1 fusion-flex-column\" style=\"--awb-bg-size:cover;--awb-width-large:100%;--awb-margin-top-large:0px;--awb-spacing-right-large:1.92%;--awb-margin-bottom-large:0px;--awb-spacing-left-large:1.92%;--awb-width-medium:100%;--awb-order-medium:0;--awb-spacing-right-medium:1.92%;--awb-spacing-left-medium:1.92%;--awb-width-small:100%;--awb-order-small:0;--awb-spacing-right-small:1.92%;--awb-spacing-left-small:1.92%;\"><div class=\"fusion-column-wrapper fusion-column-has-shadow fusion-flex-justify-content-flex-start fusion-content-layout-column\"><div class=\"fusion-title title fusion-title-1 fusion-sep-none fusion-title-center fusion-title-text fusion-title-size-one\" style=\"--awb-margin-top-small:0px;--awb-margin-right-small:0px;--awb-margin-bottom-small:20px;--awb-margin-left-small:0px;\"><h1 class=\"fusion-title-heading title-heading-center\" style=\"margin:0;\">C\u00e8dre et Charme &#8211; Zwei hervorragende Gruppenunterk\u00fcnfte<\/h1><\/div><\/div><\/div><div class=\"fusion-layout-column fusion_builder_column fusion-builder-column-1 fusion_builder_column_3_4 3_4 fusion-flex-column\" style=\"--awb-bg-size:cover;--awb-width-large:75%;--awb-margin-top-large:0px;--awb-spacing-right-large:2.56%;--awb-margin-bottom-large:0px;--awb-spacing-left-large:2.56%;--awb-width-medium:100%;--awb-order-medium:0;--awb-spacing-right-medium:1.92%;--awb-spacing-left-medium:1.92%;--awb-width-small:100%;--awb-order-small:0;--awb-spacing-right-small:1.92%;--awb-spacing-left-small:1.92%;\"><div class=\"fusion-column-wrapper fusion-column-has-shadow fusion-flex-justify-content-flex-start fusion-content-layout-column\"><div class=\"fusion-text fusion-text-1 col-inside\" style=\"--awb-text-transform:none;\"><p>C\u00e8dre et Charme bietet Ihnen eine seiner beiden hervorragenden Lodges, die jeweils als ger\u00e4umige und komfortable Unterkunft f\u00fcr Gruppen von 15 Personen konzipiert sind: 12 Erwachsene f\u00fcr C\u00e8dre et Charme und 14 Erwachsene f\u00fcr Les Oiseaux du C\u00e8dre.<\/p>\n<p>Entdecken Sie die 2018 renovierte <a href=\"http:\/\/www.cedre-et-charme.fr\/gite-les-oiseaux-du-cedre\/\">G\u00eete des Oiseaux du C\u00e8dre<\/a> in den Nebengeb\u00e4uden: <a href=\"https:\/\/cedre-et-charme.fr\/de\/gite-the-birds-of-cedar\/\">www.cedre-et-charme.fr\/gite-les-oiseaus-du-cedre\/<\/a><\/p>\n<\/div><div class=\"fusion-image-element \" style=\"text-align:center;--awb-caption-title-font-family:var(--h2_typography-font-family);--awb-caption-title-font-weight:var(--h2_typography-font-weight);--awb-caption-title-font-style:var(--h2_typography-font-style);--awb-caption-title-size:var(--h2_typography-font-size);--awb-caption-title-transform:var(--h2_typography-text-transform);--awb-caption-title-line-height:var(--h2_typography-line-height);--awb-caption-title-letter-spacing:var(--h2_typography-letter-spacing);\"><span class=\" fusion-imageframe imageframe-none imageframe-1 hover-type-none\"><a href=\"https:\/\/cedre-et-charme.fr\/wp-content\/uploads\/2022\/03\/Vue-de-dehors-Terrasse-salon-768x576-1.jpg\" class=\"fusion-lightbox\" data-rel=\"iLightbox[d9fa3adb5a002a1e314]\" data-caption=\"Les Oiseaux du C\u00e8dre - Terrasse devant le salon\" data-title=\"Vue-de-dehors-Terrasse-salon-768&#215;576\" title=\"Vue-de-dehors-Terrasse-salon-768&#215;576\"><img decoding=\"async\" width=\"768\" height=\"576\" alt=\"Les Oiseaux du C\u00e8dre - Terrasse devant le salon\" src=\"https:\/\/cedre-et-charme.fr\/wp-content\/uploads\/2022\/03\/Vue-de-dehors-Terrasse-salon-768x576-1.jpg\" class=\"img-responsive wp-image-5476\" srcset=\"https:\/\/cedre-et-charme.fr\/wp-content\/uploads\/2022\/03\/Vue-de-dehors-Terrasse-salon-768x576-1-200x150.jpg 200w, https:\/\/cedre-et-charme.fr\/wp-content\/uploads\/2022\/03\/Vue-de-dehors-Terrasse-salon-768x576-1-400x300.jpg 400w, https:\/\/cedre-et-charme.fr\/wp-content\/uploads\/2022\/03\/Vue-de-dehors-Terrasse-salon-768x576-1-600x450.jpg 600w, https:\/\/cedre-et-charme.fr\/wp-content\/uploads\/2022\/03\/Vue-de-dehors-Terrasse-salon-768x576-1.jpg 768w\" sizes=\"(max-width: 1024px) 100vw, (max-width: 640px) 100vw, 768px\" \/><\/a><\/span><\/div><div class=\"fusion-text fusion-text-2 legende\" style=\"--awb-text-transform:none;\"><p>G\u00eete les Oiseaux du C\u00e8dre Blick von der Terrasse<\/p>\n<\/div><div class=\"fusion-text fusion-text-3\" style=\"--awb-text-transform:none;\"><p>Oder die <a href=\"https:\/\/cedre-et-charme.fr\/de\/cottage-zeder-und-charme\/\">G\u00eete C\u00e8dre et Charme, unabh\u00e4ngiges Halbhaus<\/a> im Haupthaus: <a href=\"https:\/\/cedre-et-charme.fr\/de\/cottage-zeder-und-charme\/\">https:\/\/cedre-et-charme.fr\/gite-cedre-et-charme\/<\/a><\/p>\n<\/div><div class=\"fusion-image-element \" style=\"--awb-caption-title-font-family:var(--h2_typography-font-family);--awb-caption-title-font-weight:var(--h2_typography-font-weight);--awb-caption-title-font-style:var(--h2_typography-font-style);--awb-caption-title-size:var(--h2_typography-font-size);--awb-caption-title-transform:var(--h2_typography-text-transform);--awb-caption-title-line-height:var(--h2_typography-line-height);--awb-caption-title-letter-spacing:var(--h2_typography-letter-spacing);\"><span class=\" fusion-imageframe imageframe-none imageframe-2 hover-type-none\"><a href=\"https:\/\/cedre-et-charme.fr\/wp-content\/uploads\/2019\/04\/Maison-C\u00e8dre-et-Charme-vue-du-parc.jpg\" class=\"fusion-lightbox\" data-rel=\"iLightbox[9cd2172a8c8f9a3fa4f]\" data-caption=\"Maison et jardin\" data-title=\"Maison C\u00e8dre et Charme vue du parc\" title=\"Maison C\u00e8dre et Charme vue du parc\"><img decoding=\"async\" width=\"2337\" height=\"1402\" alt=\"Maison et jardin\" src=\"https:\/\/cedre-et-charme.fr\/wp-content\/uploads\/2019\/04\/Maison-C\u00e8dre-et-Charme-vue-du-parc.jpg\" class=\"img-responsive wp-image-5266\" srcset=\"https:\/\/cedre-et-charme.fr\/wp-content\/uploads\/2019\/04\/Maison-C\u00e8dre-et-Charme-vue-du-parc-100x60.jpg 100w, https:\/\/cedre-et-charme.fr\/wp-content\/uploads\/2019\/04\/Maison-C\u00e8dre-et-Charme-vue-du-parc-300x180.jpg 300w, https:\/\/cedre-et-charme.fr\/wp-content\/uploads\/2019\/04\/Maison-C\u00e8dre-et-Charme-vue-du-parc-768x461.jpg 768w, https:\/\/cedre-et-charme.fr\/wp-content\/uploads\/2019\/04\/Maison-C\u00e8dre-et-Charme-vue-du-parc-1024x614.jpg 1024w, https:\/\/cedre-et-charme.fr\/wp-content\/uploads\/2019\/04\/Maison-C\u00e8dre-et-Charme-vue-du-parc.jpg 2337w\" sizes=\"(max-width: 2337px) 100vw, 2337px\" \/><\/a><\/span><\/div><div class=\"fusion-text fusion-text-4 legende\" style=\"--awb-text-transform:none;\"><p>Cedar House und Charm Blick auf den Park<\/p>\n<\/div><div class=\"fusion-text fusion-text-5 col-inside\" style=\"--awb-text-transform:none;\"><p>Kontaktieren Sie uns (E-Mail, Telefon, <a href=\"https:\/\/cedre-et-charme.fr\/de\/kontakt\/\">Kontaktformular<\/a> ), um eine unserer Unterk\u00fcnfte zu buchen: Wir best\u00e4tigen die Verf\u00fcgbarkeit und die Mietpreise (ab 2 N\u00e4chten). Wenn dies zu Ihnen passt, senden wir Ihnen den entsprechenden Mietvertrag zu. Wir bitten bei der Reservierung mit unterschriebenem Vertrag um eine Anzahlung von 25% des Mietpreises. Der Restbetrag wird einen Monat vor Ihrer Ankunft angefordert.<\/p>\n<\/div><\/div><\/div><\/div><\/div>\n","protected":false},"excerpt":{"rendered":"","protected":false},"author":3,"featured_media":0,"parent":0,"menu_order":0,"comment_status":"closed","ping_status":"closed","template":"100-width.php","meta":{"footnotes":""},"class_list":["post-5724","page","type-page","status-publish","hentry"],"yoast_head":"<!-- This site is optimized with the Yoast SEO plugin v27.3 - https:\/\/yoast.com\/product\/yoast-seo-wordpress\/ -->\n<title>Zwei hervorragende Gruppenunterk\u00fcnfte im Herzen der Touraine<\/title>\n<meta name=\"robots\" content=\"index, follow, max-snippet:-1, max-image-preview:large, max-video-preview:-1\" \/>\n<link rel=\"canonical\" href=\"https:\/\/cedre-et-charme.fr\/de\/ferienwohnungen\/\" \/>\n<meta property=\"og:locale\" content=\"de_DE\" \/>\n<meta property=\"og:type\" content=\"article\" \/>\n<meta property=\"og:title\" content=\"Zwei hervorragende Gruppenunterk\u00fcnfte im Herzen der Touraine\" \/>\n<meta property=\"og:url\" content=\"https:\/\/cedre-et-charme.fr\/de\/ferienwohnungen\/\" \/>\n<meta property=\"og:site_name\" content=\"Maison hotes Cedre et Charme\" \/>\n<meta property=\"article:publisher\" content=\"https:\/\/www.facebook.com\/cedre.et.charme\/\" \/>\n<meta property=\"article:modified_time\" content=\"2022-04-04T18:24:15+00:00\" \/>\n<script type=\"application\/ld+json\" class=\"yoast-schema-graph\">{\"@context\":\"https:\\\/\\\/schema.org\",\"@graph\":[{\"@type\":\"WebPage\",\"@id\":\"https:\\\/\\\/cedre-et-charme.fr\\\/de\\\/ferienwohnungen\\\/\",\"url\":\"https:\\\/\\\/cedre-et-charme.fr\\\/de\\\/ferienwohnungen\\\/\",\"name\":\"Zwei hervorragende Gruppenunterk\u00fcnfte im Herzen der Touraine\",\"isPartOf\":{\"@id\":\"https:\\\/\\\/cedre-et-charme.fr\\\/de\\\/#website\"},\"datePublished\":\"2019-04-28T18:52:23+00:00\",\"dateModified\":\"2022-04-04T18:24:15+00:00\",\"breadcrumb\":{\"@id\":\"https:\\\/\\\/cedre-et-charme.fr\\\/de\\\/ferienwohnungen\\\/#breadcrumb\"},\"inLanguage\":\"de\",\"potentialAction\":[{\"@type\":\"ReadAction\",\"target\":[\"https:\\\/\\\/cedre-et-charme.fr\\\/de\\\/ferienwohnungen\\\/\"]}]},{\"@type\":\"BreadcrumbList\",\"@id\":\"https:\\\/\\\/cedre-et-charme.fr\\\/de\\\/ferienwohnungen\\\/#breadcrumb\",\"itemListElement\":[{\"@type\":\"ListItem\",\"position\":1,\"name\":\"Home\",\"item\":\"https:\\\/\\\/cedre-et-charme.fr\\\/de\\\/beispielseite\\\/\"},{\"@type\":\"ListItem\",\"position\":2,\"name\":\"H\u00fctten\"}]},{\"@type\":\"WebSite\",\"@id\":\"https:\\\/\\\/cedre-et-charme.fr\\\/de\\\/#website\",\"url\":\"https:\\\/\\\/cedre-et-charme.fr\\\/de\\\/\",\"name\":\"Maison hotes Cedre et Charme\",\"description\":\"Chambre d&#039;h\u00f4te en Touraine \\\/ Bed &amp; Breakfast in France Center and Loire Valley\",\"potentialAction\":[{\"@type\":\"SearchAction\",\"target\":{\"@type\":\"EntryPoint\",\"urlTemplate\":\"https:\\\/\\\/cedre-et-charme.fr\\\/de\\\/?s={search_term_string}\"},\"query-input\":{\"@type\":\"PropertyValueSpecification\",\"valueRequired\":true,\"valueName\":\"search_term_string\"}}],\"inLanguage\":\"de\"}]}<\/script>\n<!-- \/ Yoast SEO plugin. -->","yoast_head_json":{"title":"Zwei hervorragende Gruppenunterk\u00fcnfte im Herzen der Touraine","robots":{"index":"index","follow":"follow","max-snippet":"max-snippet:-1","max-image-preview":"max-image-preview:large","max-video-preview":"max-video-preview:-1"},"canonical":"https:\/\/cedre-et-charme.fr\/de\/ferienwohnungen\/","og_locale":"de_DE","og_type":"article","og_title":"Zwei hervorragende Gruppenunterk\u00fcnfte im Herzen der Touraine","og_url":"https:\/\/cedre-et-charme.fr\/de\/ferienwohnungen\/","og_site_name":"Maison hotes Cedre et Charme","article_publisher":"https:\/\/www.facebook.com\/cedre.et.charme\/","article_modified_time":"2022-04-04T18:24:15+00:00","schema":{"@context":"https:\/\/schema.org","@graph":[{"@type":"WebPage","@id":"https:\/\/cedre-et-charme.fr\/de\/ferienwohnungen\/","url":"https:\/\/cedre-et-charme.fr\/de\/ferienwohnungen\/","name":"Zwei hervorragende Gruppenunterk\u00fcnfte im Herzen der Touraine","isPartOf":{"@id":"https:\/\/cedre-et-charme.fr\/de\/#website"},"datePublished":"2019-04-28T18:52:23+00:00","dateModified":"2022-04-04T18:24:15+00:00","breadcrumb":{"@id":"https:\/\/cedre-et-charme.fr\/de\/ferienwohnungen\/#breadcrumb"},"inLanguage":"de","potentialAction":[{"@type":"ReadAction","target":["https:\/\/cedre-et-charme.fr\/de\/ferienwohnungen\/"]}]},{"@type":"BreadcrumbList","@id":"https:\/\/cedre-et-charme.fr\/de\/ferienwohnungen\/#breadcrumb","itemListElement":[{"@type":"ListItem","position":1,"name":"Home","item":"https:\/\/cedre-et-charme.fr\/de\/beispielseite\/"},{"@type":"ListItem","position":2,"name":"H\u00fctten"}]},{"@type":"WebSite","@id":"https:\/\/cedre-et-charme.fr\/de\/#website","url":"https:\/\/cedre-et-charme.fr\/de\/","name":"Maison hotes Cedre et Charme","description":"Chambre d&#039;h\u00f4te en Touraine \/ Bed &amp; Breakfast in France Center and Loire Valley","potentialAction":[{"@type":"SearchAction","target":{"@type":"EntryPoint","urlTemplate":"https:\/\/cedre-et-charme.fr\/de\/?s={search_term_string}"},"query-input":{"@type":"PropertyValueSpecification","valueRequired":true,"valueName":"search_term_string"}}],"inLanguage":"de"}]}},"_links":{"self":[{"href":"https:\/\/cedre-et-charme.fr\/de\/wp-json\/wp\/v2\/pages\/5724","targetHints":{"allow":["GET"]}}],"collection":[{"href":"https:\/\/cedre-et-charme.fr\/de\/wp-json\/wp\/v2\/pages"}],"about":[{"href":"https:\/\/cedre-et-charme.fr\/de\/wp-json\/wp\/v2\/types\/page"}],"author":[{"embeddable":true,"href":"https:\/\/cedre-et-charme.fr\/de\/wp-json\/wp\/v2\/users\/3"}],"replies":[{"embeddable":true,"href":"https:\/\/cedre-et-charme.fr\/de\/wp-json\/wp\/v2\/comments?post=5724"}],"version-history":[{"count":5,"href":"https:\/\/cedre-et-charme.fr\/de\/wp-json\/wp\/v2\/pages\/5724\/revisions"}],"predecessor-version":[{"id":7023,"href":"https:\/\/cedre-et-charme.fr\/de\/wp-json\/wp\/v2\/pages\/5724\/revisions\/7023"}],"wp:attachment":[{"href":"https:\/\/cedre-et-charme.fr\/de\/wp-json\/wp\/v2\/media?parent=5724"}],"curies":[{"name":"wp","href":"https:\/\/api.w.org\/{rel}","templated":true}]}}