{"id":5710,"date":"2019-01-18T07:54:33","date_gmt":"2019-01-18T07:54:33","guid":{"rendered":"https:\/\/cedre-et-charme.fr\/umwelt-go-green-mit-zeder-und-charme\/"},"modified":"2022-04-04T18:08:36","modified_gmt":"2022-04-04T18:08:36","slug":"umwelt-go-green-mit-zeder-und-charme","status":"publish","type":"page","link":"https:\/\/cedre-et-charme.fr\/de\/umwelt-go-green-mit-zeder-und-charme\/","title":{"rendered":"Umwelt: Gehen Sie gr\u00fcn mit C\u00e8dre et Charme!"},"content":{"rendered":"<div class=\"fusion-fullwidth fullwidth-box fusion-builder-row-1 fusion-flex-container nonhundred-percent-fullwidth non-hundred-percent-height-scrolling ctnr-simple \" style=\"--awb-border-radius-top-left:0px;--awb-border-radius-top-right:0px;--awb-border-radius-bottom-right:0px;--awb-border-radius-bottom-left:0px;--awb-flex-wrap:wrap;\" ><div class=\"fusion-builder-row fusion-row fusion-flex-align-items-center fusion-flex-justify-content-center fusion-flex-content-wrap\" style=\"max-width:1456px;margin-left: calc(-4% \/ 2 );margin-right: calc(-4% \/ 2 );\"><div class=\"fusion-layout-column fusion_builder_column fusion-builder-column-0 fusion_builder_column_1_1 1_1 fusion-flex-column\" style=\"--awb-bg-size:cover;--awb-width-large:100%;--awb-margin-top-large:0px;--awb-spacing-right-large:1.92%;--awb-margin-bottom-large:0px;--awb-spacing-left-large:1.92%;--awb-width-medium:100%;--awb-order-medium:0;--awb-spacing-right-medium:1.92%;--awb-spacing-left-medium:1.92%;--awb-width-small:100%;--awb-order-small:0;--awb-spacing-right-small:1.92%;--awb-spacing-left-small:1.92%;\"><div class=\"fusion-column-wrapper fusion-column-has-shadow fusion-flex-justify-content-flex-start fusion-content-layout-column\"><div class=\"fusion-title title fusion-title-1 fusion-sep-none fusion-title-center fusion-title-text fusion-title-size-one\" style=\"--awb-margin-top-small:0px;--awb-margin-right-small:0px;--awb-margin-bottom-small:20px;--awb-margin-left-small:0px;\"><h1 class=\"fusion-title-heading title-heading-center\" style=\"margin:0;\">Umwelt: Gehen Sie gr\u00fcn mit C\u00e8dre et Charme!<\/h1><\/div><\/div><\/div><div class=\"fusion-layout-column fusion_builder_column fusion-builder-column-1 fusion_builder_column_3_4 3_4 fusion-flex-column\" style=\"--awb-bg-size:cover;--awb-width-large:75%;--awb-margin-top-large:0px;--awb-spacing-right-large:2.56%;--awb-margin-bottom-large:0px;--awb-spacing-left-large:2.56%;--awb-width-medium:100%;--awb-order-medium:0;--awb-spacing-right-medium:1.92%;--awb-spacing-left-medium:1.92%;--awb-width-small:100%;--awb-order-small:0;--awb-spacing-right-small:1.92%;--awb-spacing-left-small:1.92%;\"><div class=\"fusion-column-wrapper fusion-column-has-shadow fusion-flex-justify-content-flex-start fusion-content-layout-column\"><div class=\"fusion-image-element \" style=\"text-align:center;--awb-caption-title-font-family:var(--h2_typography-font-family);--awb-caption-title-font-weight:var(--h2_typography-font-weight);--awb-caption-title-font-style:var(--h2_typography-font-style);--awb-caption-title-size:var(--h2_typography-font-size);--awb-caption-title-transform:var(--h2_typography-text-transform);--awb-caption-title-line-height:var(--h2_typography-line-height);--awb-caption-title-letter-spacing:var(--h2_typography-letter-spacing);\"><span class=\" fusion-imageframe imageframe-none imageframe-1 hover-type-none\"><img decoding=\"async\" width=\"1024\" height=\"768\" alt=\"Cerises griotte\" title=\"C\u00e8dre et Charme &#8211; Cerises et Griottes du jardin-200ko\" src=\"https:\/\/cedre-et-charme.fr\/wp-content\/uploads\/2017\/11\/C\u00e8dre-et-Charme-Cerises-et-Griottes-du-jardin-200ko.jpg\" class=\"img-responsive wp-image-5140\" srcset=\"https:\/\/cedre-et-charme.fr\/wp-content\/uploads\/2017\/11\/C\u00e8dre-et-Charme-Cerises-et-Griottes-du-jardin-200ko-100x75.jpg 100w, https:\/\/cedre-et-charme.fr\/wp-content\/uploads\/2017\/11\/C\u00e8dre-et-Charme-Cerises-et-Griottes-du-jardin-200ko-300x225.jpg 300w, https:\/\/cedre-et-charme.fr\/wp-content\/uploads\/2017\/11\/C\u00e8dre-et-Charme-Cerises-et-Griottes-du-jardin-200ko-768x576.jpg 768w, https:\/\/cedre-et-charme.fr\/wp-content\/uploads\/2017\/11\/C\u00e8dre-et-Charme-Cerises-et-Griottes-du-jardin-200ko.jpg 1024w\" sizes=\"(max-width: 1024px) 100vw, 1024px\" \/><\/span><\/div><div class=\"fusion-text fusion-text-1 legende\" style=\"--awb-text-transform:none;\"><p>G\u00e4stehaus C\u00e8dre et Charme \u2013 Parkkirschbaum mit vielen Fr\u00fcchten<\/p>\n<\/div><div class=\"fusion-text fusion-text-2 col-inside\" style=\"--awb-text-transform:none;\"><p>Wir alle sind uns der Auswirkungen unseres t\u00e4glichen Handelns und unserer Aktivit\u00e4ten auf unsere <strong>Umwelt<\/strong> zunehmend bewusst und sensibel. Und das ist gro\u00dfartig!<\/p>\n<p>C\u00e8dre et Charme hat auch dieses Anliegen, seinen \u00f6kologischen Fu\u00dfabdruck so weit wie m\u00f6glich zu begrenzen und unsere privilegierte Umwelt in der Touraine zu respektieren.<\/p>\n<p>Hier sind unsere Ma\u00dfnahmen in diese Richtung:<\/p>\n<p><strong>Energie<\/strong><\/p>\n<ul>\n<li><strong>Isolierungsarbeiten<\/strong> des Hauses: Synchronw\u00e4nde und Dach, Doppelverglasung f\u00fcr die Rahmen.<\/li>\n<li><strong>Heizung<\/strong> : Austausch des alten Heizkessels durch einen Gas-Brennwertkessel; Einbau von 2 Pellet\u00f6fen und einem Einsatz zur Beheizung der Wohnr\u00e4ume im Erdgeschoss mit Holz. Installation von W\u00e4rmepumpen zur Beheizung der beiden Schwimmb\u00e4der und ihrer R\u00e4ume.<\/li>\n<li><strong>Strom<\/strong> : Ersatz von Gl\u00fchbirnen durch Gl\u00fchbirnen mit niedrigem Verbrauch. Nutzung von Randzeiten. Bereitstellung einer Steckdose unter dem \u00fcberdachten Parkplatz f\u00fcr Elektrofahrzeuge.<\/li>\n<\/ul>\n<p><strong>Instandhaltung<\/strong><\/p>\n<ul>\n<li>Reinigung von Bettw\u00e4sche und Handt\u00fcchern: Nutzung des Know-hows von Elis und seiner Bio&#8217;fair-Kollektion, die Baumwollprodukte aus fairem Handel und <strong>Bio-Reinigungsmittel verwendet<\/strong> . <a href=\"https:\/\/fr.elis.com\/fr\/gamme\/collection-bios-fair\">(https:\/\/fr.elis.com\/fr\/gamme\/collection-bios-fair<\/a> ).<\/li>\n<li>Zimmer- und Badezimmerreinigung: Auswahl und Verwendung von <strong>Bio-Produkten<\/strong> von Hakawerk, ausschlie\u00dflich aus Pflanzen.<\/li>\n<li>Tables d&#8217;h\u00f4tes: Wir bevorzugen <strong>lokale Qualit\u00e4tsprodukte<\/strong> (Gem\u00fcse, Fleisch, K\u00e4se, Weine usw.). Alle unsere Marmeladen sind hausgemachte Marmeladen und ein guter Teil mit Fr\u00fcchten aus dem Garten (Mirabelle, Reine-Claude, Stachelbeere, Birne, Quittengelee)<\/li>\n<li><strong>Kompostierung<\/strong> all unserer organischen Abf\u00e4lle zur Herstellung von Blumenerde.<\/li>\n<li>Kein Einsatz von Pestiziden oder Herbiziden: <strong>respektvolle Pflege des Gartens<\/strong> , von Hand oder mit den entsprechenden Werkzeugen. Gezielte mechanische oder biologische Vernichtung von invasiven Insekten wie Asiatische Hornissen, Kiefernprozessionsspinner oder Buchsbaumwickler.<\/li>\n<\/ul>\n<p><strong>Fauna und Flora<\/strong><\/p>\n<ul>\n<li>Am unteren Ende des Parks sind zwei Bienenst\u00f6cke installiert: <strong>Bienen<\/strong> sind sehr n\u00fctzlich f\u00fcr die Best\u00e4ubung von Pflanzen und ein ausgezeichnetes Barometer f\u00fcr die Gesundheit unserer Umwelt. Und zu unserer gr\u00f6\u00dften Freude produzieren sie Honig!<\/li>\n<li>C\u00e8dre et Charme ist auch ein <strong>Zufluchtsort f\u00fcr V\u00f6gel<\/strong> , in Partnerschaft mit LPO ( <a href=\"http:\/\/www.lpotouraine.fr\/\">http:\/\/www.lpotouraine.fr\/<\/a> ).<\/li>\n<\/ul>\n<\/div><div class=\"fusion-image-element \" style=\"text-align:center;--awb-caption-title-font-family:var(--h2_typography-font-family);--awb-caption-title-font-weight:var(--h2_typography-font-weight);--awb-caption-title-font-style:var(--h2_typography-font-style);--awb-caption-title-size:var(--h2_typography-font-size);--awb-caption-title-transform:var(--h2_typography-text-transform);--awb-caption-title-line-height:var(--h2_typography-line-height);--awb-caption-title-letter-spacing:var(--h2_typography-letter-spacing);\"><span class=\" fusion-imageframe imageframe-none imageframe-2 hover-type-none\"><a href=\"https:\/\/cedre-et-charme.fr\/wp-content\/uploads\/2017\/11\/C\u00e8dre-et-Charme-bouquets-de-roses-200ko.jpg\" class=\"fusion-lightbox\" data-rel=\"iLightbox[a9f38342b9991ecf7e3]\" data-caption=\"Parc et son kiosque\" data-title=\"C\u00e8dre et Charme -bouquets de roses-200ko\" title=\"C\u00e8dre et Charme -bouquets de roses-200ko\"><img decoding=\"async\" width=\"1024\" height=\"768\" src=\"https:\/\/cedre-et-charme.fr\/wp-content\/uploads\/2017\/11\/C\u00e8dre-et-Charme-bouquets-de-roses-200ko.jpg\" alt class=\"img-responsive wp-image-5142\" srcset=\"https:\/\/cedre-et-charme.fr\/wp-content\/uploads\/2017\/11\/C\u00e8dre-et-Charme-bouquets-de-roses-200ko-100x75.jpg 100w, https:\/\/cedre-et-charme.fr\/wp-content\/uploads\/2017\/11\/C\u00e8dre-et-Charme-bouquets-de-roses-200ko-300x225.jpg 300w, https:\/\/cedre-et-charme.fr\/wp-content\/uploads\/2017\/11\/C\u00e8dre-et-Charme-bouquets-de-roses-200ko-768x576.jpg 768w, https:\/\/cedre-et-charme.fr\/wp-content\/uploads\/2017\/11\/C\u00e8dre-et-Charme-bouquets-de-roses-200ko.jpg 1024w\" sizes=\"(max-width: 1024px) 100vw, 1024px\" \/><\/a><\/span><\/div><div class=\"fusion-text fusion-text-3 legende\" style=\"--awb-text-transform:none;\"><p>G\u00e4stehaus C\u00e8dre et Charme \u2013 Die Rosen im Park und der Kiosk<\/p>\n<\/div><\/div><\/div><\/div><\/div>\n","protected":false},"excerpt":{"rendered":"","protected":false},"author":3,"featured_media":0,"parent":0,"menu_order":0,"comment_status":"closed","ping_status":"closed","template":"100-width.php","meta":{"footnotes":""},"class_list":["post-5710","page","type-page","status-publish","hentry"],"yoast_head":"<!-- This site is optimized with the Yoast SEO plugin v27.3 - https:\/\/yoast.com\/product\/yoast-seo-wordpress\/ -->\n<title>Umwelt: Gehen Sie gr\u00fcn mit C\u00e8dre et Charme! - Maison hotes Cedre et Charme<\/title>\n<meta name=\"description\" content=\"In der Touraine ist die Natur am Treffpunkt: Fl\u00fcsse, Teiche, W\u00e4lder .. C\u00e8dre et Charme versetzt Sie in diese wundersch\u00f6ne, privilegierte Umgebung ins Gr\u00fcne.\" \/>\n<meta name=\"robots\" content=\"index, follow, max-snippet:-1, max-image-preview:large, max-video-preview:-1\" \/>\n<link rel=\"canonical\" href=\"https:\/\/cedre-et-charme.fr\/de\/umwelt-go-green-mit-zeder-und-charme\/\" \/>\n<meta property=\"og:locale\" content=\"de_DE\" \/>\n<meta property=\"og:type\" content=\"article\" \/>\n<meta property=\"og:title\" content=\"Umwelt: Gehen Sie gr\u00fcn mit C\u00e8dre et Charme! - Maison hotes Cedre et Charme\" \/>\n<meta property=\"og:description\" content=\"In der Touraine ist die Natur am Treffpunkt: Fl\u00fcsse, Teiche, W\u00e4lder .. C\u00e8dre et Charme versetzt Sie in diese wundersch\u00f6ne, privilegierte Umgebung ins Gr\u00fcne.\" \/>\n<meta property=\"og:url\" content=\"https:\/\/cedre-et-charme.fr\/de\/umwelt-go-green-mit-zeder-und-charme\/\" \/>\n<meta property=\"og:site_name\" content=\"Maison hotes Cedre et Charme\" \/>\n<meta property=\"article:publisher\" content=\"https:\/\/www.facebook.com\/cedre.et.charme\/\" \/>\n<meta property=\"article:modified_time\" content=\"2022-04-04T18:08:36+00:00\" \/>\n<script type=\"application\/ld+json\" class=\"yoast-schema-graph\">{\"@context\":\"https:\\\/\\\/schema.org\",\"@graph\":[{\"@type\":\"WebPage\",\"@id\":\"https:\\\/\\\/cedre-et-charme.fr\\\/de\\\/umwelt-go-green-mit-zeder-und-charme\\\/\",\"url\":\"https:\\\/\\\/cedre-et-charme.fr\\\/de\\\/umwelt-go-green-mit-zeder-und-charme\\\/\",\"name\":\"Umwelt: Gehen Sie gr\u00fcn mit C\u00e8dre et Charme! - Maison hotes Cedre et Charme\",\"isPartOf\":{\"@id\":\"https:\\\/\\\/cedre-et-charme.fr\\\/de\\\/#website\"},\"datePublished\":\"2019-01-18T07:54:33+00:00\",\"dateModified\":\"2022-04-04T18:08:36+00:00\",\"description\":\"In der Touraine ist die Natur am Treffpunkt: Fl\u00fcsse, Teiche, W\u00e4lder .. C\u00e8dre et Charme versetzt Sie in diese wundersch\u00f6ne, privilegierte Umgebung ins Gr\u00fcne.\",\"breadcrumb\":{\"@id\":\"https:\\\/\\\/cedre-et-charme.fr\\\/de\\\/umwelt-go-green-mit-zeder-und-charme\\\/#breadcrumb\"},\"inLanguage\":\"de\",\"potentialAction\":[{\"@type\":\"ReadAction\",\"target\":[\"https:\\\/\\\/cedre-et-charme.fr\\\/de\\\/umwelt-go-green-mit-zeder-und-charme\\\/\"]}]},{\"@type\":\"BreadcrumbList\",\"@id\":\"https:\\\/\\\/cedre-et-charme.fr\\\/de\\\/umwelt-go-green-mit-zeder-und-charme\\\/#breadcrumb\",\"itemListElement\":[{\"@type\":\"ListItem\",\"position\":1,\"name\":\"Home\",\"item\":\"https:\\\/\\\/cedre-et-charme.fr\\\/de\\\/beispielseite\\\/\"},{\"@type\":\"ListItem\",\"position\":2,\"name\":\"Umwelt: Gehen Sie gr\u00fcn mit C\u00e8dre et Charme!\"}]},{\"@type\":\"WebSite\",\"@id\":\"https:\\\/\\\/cedre-et-charme.fr\\\/de\\\/#website\",\"url\":\"https:\\\/\\\/cedre-et-charme.fr\\\/de\\\/\",\"name\":\"Maison hotes Cedre et Charme\",\"description\":\"Chambre d&#039;h\u00f4te en Touraine \\\/ Bed &amp; Breakfast in France Center and Loire Valley\",\"potentialAction\":[{\"@type\":\"SearchAction\",\"target\":{\"@type\":\"EntryPoint\",\"urlTemplate\":\"https:\\\/\\\/cedre-et-charme.fr\\\/de\\\/?s={search_term_string}\"},\"query-input\":{\"@type\":\"PropertyValueSpecification\",\"valueRequired\":true,\"valueName\":\"search_term_string\"}}],\"inLanguage\":\"de\"}]}<\/script>\n<!-- \/ Yoast SEO plugin. -->","yoast_head_json":{"title":"Umwelt: Gehen Sie gr\u00fcn mit C\u00e8dre et Charme! - Maison hotes Cedre et Charme","description":"In der Touraine ist die Natur am Treffpunkt: Fl\u00fcsse, Teiche, W\u00e4lder .. C\u00e8dre et Charme versetzt Sie in diese wundersch\u00f6ne, privilegierte Umgebung ins Gr\u00fcne.","robots":{"index":"index","follow":"follow","max-snippet":"max-snippet:-1","max-image-preview":"max-image-preview:large","max-video-preview":"max-video-preview:-1"},"canonical":"https:\/\/cedre-et-charme.fr\/de\/umwelt-go-green-mit-zeder-und-charme\/","og_locale":"de_DE","og_type":"article","og_title":"Umwelt: Gehen Sie gr\u00fcn mit C\u00e8dre et Charme! - Maison hotes Cedre et Charme","og_description":"In der Touraine ist die Natur am Treffpunkt: Fl\u00fcsse, Teiche, W\u00e4lder .. C\u00e8dre et Charme versetzt Sie in diese wundersch\u00f6ne, privilegierte Umgebung ins Gr\u00fcne.","og_url":"https:\/\/cedre-et-charme.fr\/de\/umwelt-go-green-mit-zeder-und-charme\/","og_site_name":"Maison hotes Cedre et Charme","article_publisher":"https:\/\/www.facebook.com\/cedre.et.charme\/","article_modified_time":"2022-04-04T18:08:36+00:00","schema":{"@context":"https:\/\/schema.org","@graph":[{"@type":"WebPage","@id":"https:\/\/cedre-et-charme.fr\/de\/umwelt-go-green-mit-zeder-und-charme\/","url":"https:\/\/cedre-et-charme.fr\/de\/umwelt-go-green-mit-zeder-und-charme\/","name":"Umwelt: Gehen Sie gr\u00fcn mit C\u00e8dre et Charme! - Maison hotes Cedre et Charme","isPartOf":{"@id":"https:\/\/cedre-et-charme.fr\/de\/#website"},"datePublished":"2019-01-18T07:54:33+00:00","dateModified":"2022-04-04T18:08:36+00:00","description":"In der Touraine ist die Natur am Treffpunkt: Fl\u00fcsse, Teiche, W\u00e4lder .. C\u00e8dre et Charme versetzt Sie in diese wundersch\u00f6ne, privilegierte Umgebung ins Gr\u00fcne.","breadcrumb":{"@id":"https:\/\/cedre-et-charme.fr\/de\/umwelt-go-green-mit-zeder-und-charme\/#breadcrumb"},"inLanguage":"de","potentialAction":[{"@type":"ReadAction","target":["https:\/\/cedre-et-charme.fr\/de\/umwelt-go-green-mit-zeder-und-charme\/"]}]},{"@type":"BreadcrumbList","@id":"https:\/\/cedre-et-charme.fr\/de\/umwelt-go-green-mit-zeder-und-charme\/#breadcrumb","itemListElement":[{"@type":"ListItem","position":1,"name":"Home","item":"https:\/\/cedre-et-charme.fr\/de\/beispielseite\/"},{"@type":"ListItem","position":2,"name":"Umwelt: Gehen Sie gr\u00fcn mit C\u00e8dre et Charme!"}]},{"@type":"WebSite","@id":"https:\/\/cedre-et-charme.fr\/de\/#website","url":"https:\/\/cedre-et-charme.fr\/de\/","name":"Maison hotes Cedre et Charme","description":"Chambre d&#039;h\u00f4te en Touraine \/ Bed &amp; Breakfast in France Center and Loire Valley","potentialAction":[{"@type":"SearchAction","target":{"@type":"EntryPoint","urlTemplate":"https:\/\/cedre-et-charme.fr\/de\/?s={search_term_string}"},"query-input":{"@type":"PropertyValueSpecification","valueRequired":true,"valueName":"search_term_string"}}],"inLanguage":"de"}]}},"_links":{"self":[{"href":"https:\/\/cedre-et-charme.fr\/de\/wp-json\/wp\/v2\/pages\/5710","targetHints":{"allow":["GET"]}}],"collection":[{"href":"https:\/\/cedre-et-charme.fr\/de\/wp-json\/wp\/v2\/pages"}],"about":[{"href":"https:\/\/cedre-et-charme.fr\/de\/wp-json\/wp\/v2\/types\/page"}],"author":[{"embeddable":true,"href":"https:\/\/cedre-et-charme.fr\/de\/wp-json\/wp\/v2\/users\/3"}],"replies":[{"embeddable":true,"href":"https:\/\/cedre-et-charme.fr\/de\/wp-json\/wp\/v2\/comments?post=5710"}],"version-history":[{"count":5,"href":"https:\/\/cedre-et-charme.fr\/de\/wp-json\/wp\/v2\/pages\/5710\/revisions"}],"predecessor-version":[{"id":6999,"href":"https:\/\/cedre-et-charme.fr\/de\/wp-json\/wp\/v2\/pages\/5710\/revisions\/6999"}],"wp:attachment":[{"href":"https:\/\/cedre-et-charme.fr\/de\/wp-json\/wp\/v2\/media?parent=5710"}],"curies":[{"name":"wp","href":"https:\/\/api.w.org\/{rel}","templated":true}]}}