{"id":5695,"date":"2019-01-19T17:55:56","date_gmt":"2019-01-19T17:55:56","guid":{"rendered":"https:\/\/cedre-et-charme.fr\/die-renommierten-chateaux-de-la-loire\/"},"modified":"2023-03-11T16:51:03","modified_gmt":"2023-03-11T16:51:03","slug":"die-renommierten-chateaux-de-la-loire","status":"publish","type":"page","link":"https:\/\/cedre-et-charme.fr\/de\/die-renommierten-chateaux-de-la-loire\/","title":{"rendered":"Die prestigetr\u00e4chtigen Schl\u00f6sser der Loire"},"content":{"rendered":"<div class=\"fusion-fullwidth fullwidth-box fusion-builder-row-1 fusion-flex-container nonhundred-percent-fullwidth non-hundred-percent-height-scrolling ctnr-simple \" style=\"--awb-border-radius-top-left:0px;--awb-border-radius-top-right:0px;--awb-border-radius-bottom-right:0px;--awb-border-radius-bottom-left:0px;--awb-flex-wrap:wrap;\" ><div class=\"fusion-builder-row fusion-row fusion-flex-align-items-center fusion-flex-justify-content-center fusion-flex-content-wrap\" style=\"max-width:1456px;margin-left: calc(-4% \/ 2 );margin-right: calc(-4% \/ 2 );\"><div class=\"fusion-layout-column fusion_builder_column fusion-builder-column-0 fusion_builder_column_1_1 1_1 fusion-flex-column\" style=\"--awb-bg-size:cover;--awb-width-large:100%;--awb-margin-top-large:0px;--awb-spacing-right-large:1.92%;--awb-margin-bottom-large:0px;--awb-spacing-left-large:1.92%;--awb-width-medium:100%;--awb-order-medium:0;--awb-spacing-right-medium:1.92%;--awb-spacing-left-medium:1.92%;--awb-width-small:100%;--awb-order-small:0;--awb-spacing-right-small:1.92%;--awb-spacing-left-small:1.92%;\"><div class=\"fusion-column-wrapper fusion-column-has-shadow fusion-flex-justify-content-flex-start fusion-content-layout-column\"><div class=\"fusion-title title fusion-title-1 fusion-sep-none fusion-title-center fusion-title-text fusion-title-size-one\" style=\"--awb-margin-top-small:0px;--awb-margin-right-small:0px;--awb-margin-bottom-small:20px;--awb-margin-left-small:0px;\"><h1 class=\"fusion-title-heading title-heading-center\" style=\"margin:0;\">Die prestigetr\u00e4chtigen Schl\u00f6sser der Loire<\/h1><\/div><\/div><\/div><div class=\"fusion-layout-column fusion_builder_column fusion-builder-column-1 fusion_builder_column_3_4 3_4 fusion-flex-column\" style=\"--awb-bg-size:cover;--awb-width-large:75%;--awb-margin-top-large:0px;--awb-spacing-right-large:2.56%;--awb-margin-bottom-large:0px;--awb-spacing-left-large:2.56%;--awb-width-medium:100%;--awb-order-medium:0;--awb-spacing-right-medium:1.92%;--awb-spacing-left-medium:1.92%;--awb-width-small:100%;--awb-order-small:0;--awb-spacing-right-small:1.92%;--awb-spacing-left-small:1.92%;\"><div class=\"fusion-column-wrapper fusion-column-has-shadow fusion-flex-justify-content-flex-start fusion-content-layout-column\"><div class=\"fusion-image-element \" style=\"text-align:center;--awb-caption-title-font-family:var(--h2_typography-font-family);--awb-caption-title-font-weight:var(--h2_typography-font-weight);--awb-caption-title-font-style:var(--h2_typography-font-style);--awb-caption-title-size:var(--h2_typography-font-size);--awb-caption-title-transform:var(--h2_typography-text-transform);--awb-caption-title-line-height:var(--h2_typography-line-height);--awb-caption-title-letter-spacing:var(--h2_typography-letter-spacing);\"><span class=\" fusion-imageframe imageframe-none imageframe-1 hover-type-none\"><a href=\"https:\/\/cedre-et-charme.fr\/wp-content\/uploads\/2022\/03\/chateau.jpg\" class=\"fusion-lightbox\" data-rel=\"iLightbox[Bezeichnung]\" data-caption=\"ch\u00e2teau de Chenonceau\" data-title=\"chateau\" title=\"chateau\"><img decoding=\"async\" width=\"276\" height=\"183\" alt=\"ch\u00e2teau de Chenonceau\" src=\"https:\/\/cedre-et-charme.fr\/wp-content\/uploads\/2022\/03\/chateau.jpg\" class=\"img-responsive wp-image-5560\" srcset=\"https:\/\/cedre-et-charme.fr\/wp-content\/uploads\/2022\/03\/chateau-200x133.jpg 200w, https:\/\/cedre-et-charme.fr\/wp-content\/uploads\/2022\/03\/chateau.jpg 276w\" sizes=\"(max-width: 1024px) 100vw, (max-width: 640px) 100vw, 276px\" \/><\/a><\/span><\/div><div class=\"fusion-text fusion-text-1 col-inside\" style=\"--awb-text-transform:none;\"><p>Von Le C\u00e8dre aus haben Sie einen sehr guten Ausgangspunkt, um viele der Schl\u00f6sser zu besuchen, die die Region und die Touraine so prestigetr\u00e4chtig machen. Wir empfehlen nat\u00fcrlich:<\/p>\n<p>\u2013 das Schloss von Azay-le-Rideau, Juwelen der Renaissance, 30 Minuten westlich von Saint Branchs<br \/>\n&#8211; das Ch\u00e2teau de l&#8217;Islette, direkt neben dem Ch\u00e2teau d&#8217;Azay le Rideau<\/p>\n<p>\u2013 das K\u00f6nigsschloss von Amboise, 30 Minuten nord\u00f6stlich<\/p>\n<p>\u2013 das Ch\u00e2teau du Clos-Luc\u00e9, Heimat von Leonardo da Vinci, 30 Minuten nordwestlich<\/p>\n<p>&#8211; das Schloss Gaillard, das italienischste der Loire-Schl\u00f6sser, in Amboise (30 Minuten nord\u00f6stlich)<\/p>\n<p>\u2013 das Schloss von Chenonceaux, auch \u201eSchloss der Damen\u201c genannt, das meistbesuchte Privatdenkmal Frankreichs, 30 Minuten \u00f6stlich<br \/>\n\u2013 das Ch\u00e2teau de Villandry mit seinem bemerkenswerten Park und seinen G\u00e4rten, 30 Minuten nordwestlich<br \/>\n\u2013 das Schloss Langeais, sehr gut erhalten und wenig ver\u00e4ndert, 30 Minuten westlich<\/p>\n<p>\u2013 das Schloss von Rigny-Uss\u00e9, Inspirationsquelle f\u00fcr die Geschichten von Perrault und Disney-Animationen, 30 Minuten nordwestlich<br \/>\n\u2013 die Stadt Loches und ihre Burg mit Blick auf die Indre, 25 Minuten s\u00fcdlich<\/p>\n<p>\u2013 die k\u00f6nigliche Festung von Chinon und ihre Altstadt, 45 Minuten westlich<\/p>\n<p>&#8211; der Bergfried von Montbazon, die sogenannte Festung des Schwarzen Falken, mit spielerischen Workshops \u00fcber das Mittelalter, 10 Minuten n\u00f6rdlich.<\/p>\n<p>\u2013 Und wieder das Schloss von Montpoupon, Montr\u00e9sor<\/p>\n<\/div><div class=\"fusion-image-element \" style=\"text-align:center;--awb-caption-title-font-family:var(--h2_typography-font-family);--awb-caption-title-font-weight:var(--h2_typography-font-weight);--awb-caption-title-font-style:var(--h2_typography-font-style);--awb-caption-title-size:var(--h2_typography-font-size);--awb-caption-title-transform:var(--h2_typography-text-transform);--awb-caption-title-line-height:var(--h2_typography-line-height);--awb-caption-title-letter-spacing:var(--h2_typography-letter-spacing);\"><span class=\" fusion-imageframe imageframe-none imageframe-2 hover-type-none\"><a href=\"https:\/\/cedre-et-charme.fr\/wp-content\/uploads\/2022\/03\/chateau2.jpg\" class=\"fusion-lightbox\" data-rel=\"iLightbox[5e1766cd689976c8e1e]\" data-caption=\"ch\u00e2teau de Villandry \" data-title=\"chateau2\" title=\"chateau2\"><img decoding=\"async\" width=\"330\" height=\"153\" alt=\"ch\u00e2teau de Villandry \" src=\"https:\/\/cedre-et-charme.fr\/wp-content\/uploads\/2022\/03\/chateau2.jpg\" class=\"img-responsive wp-image-5562\" srcset=\"https:\/\/cedre-et-charme.fr\/wp-content\/uploads\/2022\/03\/chateau2-200x93.jpg 200w, https:\/\/cedre-et-charme.fr\/wp-content\/uploads\/2022\/03\/chateau2.jpg 330w\" sizes=\"(max-width: 1024px) 100vw, (max-width: 640px) 100vw, 330px\" \/><\/a><\/span><\/div><\/div><\/div><\/div><\/div>\n","protected":false},"excerpt":{"rendered":"","protected":false},"author":3,"featured_media":0,"parent":0,"menu_order":0,"comment_status":"closed","ping_status":"closed","template":"100-width.php","meta":{"footnotes":""},"class_list":["post-5695","page","type-page","status-publish","hentry"],"yoast_head":"<!-- This site is optimized with the Yoast SEO plugin v27.4 - https:\/\/yoast.com\/product\/yoast-seo-wordpress\/ -->\n<title>Die prestigetr\u00e4chtigen Schl\u00f6sser der Loire - Maison hotes Cedre et Charme<\/title>\n<meta name=\"description\" content=\"Die prestigetr\u00e4chtigen Schl\u00f6sser der Loire machen die Touraine zu einem unvergleichlichen Zwischenstopp. Und das hindert einen Abstecher durch unsere guten Keller nicht!\" \/>\n<meta name=\"robots\" content=\"index, follow, max-snippet:-1, max-image-preview:large, max-video-preview:-1\" \/>\n<link rel=\"canonical\" href=\"https:\/\/cedre-et-charme.fr\/de\/die-renommierten-chateaux-de-la-loire\/\" \/>\n<meta property=\"og:locale\" content=\"de_DE\" \/>\n<meta property=\"og:type\" content=\"article\" \/>\n<meta property=\"og:title\" content=\"Die prestigetr\u00e4chtigen Schl\u00f6sser der Loire - Maison hotes Cedre et Charme\" \/>\n<meta property=\"og:description\" content=\"Die prestigetr\u00e4chtigen Schl\u00f6sser der Loire machen die Touraine zu einem unvergleichlichen Zwischenstopp. Und das hindert einen Abstecher durch unsere guten Keller nicht!\" \/>\n<meta property=\"og:url\" content=\"https:\/\/cedre-et-charme.fr\/de\/die-renommierten-chateaux-de-la-loire\/\" \/>\n<meta property=\"og:site_name\" content=\"Maison hotes Cedre et Charme\" \/>\n<meta property=\"article:publisher\" content=\"https:\/\/www.facebook.com\/cedre.et.charme\/\" \/>\n<meta property=\"article:modified_time\" content=\"2023-03-11T16:51:03+00:00\" \/>\n<script type=\"application\/ld+json\" class=\"yoast-schema-graph\">{\"@context\":\"https:\\\/\\\/schema.org\",\"@graph\":[{\"@type\":\"WebPage\",\"@id\":\"https:\\\/\\\/cedre-et-charme.fr\\\/de\\\/die-renommierten-chateaux-de-la-loire\\\/\",\"url\":\"https:\\\/\\\/cedre-et-charme.fr\\\/de\\\/die-renommierten-chateaux-de-la-loire\\\/\",\"name\":\"Die prestigetr\u00e4chtigen Schl\u00f6sser der Loire - Maison hotes Cedre et Charme\",\"isPartOf\":{\"@id\":\"https:\\\/\\\/cedre-et-charme.fr\\\/de\\\/#website\"},\"datePublished\":\"2019-01-19T17:55:56+00:00\",\"dateModified\":\"2023-03-11T16:51:03+00:00\",\"description\":\"Die prestigetr\u00e4chtigen Schl\u00f6sser der Loire machen die Touraine zu einem unvergleichlichen Zwischenstopp. Und das hindert einen Abstecher durch unsere guten Keller nicht!\",\"breadcrumb\":{\"@id\":\"https:\\\/\\\/cedre-et-charme.fr\\\/de\\\/die-renommierten-chateaux-de-la-loire\\\/#breadcrumb\"},\"inLanguage\":\"de\",\"potentialAction\":[{\"@type\":\"ReadAction\",\"target\":[\"https:\\\/\\\/cedre-et-charme.fr\\\/de\\\/die-renommierten-chateaux-de-la-loire\\\/\"]}]},{\"@type\":\"BreadcrumbList\",\"@id\":\"https:\\\/\\\/cedre-et-charme.fr\\\/de\\\/die-renommierten-chateaux-de-la-loire\\\/#breadcrumb\",\"itemListElement\":[{\"@type\":\"ListItem\",\"position\":1,\"name\":\"Home\",\"item\":\"https:\\\/\\\/cedre-et-charme.fr\\\/de\\\/beispielseite\\\/\"},{\"@type\":\"ListItem\",\"position\":2,\"name\":\"Die prestigetr\u00e4chtigen Schl\u00f6sser der Loire\"}]},{\"@type\":\"WebSite\",\"@id\":\"https:\\\/\\\/cedre-et-charme.fr\\\/de\\\/#website\",\"url\":\"https:\\\/\\\/cedre-et-charme.fr\\\/de\\\/\",\"name\":\"Maison hotes Cedre et Charme\",\"description\":\"Chambre d&#039;h\u00f4te en Touraine \\\/ Bed &amp; Breakfast in France Center and Loire Valley\",\"potentialAction\":[{\"@type\":\"SearchAction\",\"target\":{\"@type\":\"EntryPoint\",\"urlTemplate\":\"https:\\\/\\\/cedre-et-charme.fr\\\/de\\\/?s={search_term_string}\"},\"query-input\":{\"@type\":\"PropertyValueSpecification\",\"valueRequired\":true,\"valueName\":\"search_term_string\"}}],\"inLanguage\":\"de\"}]}<\/script>\n<!-- \/ Yoast SEO plugin. -->","yoast_head_json":{"title":"Die prestigetr\u00e4chtigen Schl\u00f6sser der Loire - Maison hotes Cedre et Charme","description":"Die prestigetr\u00e4chtigen Schl\u00f6sser der Loire machen die Touraine zu einem unvergleichlichen Zwischenstopp. Und das hindert einen Abstecher durch unsere guten Keller nicht!","robots":{"index":"index","follow":"follow","max-snippet":"max-snippet:-1","max-image-preview":"max-image-preview:large","max-video-preview":"max-video-preview:-1"},"canonical":"https:\/\/cedre-et-charme.fr\/de\/die-renommierten-chateaux-de-la-loire\/","og_locale":"de_DE","og_type":"article","og_title":"Die prestigetr\u00e4chtigen Schl\u00f6sser der Loire - Maison hotes Cedre et Charme","og_description":"Die prestigetr\u00e4chtigen Schl\u00f6sser der Loire machen die Touraine zu einem unvergleichlichen Zwischenstopp. Und das hindert einen Abstecher durch unsere guten Keller nicht!","og_url":"https:\/\/cedre-et-charme.fr\/de\/die-renommierten-chateaux-de-la-loire\/","og_site_name":"Maison hotes Cedre et Charme","article_publisher":"https:\/\/www.facebook.com\/cedre.et.charme\/","article_modified_time":"2023-03-11T16:51:03+00:00","schema":{"@context":"https:\/\/schema.org","@graph":[{"@type":"WebPage","@id":"https:\/\/cedre-et-charme.fr\/de\/die-renommierten-chateaux-de-la-loire\/","url":"https:\/\/cedre-et-charme.fr\/de\/die-renommierten-chateaux-de-la-loire\/","name":"Die prestigetr\u00e4chtigen Schl\u00f6sser der Loire - Maison hotes Cedre et Charme","isPartOf":{"@id":"https:\/\/cedre-et-charme.fr\/de\/#website"},"datePublished":"2019-01-19T17:55:56+00:00","dateModified":"2023-03-11T16:51:03+00:00","description":"Die prestigetr\u00e4chtigen Schl\u00f6sser der Loire machen die Touraine zu einem unvergleichlichen Zwischenstopp. Und das hindert einen Abstecher durch unsere guten Keller nicht!","breadcrumb":{"@id":"https:\/\/cedre-et-charme.fr\/de\/die-renommierten-chateaux-de-la-loire\/#breadcrumb"},"inLanguage":"de","potentialAction":[{"@type":"ReadAction","target":["https:\/\/cedre-et-charme.fr\/de\/die-renommierten-chateaux-de-la-loire\/"]}]},{"@type":"BreadcrumbList","@id":"https:\/\/cedre-et-charme.fr\/de\/die-renommierten-chateaux-de-la-loire\/#breadcrumb","itemListElement":[{"@type":"ListItem","position":1,"name":"Home","item":"https:\/\/cedre-et-charme.fr\/de\/beispielseite\/"},{"@type":"ListItem","position":2,"name":"Die prestigetr\u00e4chtigen Schl\u00f6sser der Loire"}]},{"@type":"WebSite","@id":"https:\/\/cedre-et-charme.fr\/de\/#website","url":"https:\/\/cedre-et-charme.fr\/de\/","name":"Maison hotes Cedre et Charme","description":"Chambre d&#039;h\u00f4te en Touraine \/ Bed &amp; Breakfast in France Center and Loire Valley","potentialAction":[{"@type":"SearchAction","target":{"@type":"EntryPoint","urlTemplate":"https:\/\/cedre-et-charme.fr\/de\/?s={search_term_string}"},"query-input":{"@type":"PropertyValueSpecification","valueRequired":true,"valueName":"search_term_string"}}],"inLanguage":"de"}]}},"_links":{"self":[{"href":"https:\/\/cedre-et-charme.fr\/de\/wp-json\/wp\/v2\/pages\/5695","targetHints":{"allow":["GET"]}}],"collection":[{"href":"https:\/\/cedre-et-charme.fr\/de\/wp-json\/wp\/v2\/pages"}],"about":[{"href":"https:\/\/cedre-et-charme.fr\/de\/wp-json\/wp\/v2\/types\/page"}],"author":[{"embeddable":true,"href":"https:\/\/cedre-et-charme.fr\/de\/wp-json\/wp\/v2\/users\/3"}],"replies":[{"embeddable":true,"href":"https:\/\/cedre-et-charme.fr\/de\/wp-json\/wp\/v2\/comments?post=5695"}],"version-history":[{"count":5,"href":"https:\/\/cedre-et-charme.fr\/de\/wp-json\/wp\/v2\/pages\/5695\/revisions"}],"predecessor-version":[{"id":7519,"href":"https:\/\/cedre-et-charme.fr\/de\/wp-json\/wp\/v2\/pages\/5695\/revisions\/7519"}],"wp:attachment":[{"href":"https:\/\/cedre-et-charme.fr\/de\/wp-json\/wp\/v2\/media?parent=5695"}],"curies":[{"name":"wp","href":"https:\/\/api.w.org\/{rel}","templated":true}]}}