{"id":5686,"date":"2018-08-31T13:41:59","date_gmt":"2018-08-31T13:41:59","guid":{"rendered":"https:\/\/cedre-et-charme.fr\/video-haus-gaestehaus-zeder-und-charme\/"},"modified":"2022-04-02T15:14:56","modified_gmt":"2022-04-02T15:14:56","slug":"video-haus-gaestehaus-zeder-und-charme","status":"publish","type":"page","link":"https:\/\/cedre-et-charme.fr\/de\/video-haus-gaestehaus-zeder-und-charme\/","title":{"rendered":"Videos G\u00e4stehaus"},"content":{"rendered":"<div class=\"fusion-fullwidth fullwidth-box fusion-builder-row-1 fusion-flex-container nonhundred-percent-fullwidth non-hundred-percent-height-scrolling ctnr-simple \" style=\"--awb-border-radius-top-left:0px;--awb-border-radius-top-right:0px;--awb-border-radius-bottom-right:0px;--awb-border-radius-bottom-left:0px;--awb-flex-wrap:wrap;\" ><div class=\"fusion-builder-row fusion-row fusion-flex-align-items-center fusion-flex-justify-content-center fusion-flex-content-wrap\" style=\"max-width:1456px;margin-left: calc(-4% \/ 2 );margin-right: calc(-4% \/ 2 );\"><div class=\"fusion-layout-column fusion_builder_column fusion-builder-column-0 fusion_builder_column_1_1 1_1 fusion-flex-column fusion-flex-align-self-center\" style=\"--awb-bg-size:cover;--awb-width-large:100%;--awb-margin-top-large:0px;--awb-spacing-right-large:1.92%;--awb-margin-bottom-large:0px;--awb-spacing-left-large:1.92%;--awb-width-medium:100%;--awb-order-medium:0;--awb-spacing-right-medium:1.92%;--awb-spacing-left-medium:1.92%;--awb-width-small:100%;--awb-order-small:0;--awb-spacing-right-small:1.92%;--awb-spacing-left-small:1.92%;\"><div class=\"fusion-column-wrapper fusion-column-has-shadow fusion-flex-justify-content-center fusion-content-layout-column\"><div class=\"fusion-title title fusion-title-1 fusion-sep-none fusion-title-center fusion-title-text fusion-title-size-one\" style=\"--awb-margin-top-small:0px;--awb-margin-right-small:0px;--awb-margin-bottom-small:20px;--awb-margin-left-small:0px;\"><h1 class=\"fusion-title-heading title-heading-center\" style=\"margin:0;\">Videos G\u00e4stehaus<\/h1><\/div><div class=\"fusion-text fusion-text-1\" style=\"--awb-text-transform:none;\"><p>Hier ist eine Videoanimation, um Ihnen unser G\u00e4stehaus C\u00e8dre et Charme in einer Minute vorzustellen: besser als eine gro\u00dfe Rede<\/p>\n<\/div><div class=\"fusion-video fusion-youtube\" style=\"--awb-max-width:600px;--awb-max-height:360px;--awb-align-self:center;--awb-width:100%;\"><div class=\"video-shortcode\"><div class=\"fluid-width-video-wrapper\" style=\"padding-top:60%;\" ><iframe title=\"YouTube video player 1\" src=\"https:\/\/www.youtube.com\/embed\/erBsfCVysyo?wmode=transparent&autoplay=0\" width=\"600\" height=\"360\" allowfullscreen allow=\"autoplay; clipboard-write; encrypted-media; gyroscope; picture-in-picture;\"><\/iframe><\/div><\/div><\/div><div class=\"fusion-separator fusion-full-width-sep\" style=\"align-self: center;margin-left: auto;margin-right: auto;margin-top:30px;margin-bottom:30px;width:100%;\"><\/div><\/div><\/div><div class=\"fusion-layout-column fusion_builder_column fusion-builder-column-1 fusion_builder_column_3_4 3_4 fusion-flex-column fusion-flex-align-self-center\" style=\"--awb-bg-size:cover;--awb-width-large:75%;--awb-margin-top-large:0px;--awb-spacing-right-large:2.56%;--awb-margin-bottom-large:0px;--awb-spacing-left-large:2.56%;--awb-width-medium:100%;--awb-order-medium:0;--awb-spacing-right-medium:1.92%;--awb-spacing-left-medium:1.92%;--awb-width-small:100%;--awb-order-small:0;--awb-spacing-right-small:1.92%;--awb-spacing-left-small:1.92%;\"><div class=\"fusion-column-wrapper fusion-column-has-shadow fusion-flex-justify-content-center fusion-content-layout-column\"><div class=\"fusion-image-element \" style=\"--awb-caption-title-font-family:var(--h2_typography-font-family);--awb-caption-title-font-weight:var(--h2_typography-font-weight);--awb-caption-title-font-style:var(--h2_typography-font-style);--awb-caption-title-size:var(--h2_typography-font-size);--awb-caption-title-transform:var(--h2_typography-text-transform);--awb-caption-title-line-height:var(--h2_typography-line-height);--awb-caption-title-letter-spacing:var(--h2_typography-letter-spacing);\"><span class=\" fusion-imageframe imageframe-none imageframe-1 hover-type-none\"><img decoding=\"async\" width=\"946\" height=\"768\" alt=\"Anne et Armand vous accueillent\" title=\"C\u00e8dre-et-Charme-Accueil-et-Contact-Armand-et-Anne-du-Garreau-min\" src=\"https:\/\/cedre-et-charme.fr\/wp-content\/uploads\/2022\/03\/Cedre-et-Charme-Accueil-et-Contact-Armand-et-Anne-du-Garreau-min.jpg\" class=\"img-responsive wp-image-5382\" srcset=\"https:\/\/cedre-et-charme.fr\/wp-content\/uploads\/2022\/03\/Cedre-et-Charme-Accueil-et-Contact-Armand-et-Anne-du-Garreau-min-200x162.jpg 200w, https:\/\/cedre-et-charme.fr\/wp-content\/uploads\/2022\/03\/Cedre-et-Charme-Accueil-et-Contact-Armand-et-Anne-du-Garreau-min-400x325.jpg 400w, https:\/\/cedre-et-charme.fr\/wp-content\/uploads\/2022\/03\/Cedre-et-Charme-Accueil-et-Contact-Armand-et-Anne-du-Garreau-min-600x487.jpg 600w, https:\/\/cedre-et-charme.fr\/wp-content\/uploads\/2022\/03\/Cedre-et-Charme-Accueil-et-Contact-Armand-et-Anne-du-Garreau-min-800x649.jpg 800w, https:\/\/cedre-et-charme.fr\/wp-content\/uploads\/2022\/03\/Cedre-et-Charme-Accueil-et-Contact-Armand-et-Anne-du-Garreau-min.jpg 946w\" sizes=\"(max-width: 1024px) 100vw, (max-width: 640px) 100vw, 946px\" \/><\/span><\/div><div class=\"fusion-text fusion-text-2 legende\" style=\"--awb-text-transform:none;\"><p>Armand und Anne<\/p>\n<\/div><\/div><\/div><div class=\"fusion-layout-column fusion_builder_column fusion-builder-column-2 fusion_builder_column_1_1 1_1 fusion-flex-column\" style=\"--awb-bg-size:cover;--awb-width-large:100%;--awb-margin-top-large:0px;--awb-spacing-right-large:1.92%;--awb-margin-bottom-large:0px;--awb-spacing-left-large:1.92%;--awb-width-medium:100%;--awb-order-medium:0;--awb-spacing-right-medium:1.92%;--awb-spacing-left-medium:1.92%;--awb-width-small:100%;--awb-order-small:0;--awb-spacing-right-small:1.92%;--awb-spacing-left-small:1.92%;\"><div class=\"fusion-column-wrapper fusion-column-has-shadow fusion-flex-justify-content-flex-start fusion-content-layout-column\"><div class=\"fusion-video fusion-youtube\" style=\"--awb-max-width:600px;--awb-max-height:360px;--awb-align-self:center;--awb-width:100%;\"><div class=\"video-shortcode\"><div class=\"fluid-width-video-wrapper\" style=\"padding-top:60%;\" ><iframe title=\"YouTube video player 2\" src=\"https:\/\/www.youtube.com\/embed\/JFKDxHembzM?wmode=transparent&autoplay=0\" width=\"600\" height=\"360\" allowfullscreen allow=\"autoplay; clipboard-write; encrypted-media; gyroscope; picture-in-picture;\"><\/iframe><\/div><\/div><\/div><div class=\"fusion-text fusion-text-3 legende\" style=\"--awb-text-transform:none;\"><p>Zedern- und Charm-Tour mit Aussicht vom Himmel!<\/p>\n<\/div><\/div><\/div><\/div><\/div>\n","protected":false},"excerpt":{"rendered":"","protected":false},"author":3,"featured_media":0,"parent":0,"menu_order":0,"comment_status":"closed","ping_status":"closed","template":"100-width.php","meta":{"footnotes":""},"class_list":["post-5686","page","type-page","status-publish","hentry"],"yoast_head":"<!-- This site is optimized with the Yoast SEO plugin v27.4 - https:\/\/yoast.com\/product\/yoast-seo-wordpress\/ -->\n<title>Videos G\u00e4stehaus - Maison hotes Cedre et Charme<\/title>\n<meta name=\"description\" content=\"Hier ist ein Video des G\u00e4stehauses C\u00e8dre et Charme: Dieses Video erm\u00f6glicht Ihnen, das Haus mit Blick auf den Himmel zu besichtigen. Genie\u00dfen Sie die Bilder!\" \/>\n<meta name=\"robots\" content=\"index, follow, max-snippet:-1, max-image-preview:large, max-video-preview:-1\" \/>\n<link rel=\"canonical\" href=\"https:\/\/cedre-et-charme.fr\/de\/video-haus-gaestehaus-zeder-und-charme\/\" \/>\n<meta property=\"og:locale\" content=\"de_DE\" \/>\n<meta property=\"og:type\" content=\"article\" \/>\n<meta property=\"og:title\" content=\"Videos G\u00e4stehaus - Maison hotes Cedre et Charme\" \/>\n<meta property=\"og:description\" content=\"Hier ist ein Video des G\u00e4stehauses C\u00e8dre et Charme: Dieses Video erm\u00f6glicht Ihnen, das Haus mit Blick auf den Himmel zu besichtigen. Genie\u00dfen Sie die Bilder!\" \/>\n<meta property=\"og:url\" content=\"https:\/\/cedre-et-charme.fr\/de\/video-haus-gaestehaus-zeder-und-charme\/\" \/>\n<meta property=\"og:site_name\" content=\"Maison hotes Cedre et Charme\" \/>\n<meta property=\"article:publisher\" content=\"https:\/\/www.facebook.com\/cedre.et.charme\/\" \/>\n<meta property=\"article:modified_time\" content=\"2022-04-02T15:14:56+00:00\" \/>\n<script type=\"application\/ld+json\" class=\"yoast-schema-graph\">{\"@context\":\"https:\\\/\\\/schema.org\",\"@graph\":[{\"@type\":\"WebPage\",\"@id\":\"https:\\\/\\\/cedre-et-charme.fr\\\/de\\\/video-haus-gaestehaus-zeder-und-charme\\\/\",\"url\":\"https:\\\/\\\/cedre-et-charme.fr\\\/de\\\/video-haus-gaestehaus-zeder-und-charme\\\/\",\"name\":\"Videos G\u00e4stehaus - Maison hotes Cedre et Charme\",\"isPartOf\":{\"@id\":\"https:\\\/\\\/cedre-et-charme.fr\\\/de\\\/#website\"},\"datePublished\":\"2018-08-31T13:41:59+00:00\",\"dateModified\":\"2022-04-02T15:14:56+00:00\",\"description\":\"Hier ist ein Video des G\u00e4stehauses C\u00e8dre et Charme: Dieses Video erm\u00f6glicht Ihnen, das Haus mit Blick auf den Himmel zu besichtigen. Genie\u00dfen Sie die Bilder!\",\"breadcrumb\":{\"@id\":\"https:\\\/\\\/cedre-et-charme.fr\\\/de\\\/video-haus-gaestehaus-zeder-und-charme\\\/#breadcrumb\"},\"inLanguage\":\"de\",\"potentialAction\":[{\"@type\":\"ReadAction\",\"target\":[\"https:\\\/\\\/cedre-et-charme.fr\\\/de\\\/video-haus-gaestehaus-zeder-und-charme\\\/\"]}]},{\"@type\":\"BreadcrumbList\",\"@id\":\"https:\\\/\\\/cedre-et-charme.fr\\\/de\\\/video-haus-gaestehaus-zeder-und-charme\\\/#breadcrumb\",\"itemListElement\":[{\"@type\":\"ListItem\",\"position\":1,\"name\":\"Home\",\"item\":\"https:\\\/\\\/cedre-et-charme.fr\\\/de\\\/beispielseite\\\/\"},{\"@type\":\"ListItem\",\"position\":2,\"name\":\"Videos G\u00e4stehaus\"}]},{\"@type\":\"WebSite\",\"@id\":\"https:\\\/\\\/cedre-et-charme.fr\\\/de\\\/#website\",\"url\":\"https:\\\/\\\/cedre-et-charme.fr\\\/de\\\/\",\"name\":\"Maison hotes Cedre et Charme\",\"description\":\"Chambre d&#039;h\u00f4te en Touraine \\\/ Bed &amp; Breakfast in France Center and Loire Valley\",\"potentialAction\":[{\"@type\":\"SearchAction\",\"target\":{\"@type\":\"EntryPoint\",\"urlTemplate\":\"https:\\\/\\\/cedre-et-charme.fr\\\/de\\\/?s={search_term_string}\"},\"query-input\":{\"@type\":\"PropertyValueSpecification\",\"valueRequired\":true,\"valueName\":\"search_term_string\"}}],\"inLanguage\":\"de\"}]}<\/script>\n<!-- \/ Yoast SEO plugin. -->","yoast_head_json":{"title":"Videos G\u00e4stehaus - Maison hotes Cedre et Charme","description":"Hier ist ein Video des G\u00e4stehauses C\u00e8dre et Charme: Dieses Video erm\u00f6glicht Ihnen, das Haus mit Blick auf den Himmel zu besichtigen. Genie\u00dfen Sie die Bilder!","robots":{"index":"index","follow":"follow","max-snippet":"max-snippet:-1","max-image-preview":"max-image-preview:large","max-video-preview":"max-video-preview:-1"},"canonical":"https:\/\/cedre-et-charme.fr\/de\/video-haus-gaestehaus-zeder-und-charme\/","og_locale":"de_DE","og_type":"article","og_title":"Videos G\u00e4stehaus - Maison hotes Cedre et Charme","og_description":"Hier ist ein Video des G\u00e4stehauses C\u00e8dre et Charme: Dieses Video erm\u00f6glicht Ihnen, das Haus mit Blick auf den Himmel zu besichtigen. Genie\u00dfen Sie die Bilder!","og_url":"https:\/\/cedre-et-charme.fr\/de\/video-haus-gaestehaus-zeder-und-charme\/","og_site_name":"Maison hotes Cedre et Charme","article_publisher":"https:\/\/www.facebook.com\/cedre.et.charme\/","article_modified_time":"2022-04-02T15:14:56+00:00","schema":{"@context":"https:\/\/schema.org","@graph":[{"@type":"WebPage","@id":"https:\/\/cedre-et-charme.fr\/de\/video-haus-gaestehaus-zeder-und-charme\/","url":"https:\/\/cedre-et-charme.fr\/de\/video-haus-gaestehaus-zeder-und-charme\/","name":"Videos G\u00e4stehaus - Maison hotes Cedre et Charme","isPartOf":{"@id":"https:\/\/cedre-et-charme.fr\/de\/#website"},"datePublished":"2018-08-31T13:41:59+00:00","dateModified":"2022-04-02T15:14:56+00:00","description":"Hier ist ein Video des G\u00e4stehauses C\u00e8dre et Charme: Dieses Video erm\u00f6glicht Ihnen, das Haus mit Blick auf den Himmel zu besichtigen. Genie\u00dfen Sie die Bilder!","breadcrumb":{"@id":"https:\/\/cedre-et-charme.fr\/de\/video-haus-gaestehaus-zeder-und-charme\/#breadcrumb"},"inLanguage":"de","potentialAction":[{"@type":"ReadAction","target":["https:\/\/cedre-et-charme.fr\/de\/video-haus-gaestehaus-zeder-und-charme\/"]}]},{"@type":"BreadcrumbList","@id":"https:\/\/cedre-et-charme.fr\/de\/video-haus-gaestehaus-zeder-und-charme\/#breadcrumb","itemListElement":[{"@type":"ListItem","position":1,"name":"Home","item":"https:\/\/cedre-et-charme.fr\/de\/beispielseite\/"},{"@type":"ListItem","position":2,"name":"Videos G\u00e4stehaus"}]},{"@type":"WebSite","@id":"https:\/\/cedre-et-charme.fr\/de\/#website","url":"https:\/\/cedre-et-charme.fr\/de\/","name":"Maison hotes Cedre et Charme","description":"Chambre d&#039;h\u00f4te en Touraine \/ Bed &amp; Breakfast in France Center and Loire Valley","potentialAction":[{"@type":"SearchAction","target":{"@type":"EntryPoint","urlTemplate":"https:\/\/cedre-et-charme.fr\/de\/?s={search_term_string}"},"query-input":{"@type":"PropertyValueSpecification","valueRequired":true,"valueName":"search_term_string"}}],"inLanguage":"de"}]}},"_links":{"self":[{"href":"https:\/\/cedre-et-charme.fr\/de\/wp-json\/wp\/v2\/pages\/5686","targetHints":{"allow":["GET"]}}],"collection":[{"href":"https:\/\/cedre-et-charme.fr\/de\/wp-json\/wp\/v2\/pages"}],"about":[{"href":"https:\/\/cedre-et-charme.fr\/de\/wp-json\/wp\/v2\/types\/page"}],"author":[{"embeddable":true,"href":"https:\/\/cedre-et-charme.fr\/de\/wp-json\/wp\/v2\/users\/3"}],"replies":[{"embeddable":true,"href":"https:\/\/cedre-et-charme.fr\/de\/wp-json\/wp\/v2\/comments?post=5686"}],"version-history":[{"count":5,"href":"https:\/\/cedre-et-charme.fr\/de\/wp-json\/wp\/v2\/pages\/5686\/revisions"}],"predecessor-version":[{"id":6410,"href":"https:\/\/cedre-et-charme.fr\/de\/wp-json\/wp\/v2\/pages\/5686\/revisions\/6410"}],"wp:attachment":[{"href":"https:\/\/cedre-et-charme.fr\/de\/wp-json\/wp\/v2\/media?parent=5686"}],"curies":[{"name":"wp","href":"https:\/\/api.w.org\/{rel}","templated":true}]}}