{"id":5664,"date":"2014-02-10T22:15:55","date_gmt":"2014-02-10T22:15:55","guid":{"rendered":"https:\/\/cedre-et-charme.fr\/geschaeftsbedingungen\/"},"modified":"2022-04-15T08:38:11","modified_gmt":"2022-04-15T08:38:11","slug":"geschaeftsbedingungen","status":"publish","type":"page","link":"https:\/\/cedre-et-charme.fr\/de\/geschaeftsbedingungen\/","title":{"rendered":"Rechtliche Hinweise \/ Allgemeine Verkaufsbedingungen"},"content":{"rendered":"<div class=\"fusion-fullwidth fullwidth-box fusion-builder-row-1 fusion-flex-container nonhundred-percent-fullwidth non-hundred-percent-height-scrolling ctnr-simple \" style=\"--awb-border-radius-top-left:0px;--awb-border-radius-top-right:0px;--awb-border-radius-bottom-right:0px;--awb-border-radius-bottom-left:0px;--awb-flex-wrap:wrap;\" ><div class=\"fusion-builder-row fusion-row fusion-flex-align-items-center fusion-flex-justify-content-center fusion-flex-content-wrap\" style=\"max-width:1456px;margin-left: calc(-4% \/ 2 );margin-right: calc(-4% \/ 2 );\"><div class=\"fusion-layout-column fusion_builder_column fusion-builder-column-0 fusion_builder_column_1_1 1_1 fusion-flex-column\" style=\"--awb-bg-size:cover;--awb-width-large:100%;--awb-margin-top-large:0px;--awb-spacing-right-large:1.92%;--awb-margin-bottom-large:0px;--awb-spacing-left-large:1.92%;--awb-width-medium:100%;--awb-order-medium:0;--awb-spacing-right-medium:1.92%;--awb-spacing-left-medium:1.92%;--awb-width-small:100%;--awb-order-small:0;--awb-spacing-right-small:1.92%;--awb-spacing-left-small:1.92%;\"><div class=\"fusion-column-wrapper fusion-column-has-shadow fusion-flex-justify-content-flex-start fusion-content-layout-column\"><div class=\"fusion-title title fusion-title-1 fusion-sep-none fusion-title-center fusion-title-text fusion-title-size-one\" style=\"--awb-margin-top-small:0px;--awb-margin-right-small:0px;--awb-margin-bottom-small:20px;--awb-margin-left-small:0px;\"><h1 class=\"fusion-title-heading title-heading-center\" style=\"margin:0;\">Rechtliche Hinweise und AGB<\/h1><\/div><\/div><\/div><div class=\"fusion-layout-column fusion_builder_column fusion-builder-column-1 fusion_builder_column_3_4 3_4 fusion-flex-column\" style=\"--awb-bg-size:cover;--awb-width-large:75%;--awb-margin-top-large:0px;--awb-spacing-right-large:2.56%;--awb-margin-bottom-large:0px;--awb-spacing-left-large:2.56%;--awb-width-medium:100%;--awb-order-medium:0;--awb-spacing-right-medium:1.92%;--awb-spacing-left-medium:1.92%;--awb-width-small:100%;--awb-order-small:0;--awb-spacing-right-small:1.92%;--awb-spacing-left-small:1.92%;\"><div class=\"fusion-column-wrapper fusion-column-has-shadow fusion-flex-justify-content-flex-start fusion-content-layout-column\"><div class=\"fusion-title title fusion-title-2 fusion-sep-none fusion-title-text fusion-title-size-two\" style=\"--awb-margin-top-small:0px;--awb-margin-right-small:0px;--awb-margin-bottom-small:20px;--awb-margin-left-small:0px;\"><h2 class=\"fusion-title-heading title-heading-left\" style=\"margin:0;\">Impressum<\/h2><\/div><div class=\"fusion-text fusion-text-1 col-inside\" style=\"--awb-text-transform:none;\"><h3>Editor<\/h3>\n<p>SARL C\u00e8dre et Charme \/ RCS Tours \/ SIRET 7974349410010 \/ Stammkapital von 4000 \u20ac<br \/>\nHauptsitz: 17 Grand Rue, 37320 SAINT BRANCHEN<br \/>\n<a href=\"mailto:contact@cedre-et-charme.fr\">contact@cedre-et-charme.fr<\/a><\/p>\n<h3>Schutz personenbezogener Daten<\/h3>\n<p>Die auf dieser Website \u00fcber Online-Formulare gesammelten pers\u00f6nlichen oder namentlichen Daten: Nachname, Vorname, Adresse, Telefonnummer, E-Mail-Adresse unterliegen einer Ausnahme, die in der &#8222;Beratung Nr. 2006-138 vom 09.05.2006 zur Entscheidung \u00fcber die Befreiung von der Verarbeitungserkl\u00e4rung zum Zweck der Information oder externen Kommunikation\u201c. Diese Website hat daher keine CNIL-Erkl\u00e4rungsnummer f\u00fcr personenbezogene Daten.<\/p>\n<p>Diese Daten werden gesammelt, um Fragen von Kunden und Benutzern zu beantworten und ihre Bestellungen zu verfolgen. Es werden alle Vorkehrungen getroffen, um die Sicherheit der Daten zu wahren und insbesondere den Zugriff unbefugter Dritter zu verhindern.<\/p>\n<p>Gem\u00e4\u00df dem Datenschutzgesetz vom 6. Januar 1978 haben Sie jederzeit das Recht auf Zugang, Berichtigung und L\u00f6schung der Sie betreffenden personenbezogenen Daten. Wenn Sie von diesem Recht Gebrauch machen m\u00f6chten, brauchen Sie uns nur zu schreiben oder eine Anfrage \u00fcber unsere E-Mail ( <a href=\"mailto:contact@cedre-et-charme.fr\">contact@cedre-et-charme.fr<\/a> ) zu stellen.<\/p>\n<p align=\"left\"><b>Geistiges Eigentum und Bildrechte<\/b><br \/>\nDie Website cedre-et-charme.fr ist durch die Gesetze zum Schutz des geistigen Eigentums gesch\u00fctzt. Es ist strengstens verboten, es in seiner Form oder seinem Inhalt, ganz oder teilweise, ohne die ausdr\u00fcckliche Zustimmung des Herausgebers zu reproduzieren.<\/p>\n<\/div><div class=\"fusion-title title fusion-title-3 fusion-sep-none fusion-title-text fusion-title-size-two\" style=\"--awb-margin-top-small:0px;--awb-margin-right-small:0px;--awb-margin-bottom-small:20px;--awb-margin-left-small:0px;\"><h2 class=\"fusion-title-heading title-heading-left\" style=\"margin:0;\">AGB<\/h2><\/div><div class=\"fusion-text fusion-text-2\" style=\"--awb-text-transform:none;\"><h3>Rate<\/h3>\n<p>Unser Preis von 105 bis 135 Euro pro Nacht, je nach Zeitraum, beinhaltet das Zimmer f\u00fcr zwei Personen, Fr\u00fchst\u00fcck, \u00fcberdachten Privatparkplatz und Internetzugang.<\/p>\n<p>M\u00f6glichkeit, ein Zustellbett hinzuzuf\u00fcgen (maximal ein Bett pro Zimmer):<br \/>\n&#8211; ein Kinderbett (Kind unter 2 Jahren) f\u00fcr zus\u00e4tzlich 10 Euro pro Nacht<br \/>\n&#8211; ein Kinderbett (unter 8 Jahren) f\u00fcr 20 Euro pro Nacht (je nach Zimmer)<br \/>\n&#8211; ein Bett f\u00fcr Erwachsene f\u00fcr 30 Euro pro Nacht (abh\u00e4ngig vom Zimmer<\/p>\n<h3>Table d\u2019h\u00f4tes<\/h3>\n<p>Sie k\u00f6nnen Ihr Abendessen im Le C\u00e8dre im Voraus buchen (telefonisch, per E-Mail oder in Ihrer Reservierung):<br \/>\n&#8211; Flavor Dinner (38 Euro pro Person, Vorspeise, Hauptgericht, K\u00e4se, Dessert, Aperitif und Wein inklusive)<br \/>\n&#8211; Klassisches Abendessen (28 Euro pro Person, Vorspeise oder K\u00e4se, Hauptgericht, Dessert, Wein inklusive)<br \/>\nSie speisen lieber in einem Restaurant: Wir k\u00f6nnen Ihnen gute Restaurants in der N\u00e4he empfehlen.<\/p>\n<h3>Andere Dienstleistungen<\/h3>\n<p>&#8211; Privater \u00fcberdachter Parkplatz.<br \/>\n&#8211; Internetzugang in allen Zimmern verf\u00fcgbar (kabelgebunden oder WLAN).<br \/>\n&#8211; Begr\u00fc\u00dfungstablett (Tee oder Kaffee) in den Zimmern.<br \/>\n&#8211; Haartrockner in den Badezimmern.<\/p>\n<p>&#8211; Fernseher im Zimmer auf Anfrage (ohne Aufpreis).<\/p>\n<p>&#8211; T\u00e4gliche Reinigung.<\/p>\n<h3>Regeln<\/h3>\n<p>Online-Zahlung einer Anzahlung von 25 % bei Online-Buchung (Paypal oder Kreditkarte).<\/p>\n<p>Kontaktieren Sie uns, wenn Sie die Reservierung lieber telefonisch oder per E-Mail vornehmen m\u00f6chten: Wir akzeptieren Barzahlung, Urlaubsgutscheine und Zahlungskarten (Visa-Karte, Kreditkarte, Mastercard).<\/p>\n<h3>Stornierung<\/h3>\n<p>Kostenlose Stornierung bis 21 Tage vor Anreisedatum.<br \/>\nAnzahlung oder 25 % des Betrags der einbehaltenen Leistung bei Stornierungen zwischen 20 Tagen und 4 Tagen vor dem Anreisedatum.<br \/>\nKeine R\u00fcckerstattung oder Gesamtbetrag der Leistung im Falle einer Stornierung innerhalb von 3 Tagen vor dem Ankunftsdatum.<\/p>\n<h3>Haustiere<\/h3>\n<p>Haustiere sind nicht erlaubt.<\/p>\n<h3>Nichtraucher-Einrichtung<\/h3>\n<p>Alle \u00f6ffentlichen und privaten R\u00e4ume sind Nichtraucherzimmer.<\/p>\n<\/div><\/div><\/div><\/div><\/div>\n","protected":false},"excerpt":{"rendered":"","protected":false},"author":1,"featured_media":0,"parent":0,"menu_order":0,"comment_status":"closed","ping_status":"closed","template":"","meta":{"footnotes":""},"class_list":["post-5664","page","type-page","status-publish","hentry"],"yoast_head":"<!-- This site is optimized with the Yoast SEO plugin v27.3 - https:\/\/yoast.com\/product\/yoast-seo-wordpress\/ -->\n<title>Allgemeine Bedingungen Zeder und Charme<\/title>\n<meta name=\"description\" content=\"Allgemeine Bedingungen der G\u00e4stezimmer C\u00e8dre et Charme in der Touraine (37): Rechtliche Hinweise, AGB, Dienstleistungen\" \/>\n<meta name=\"robots\" content=\"index, follow, max-snippet:-1, max-image-preview:large, max-video-preview:-1\" \/>\n<link rel=\"canonical\" href=\"https:\/\/cedre-et-charme.fr\/de\/geschaeftsbedingungen\/\" \/>\n<meta property=\"og:locale\" content=\"de_DE\" \/>\n<meta property=\"og:type\" content=\"article\" \/>\n<meta property=\"og:title\" content=\"Allgemeine Bedingungen Zeder und Charme\" \/>\n<meta property=\"og:description\" content=\"Allgemeine Bedingungen der G\u00e4stezimmer C\u00e8dre et Charme in der Touraine (37): Rechtliche Hinweise, AGB, Dienstleistungen\" \/>\n<meta property=\"og:url\" content=\"https:\/\/cedre-et-charme.fr\/de\/geschaeftsbedingungen\/\" \/>\n<meta property=\"og:site_name\" content=\"Maison hotes Cedre et Charme\" \/>\n<meta property=\"article:publisher\" content=\"https:\/\/www.facebook.com\/cedre.et.charme\/\" \/>\n<meta property=\"article:modified_time\" content=\"2022-04-15T08:38:11+00:00\" \/>\n<script type=\"application\/ld+json\" class=\"yoast-schema-graph\">{\"@context\":\"https:\\\/\\\/schema.org\",\"@graph\":[{\"@type\":\"WebPage\",\"@id\":\"https:\\\/\\\/cedre-et-charme.fr\\\/de\\\/geschaeftsbedingungen\\\/\",\"url\":\"https:\\\/\\\/cedre-et-charme.fr\\\/de\\\/geschaeftsbedingungen\\\/\",\"name\":\"Allgemeine Bedingungen Zeder und Charme\",\"isPartOf\":{\"@id\":\"https:\\\/\\\/cedre-et-charme.fr\\\/de\\\/#website\"},\"datePublished\":\"2014-02-10T22:15:55+00:00\",\"dateModified\":\"2022-04-15T08:38:11+00:00\",\"description\":\"Allgemeine Bedingungen der G\u00e4stezimmer C\u00e8dre et Charme in der Touraine (37): Rechtliche Hinweise, AGB, Dienstleistungen\",\"breadcrumb\":{\"@id\":\"https:\\\/\\\/cedre-et-charme.fr\\\/de\\\/geschaeftsbedingungen\\\/#breadcrumb\"},\"inLanguage\":\"de\",\"potentialAction\":[{\"@type\":\"ReadAction\",\"target\":[\"https:\\\/\\\/cedre-et-charme.fr\\\/de\\\/geschaeftsbedingungen\\\/\"]}]},{\"@type\":\"BreadcrumbList\",\"@id\":\"https:\\\/\\\/cedre-et-charme.fr\\\/de\\\/geschaeftsbedingungen\\\/#breadcrumb\",\"itemListElement\":[{\"@type\":\"ListItem\",\"position\":1,\"name\":\"Home\",\"item\":\"https:\\\/\\\/cedre-et-charme.fr\\\/de\\\/beispielseite\\\/\"},{\"@type\":\"ListItem\",\"position\":2,\"name\":\"Rechtliche Hinweise \\\/ Allgemeine Verkaufsbedingungen\"}]},{\"@type\":\"WebSite\",\"@id\":\"https:\\\/\\\/cedre-et-charme.fr\\\/de\\\/#website\",\"url\":\"https:\\\/\\\/cedre-et-charme.fr\\\/de\\\/\",\"name\":\"Maison hotes Cedre et Charme\",\"description\":\"Chambre d&#039;h\u00f4te en Touraine \\\/ Bed &amp; Breakfast in France Center and Loire Valley\",\"potentialAction\":[{\"@type\":\"SearchAction\",\"target\":{\"@type\":\"EntryPoint\",\"urlTemplate\":\"https:\\\/\\\/cedre-et-charme.fr\\\/de\\\/?s={search_term_string}\"},\"query-input\":{\"@type\":\"PropertyValueSpecification\",\"valueRequired\":true,\"valueName\":\"search_term_string\"}}],\"inLanguage\":\"de\"}]}<\/script>\n<!-- \/ Yoast SEO plugin. -->","yoast_head_json":{"title":"Allgemeine Bedingungen Zeder und Charme","description":"Allgemeine Bedingungen der G\u00e4stezimmer C\u00e8dre et Charme in der Touraine (37): Rechtliche Hinweise, AGB, Dienstleistungen","robots":{"index":"index","follow":"follow","max-snippet":"max-snippet:-1","max-image-preview":"max-image-preview:large","max-video-preview":"max-video-preview:-1"},"canonical":"https:\/\/cedre-et-charme.fr\/de\/geschaeftsbedingungen\/","og_locale":"de_DE","og_type":"article","og_title":"Allgemeine Bedingungen Zeder und Charme","og_description":"Allgemeine Bedingungen der G\u00e4stezimmer C\u00e8dre et Charme in der Touraine (37): Rechtliche Hinweise, AGB, Dienstleistungen","og_url":"https:\/\/cedre-et-charme.fr\/de\/geschaeftsbedingungen\/","og_site_name":"Maison hotes Cedre et Charme","article_publisher":"https:\/\/www.facebook.com\/cedre.et.charme\/","article_modified_time":"2022-04-15T08:38:11+00:00","schema":{"@context":"https:\/\/schema.org","@graph":[{"@type":"WebPage","@id":"https:\/\/cedre-et-charme.fr\/de\/geschaeftsbedingungen\/","url":"https:\/\/cedre-et-charme.fr\/de\/geschaeftsbedingungen\/","name":"Allgemeine Bedingungen Zeder und Charme","isPartOf":{"@id":"https:\/\/cedre-et-charme.fr\/de\/#website"},"datePublished":"2014-02-10T22:15:55+00:00","dateModified":"2022-04-15T08:38:11+00:00","description":"Allgemeine Bedingungen der G\u00e4stezimmer C\u00e8dre et Charme in der Touraine (37): Rechtliche Hinweise, AGB, Dienstleistungen","breadcrumb":{"@id":"https:\/\/cedre-et-charme.fr\/de\/geschaeftsbedingungen\/#breadcrumb"},"inLanguage":"de","potentialAction":[{"@type":"ReadAction","target":["https:\/\/cedre-et-charme.fr\/de\/geschaeftsbedingungen\/"]}]},{"@type":"BreadcrumbList","@id":"https:\/\/cedre-et-charme.fr\/de\/geschaeftsbedingungen\/#breadcrumb","itemListElement":[{"@type":"ListItem","position":1,"name":"Home","item":"https:\/\/cedre-et-charme.fr\/de\/beispielseite\/"},{"@type":"ListItem","position":2,"name":"Rechtliche Hinweise \/ Allgemeine Verkaufsbedingungen"}]},{"@type":"WebSite","@id":"https:\/\/cedre-et-charme.fr\/de\/#website","url":"https:\/\/cedre-et-charme.fr\/de\/","name":"Maison hotes Cedre et Charme","description":"Chambre d&#039;h\u00f4te en Touraine \/ Bed &amp; Breakfast in France Center and Loire Valley","potentialAction":[{"@type":"SearchAction","target":{"@type":"EntryPoint","urlTemplate":"https:\/\/cedre-et-charme.fr\/de\/?s={search_term_string}"},"query-input":{"@type":"PropertyValueSpecification","valueRequired":true,"valueName":"search_term_string"}}],"inLanguage":"de"}]}},"_links":{"self":[{"href":"https:\/\/cedre-et-charme.fr\/de\/wp-json\/wp\/v2\/pages\/5664","targetHints":{"allow":["GET"]}}],"collection":[{"href":"https:\/\/cedre-et-charme.fr\/de\/wp-json\/wp\/v2\/pages"}],"about":[{"href":"https:\/\/cedre-et-charme.fr\/de\/wp-json\/wp\/v2\/types\/page"}],"author":[{"embeddable":true,"href":"https:\/\/cedre-et-charme.fr\/de\/wp-json\/wp\/v2\/users\/1"}],"replies":[{"embeddable":true,"href":"https:\/\/cedre-et-charme.fr\/de\/wp-json\/wp\/v2\/comments?post=5664"}],"version-history":[{"count":5,"href":"https:\/\/cedre-et-charme.fr\/de\/wp-json\/wp\/v2\/pages\/5664\/revisions"}],"predecessor-version":[{"id":7076,"href":"https:\/\/cedre-et-charme.fr\/de\/wp-json\/wp\/v2\/pages\/5664\/revisions\/7076"}],"wp:attachment":[{"href":"https:\/\/cedre-et-charme.fr\/de\/wp-json\/wp\/v2\/media?parent=5664"}],"curies":[{"name":"wp","href":"https:\/\/api.w.org\/{rel}","templated":true}]}}