{"id":5663,"date":"2017-03-29T17:44:20","date_gmt":"2017-03-29T17:44:20","guid":{"rendered":"https:\/\/cedre-et-charme.fr\/fuer-gruppen\/"},"modified":"2022-04-06T09:10:29","modified_gmt":"2022-04-06T09:10:29","slug":"fuer-gruppen","status":"publish","type":"page","link":"https:\/\/cedre-et-charme.fr\/de\/fuer-gruppen\/","title":{"rendered":"F\u00fcr Gruppen"},"content":{"rendered":"<div class=\"fusion-fullwidth fullwidth-box fusion-builder-row-1 fusion-flex-container nonhundred-percent-fullwidth non-hundred-percent-height-scrolling ctnr-simple \" style=\"--awb-border-radius-top-left:0px;--awb-border-radius-top-right:0px;--awb-border-radius-bottom-right:0px;--awb-border-radius-bottom-left:0px;--awb-flex-wrap:wrap;\" ><div class=\"fusion-builder-row fusion-row fusion-flex-align-items-center fusion-flex-justify-content-center fusion-flex-content-wrap\" style=\"max-width:1456px;margin-left: calc(-4% \/ 2 );margin-right: calc(-4% \/ 2 );\"><div class=\"fusion-layout-column fusion_builder_column fusion-builder-column-0 fusion_builder_column_1_1 1_1 fusion-flex-column\" style=\"--awb-bg-size:cover;--awb-width-large:100%;--awb-margin-top-large:0px;--awb-spacing-right-large:1.92%;--awb-margin-bottom-large:0px;--awb-spacing-left-large:1.92%;--awb-width-medium:100%;--awb-order-medium:0;--awb-spacing-right-medium:1.92%;--awb-spacing-left-medium:1.92%;--awb-width-small:100%;--awb-order-small:0;--awb-spacing-right-small:1.92%;--awb-spacing-left-small:1.92%;\"><div class=\"fusion-column-wrapper fusion-column-has-shadow fusion-flex-justify-content-flex-start fusion-content-layout-column\"><div class=\"fusion-title title fusion-title-1 fusion-sep-none fusion-title-center fusion-title-text fusion-title-size-one\" style=\"--awb-margin-top-small:0px;--awb-margin-right-small:0px;--awb-margin-bottom-small:20px;--awb-margin-left-small:0px;\"><h1 class=\"fusion-title-heading title-heading-center\" style=\"margin:0;\">F\u00fcr Gruppen<\/h1><\/div><\/div><\/div><div class=\"fusion-layout-column fusion_builder_column fusion-builder-column-1 fusion_builder_column_3_4 3_4 fusion-flex-column\" style=\"--awb-bg-size:cover;--awb-width-large:75%;--awb-margin-top-large:0px;--awb-spacing-right-large:2.56%;--awb-margin-bottom-large:0px;--awb-spacing-left-large:2.56%;--awb-width-medium:100%;--awb-order-medium:0;--awb-spacing-right-medium:1.92%;--awb-spacing-left-medium:1.92%;--awb-width-small:100%;--awb-order-small:0;--awb-spacing-right-small:1.92%;--awb-spacing-left-small:1.92%;\"><div class=\"fusion-column-wrapper fusion-column-has-shadow fusion-flex-justify-content-flex-start fusion-content-layout-column\"><div class=\"fusion-text fusion-text-1 col-inside\" style=\"--awb-text-transform:none;\"><p>Das <strong>G\u00e4stehaus C\u00e8dre et Charme<\/strong> ist der ideale Ort f\u00fcr freundliche Entspannung f\u00fcr Gruppen von 5 bis 15 Personen (maximal 12 Erwachsene und 3 Kinder): Familien, Freunde, Gesch\u00e4ftsseminare<\/p>\n<p>Wenn Sie unsere 5 Zimmer buchen, haben Sie die exklusive Nutzung von:<br \/>\n\u2013 Ger\u00e4umige Zimmer, sehr komfortable Betten, moderne und elegante Badezimmer<br \/>\n\u2013 Von unseren beiden G\u00e4stelounges (20 und 50 m2), vom gro\u00dfen unabh\u00e4ngigen Eingang<br \/>\n\u2013 \u201eGenuss\u201c-Fr\u00fchst\u00fccke, herzhaft und schmackhaft<br \/>\n\u2013 Abendessen vor Ort, dem Anlass angepasst, auf Reservierung<br \/>\n\u2013 Die M\u00f6glichkeit, vor Ort im Speisesaal (Tisch f\u00fcr bis zu 14-16 Personen) oder im Park (Tische und Gartenst\u00fchle, von Ihnen zubereitete Mahlzeiten oder Picknick) zu Mittag zu essen<br \/>\n\u2013 Eine wunderbare Umgebung mit ummauertem Park, gesichertem Poolbereich und Pool-Umkleideraum (mit Dusche und WC)<br \/>\n\u2013 Dienstleistungen und Komfort: \u00fcberdachter Parkplatz, gr\u00fcne Lounge, gro\u00dfe Lounge, WLAN, H\u00f6flichkeitstabletts stehen zu Ihrer Verf\u00fcgung<br \/>\n\u2013 Gruppenkonditionen (f\u00fcr mindestens 2 aufeinanderfolgende N\u00e4chte)<\/p>\n<\/div><div class=\"fusion-image-element \" style=\"--awb-caption-title-font-family:var(--h2_typography-font-family);--awb-caption-title-font-weight:var(--h2_typography-font-weight);--awb-caption-title-font-style:var(--h2_typography-font-style);--awb-caption-title-size:var(--h2_typography-font-size);--awb-caption-title-transform:var(--h2_typography-text-transform);--awb-caption-title-line-height:var(--h2_typography-line-height);--awb-caption-title-letter-spacing:var(--h2_typography-letter-spacing);\"><span class=\" fusion-imageframe imageframe-none imageframe-1 hover-type-none\"><a href=\"https:\/\/cedre-et-charme.fr\/wp-content\/uploads\/2017\/03\/Chambres-dh\u00f4tes-en-Touraine-C\u00e8dre-et-Charme-13-Jardin-en-fleur-et-piscine.jpg\" class=\"fusion-lightbox\" data-rel=\"iLightbox[ccb7ea0b75ba3b3cdad]\" data-caption=\"Parc et piscine\" data-title=\"Chambres d&#8217;h\u00f4tes en Touraine &#8211; C\u00e8dre et Charme -13- Jardin en fleur et piscine\" title=\"Chambres d&#8217;h\u00f4tes en Touraine &#8211; C\u00e8dre et Charme -13- Jardin en fleur et piscine\"><img decoding=\"async\" width=\"1024\" height=\"768\" src=\"https:\/\/cedre-et-charme.fr\/wp-content\/uploads\/2017\/03\/Chambres-dh\u00f4tes-en-Touraine-C\u00e8dre-et-Charme-13-Jardin-en-fleur-et-piscine.jpg\" alt class=\"img-responsive wp-image-5124\" srcset=\"https:\/\/cedre-et-charme.fr\/wp-content\/uploads\/2017\/03\/Chambres-dh\u00f4tes-en-Touraine-C\u00e8dre-et-Charme-13-Jardin-en-fleur-et-piscine-100x75.jpg 100w, https:\/\/cedre-et-charme.fr\/wp-content\/uploads\/2017\/03\/Chambres-dh\u00f4tes-en-Touraine-C\u00e8dre-et-Charme-13-Jardin-en-fleur-et-piscine-300x225.jpg 300w, https:\/\/cedre-et-charme.fr\/wp-content\/uploads\/2017\/03\/Chambres-dh\u00f4tes-en-Touraine-C\u00e8dre-et-Charme-13-Jardin-en-fleur-et-piscine-768x576.jpg 768w, https:\/\/cedre-et-charme.fr\/wp-content\/uploads\/2017\/03\/Chambres-dh\u00f4tes-en-Touraine-C\u00e8dre-et-Charme-13-Jardin-en-fleur-et-piscine.jpg 1024w\" sizes=\"(max-width: 1024px) 100vw, 1024px\" \/><\/a><\/span><\/div><div class=\"fusion-text fusion-text-2 legende\" style=\"--awb-text-transform:none;\"><p>Maison C\u00e8dre et Charme \u2013 \u00dcberdachtes und beheiztes Schwimmbad von April bis November<\/p>\n<\/div><div class=\"fusion-text fusion-text-3\" style=\"--awb-text-transform:none;\"><p>Z\u00f6gern Sie nicht, uns f\u00fcr Ihre Aufenthalte mit Familie oder Freunden zu kontaktieren.<br \/>\nUnd erhalten Sie Ihre Gruppenkonditionen (5 Zimmer, 2 aufeinanderfolgende N\u00e4chte), um die Touraine besser zu genie\u00dfen!<\/p>\n<p>Das <strong>G\u00eete C\u00e8dre et Charme<\/strong> bietet eine weitere M\u00f6glichkeit f\u00fcr einen Gruppenaufenthalt (freistehendes Haus \u2013 5 Schlafzimmer \u2013 14 Erwachsene oder maximal 15 Personen). Garantierte Entspannung das ganze Jahr \u00fcber dank au\u00dfergew\u00f6hnlichem Komfort und Hallenbad. Fotos der Gites auf unserer Seite <a href=\"https:\/\/cedre-et-charme.fr\/photos-du-gite\/\">https:\/\/cedre-et-charme.fr\/photos-du-gite\/.<\/a><\/p>\n<p>F\u00fcr <strong>gro\u00dfe Gruppen von mehr als 15 Personen und bis zu 30 Personen<\/strong> ist es m\u00f6glich, <strong>unsere G\u00e4stezimmer<\/strong> (5 Zimmer \u2013 14 Erwachsene oder maximal 15 Personen) und die <strong>G\u00eete<\/strong> (5 Zimmer \u2013 14 Erwachsene oder maximal 15 Personen) zu buchen ein gelungener Aufenthalt alle zusammen. Das G\u00e4stehaus und die G\u00eete sind zwei unabh\u00e4ngige H\u00e4user, 30 m voneinander entfernt, die \u00fcber den Garten miteinander verbunden sind. Weitere Informationen auf unserer Seite <a href=\"https:\/\/cedre-et-charme.fr\/gite-cedre-charme\/\">https:\/\/cedre-et-charme.fr\/gite-cedre-charme\/<\/a><\/p>\n<p>Z\u00f6gern Sie nicht, uns f\u00fcr weitere Informationen zu kontaktieren: <a href=\"mailto:contact@cedre-et-charme.fr\">contact@cedre-et-charme.fr<\/a><\/p>\n<\/div><\/div><\/div><\/div><\/div>\n","protected":false},"excerpt":{"rendered":"","protected":false},"author":3,"featured_media":0,"parent":0,"menu_order":0,"comment_status":"closed","ping_status":"closed","template":"100-width.php","meta":{"footnotes":""},"class_list":["post-5663","page","type-page","status-publish","hentry"],"yoast_head":"<!-- This site is optimized with the Yoast SEO plugin v27.4 - https:\/\/yoast.com\/product\/yoast-seo-wordpress\/ -->\n<title>F\u00fcr Gruppen - Maison hotes Cedre et Charme<\/title>\n<meta name=\"robots\" content=\"index, follow, max-snippet:-1, max-image-preview:large, max-video-preview:-1\" \/>\n<link rel=\"canonical\" href=\"https:\/\/cedre-et-charme.fr\/de\/fuer-gruppen\/\" \/>\n<meta property=\"og:locale\" content=\"de_DE\" \/>\n<meta property=\"og:type\" content=\"article\" \/>\n<meta property=\"og:title\" content=\"F\u00fcr Gruppen - Maison hotes Cedre et Charme\" \/>\n<meta property=\"og:url\" content=\"https:\/\/cedre-et-charme.fr\/de\/fuer-gruppen\/\" \/>\n<meta property=\"og:site_name\" content=\"Maison hotes Cedre et Charme\" \/>\n<meta property=\"article:publisher\" content=\"https:\/\/www.facebook.com\/cedre.et.charme\/\" \/>\n<meta property=\"article:modified_time\" content=\"2022-04-06T09:10:29+00:00\" \/>\n<script type=\"application\/ld+json\" class=\"yoast-schema-graph\">{\"@context\":\"https:\\\/\\\/schema.org\",\"@graph\":[{\"@type\":\"WebPage\",\"@id\":\"https:\\\/\\\/cedre-et-charme.fr\\\/de\\\/fuer-gruppen\\\/\",\"url\":\"https:\\\/\\\/cedre-et-charme.fr\\\/de\\\/fuer-gruppen\\\/\",\"name\":\"F\u00fcr Gruppen - Maison hotes Cedre et Charme\",\"isPartOf\":{\"@id\":\"https:\\\/\\\/cedre-et-charme.fr\\\/de\\\/#website\"},\"datePublished\":\"2017-03-29T17:44:20+00:00\",\"dateModified\":\"2022-04-06T09:10:29+00:00\",\"breadcrumb\":{\"@id\":\"https:\\\/\\\/cedre-et-charme.fr\\\/de\\\/fuer-gruppen\\\/#breadcrumb\"},\"inLanguage\":\"de\",\"potentialAction\":[{\"@type\":\"ReadAction\",\"target\":[\"https:\\\/\\\/cedre-et-charme.fr\\\/de\\\/fuer-gruppen\\\/\"]}]},{\"@type\":\"BreadcrumbList\",\"@id\":\"https:\\\/\\\/cedre-et-charme.fr\\\/de\\\/fuer-gruppen\\\/#breadcrumb\",\"itemListElement\":[{\"@type\":\"ListItem\",\"position\":1,\"name\":\"Home\",\"item\":\"https:\\\/\\\/cedre-et-charme.fr\\\/de\\\/beispielseite\\\/\"},{\"@type\":\"ListItem\",\"position\":2,\"name\":\"F\u00fcr Gruppen\"}]},{\"@type\":\"WebSite\",\"@id\":\"https:\\\/\\\/cedre-et-charme.fr\\\/de\\\/#website\",\"url\":\"https:\\\/\\\/cedre-et-charme.fr\\\/de\\\/\",\"name\":\"Maison hotes Cedre et Charme\",\"description\":\"Chambre d&#039;h\u00f4te en Touraine \\\/ Bed &amp; Breakfast in France Center and Loire Valley\",\"potentialAction\":[{\"@type\":\"SearchAction\",\"target\":{\"@type\":\"EntryPoint\",\"urlTemplate\":\"https:\\\/\\\/cedre-et-charme.fr\\\/de\\\/?s={search_term_string}\"},\"query-input\":{\"@type\":\"PropertyValueSpecification\",\"valueRequired\":true,\"valueName\":\"search_term_string\"}}],\"inLanguage\":\"de\"}]}<\/script>\n<!-- \/ Yoast SEO plugin. -->","yoast_head_json":{"title":"F\u00fcr Gruppen - Maison hotes Cedre et Charme","robots":{"index":"index","follow":"follow","max-snippet":"max-snippet:-1","max-image-preview":"max-image-preview:large","max-video-preview":"max-video-preview:-1"},"canonical":"https:\/\/cedre-et-charme.fr\/de\/fuer-gruppen\/","og_locale":"de_DE","og_type":"article","og_title":"F\u00fcr Gruppen - Maison hotes Cedre et Charme","og_url":"https:\/\/cedre-et-charme.fr\/de\/fuer-gruppen\/","og_site_name":"Maison hotes Cedre et Charme","article_publisher":"https:\/\/www.facebook.com\/cedre.et.charme\/","article_modified_time":"2022-04-06T09:10:29+00:00","schema":{"@context":"https:\/\/schema.org","@graph":[{"@type":"WebPage","@id":"https:\/\/cedre-et-charme.fr\/de\/fuer-gruppen\/","url":"https:\/\/cedre-et-charme.fr\/de\/fuer-gruppen\/","name":"F\u00fcr Gruppen - Maison hotes Cedre et Charme","isPartOf":{"@id":"https:\/\/cedre-et-charme.fr\/de\/#website"},"datePublished":"2017-03-29T17:44:20+00:00","dateModified":"2022-04-06T09:10:29+00:00","breadcrumb":{"@id":"https:\/\/cedre-et-charme.fr\/de\/fuer-gruppen\/#breadcrumb"},"inLanguage":"de","potentialAction":[{"@type":"ReadAction","target":["https:\/\/cedre-et-charme.fr\/de\/fuer-gruppen\/"]}]},{"@type":"BreadcrumbList","@id":"https:\/\/cedre-et-charme.fr\/de\/fuer-gruppen\/#breadcrumb","itemListElement":[{"@type":"ListItem","position":1,"name":"Home","item":"https:\/\/cedre-et-charme.fr\/de\/beispielseite\/"},{"@type":"ListItem","position":2,"name":"F\u00fcr Gruppen"}]},{"@type":"WebSite","@id":"https:\/\/cedre-et-charme.fr\/de\/#website","url":"https:\/\/cedre-et-charme.fr\/de\/","name":"Maison hotes Cedre et Charme","description":"Chambre d&#039;h\u00f4te en Touraine \/ Bed &amp; Breakfast in France Center and Loire Valley","potentialAction":[{"@type":"SearchAction","target":{"@type":"EntryPoint","urlTemplate":"https:\/\/cedre-et-charme.fr\/de\/?s={search_term_string}"},"query-input":{"@type":"PropertyValueSpecification","valueRequired":true,"valueName":"search_term_string"}}],"inLanguage":"de"}]}},"_links":{"self":[{"href":"https:\/\/cedre-et-charme.fr\/de\/wp-json\/wp\/v2\/pages\/5663","targetHints":{"allow":["GET"]}}],"collection":[{"href":"https:\/\/cedre-et-charme.fr\/de\/wp-json\/wp\/v2\/pages"}],"about":[{"href":"https:\/\/cedre-et-charme.fr\/de\/wp-json\/wp\/v2\/types\/page"}],"author":[{"embeddable":true,"href":"https:\/\/cedre-et-charme.fr\/de\/wp-json\/wp\/v2\/users\/3"}],"replies":[{"embeddable":true,"href":"https:\/\/cedre-et-charme.fr\/de\/wp-json\/wp\/v2\/comments?post=5663"}],"version-history":[{"count":5,"href":"https:\/\/cedre-et-charme.fr\/de\/wp-json\/wp\/v2\/pages\/5663\/revisions"}],"predecessor-version":[{"id":7053,"href":"https:\/\/cedre-et-charme.fr\/de\/wp-json\/wp\/v2\/pages\/5663\/revisions\/7053"}],"wp:attachment":[{"href":"https:\/\/cedre-et-charme.fr\/de\/wp-json\/wp\/v2\/media?parent=5663"}],"curies":[{"name":"wp","href":"https:\/\/api.w.org\/{rel}","templated":true}]}}