{"id":5655,"date":"2017-03-29T17:09:55","date_gmt":"2017-03-29T17:09:55","guid":{"rendered":"https:\/\/cedre-et-charme.fr\/fuer-profis\/"},"modified":"2022-04-07T11:35:04","modified_gmt":"2022-04-07T11:35:04","slug":"fuer-profis","status":"publish","type":"page","link":"https:\/\/cedre-et-charme.fr\/de\/fuer-profis\/","title":{"rendered":"F\u00fcr Profis"},"content":{"rendered":"<div class=\"fusion-fullwidth fullwidth-box fusion-builder-row-1 fusion-flex-container nonhundred-percent-fullwidth non-hundred-percent-height-scrolling ctnr-simple \" style=\"--awb-border-radius-top-left:0px;--awb-border-radius-top-right:0px;--awb-border-radius-bottom-right:0px;--awb-border-radius-bottom-left:0px;--awb-flex-wrap:wrap;\" ><div class=\"fusion-builder-row fusion-row fusion-flex-align-items-center fusion-flex-justify-content-center fusion-flex-content-wrap\" style=\"max-width:1456px;margin-left: calc(-4% \/ 2 );margin-right: calc(-4% \/ 2 );\"><div class=\"fusion-layout-column fusion_builder_column fusion-builder-column-0 fusion_builder_column_1_1 1_1 fusion-flex-column\" style=\"--awb-bg-size:cover;--awb-width-large:100%;--awb-margin-top-large:0px;--awb-spacing-right-large:1.92%;--awb-margin-bottom-large:0px;--awb-spacing-left-large:1.92%;--awb-width-medium:100%;--awb-order-medium:0;--awb-spacing-right-medium:1.92%;--awb-spacing-left-medium:1.92%;--awb-width-small:100%;--awb-order-small:0;--awb-spacing-right-small:1.92%;--awb-spacing-left-small:1.92%;\"><div class=\"fusion-column-wrapper fusion-column-has-shadow fusion-flex-justify-content-flex-start fusion-content-layout-column\"><div class=\"fusion-title title fusion-title-1 fusion-sep-none fusion-title-center fusion-title-text fusion-title-size-one\" style=\"--awb-margin-top-small:0px;--awb-margin-right-small:0px;--awb-margin-bottom-small:20px;--awb-margin-left-small:0px;\"><h1 class=\"fusion-title-heading title-heading-center\" style=\"margin:0;\">F\u00fcr Profis<\/h1><\/div><\/div><\/div><div class=\"fusion-layout-column fusion_builder_column fusion-builder-column-1 fusion_builder_column_3_4 3_4 fusion-flex-column\" style=\"--awb-bg-size:cover;--awb-width-large:75%;--awb-margin-top-large:0px;--awb-spacing-right-large:2.56%;--awb-margin-bottom-large:0px;--awb-spacing-left-large:2.56%;--awb-width-medium:100%;--awb-order-medium:0;--awb-spacing-right-medium:1.92%;--awb-spacing-left-medium:1.92%;--awb-width-small:100%;--awb-order-small:0;--awb-spacing-right-small:1.92%;--awb-spacing-left-small:1.92%;\"><div class=\"fusion-column-wrapper fusion-column-has-shadow fusion-flex-justify-content-flex-start fusion-content-layout-column\"><div class=\"fusion-text fusion-text-1 col-inside\" style=\"--awb-text-transform:none;\"><p>Die G\u00e4stezimmer C\u00e8dre et Charme sind ideal f\u00fcr Gesch\u00e4ftsreisende in der Touraine.<\/p>\n<p>Du wirst finden :<br \/>\n\u2013 Ger\u00e4umige Zimmer, sehr bequeme Betten, moderne Badezimmer<br \/>\n\u2013 Ein Schreibtisch, ein WLAN- und Kabelanschluss in jedem Zimmer<br \/>\n\u2013 Fernsehen auf Ihrem Zimmer, kostenlos auf Anfrage<br \/>\n\u2013 Ein reichhaltiges und schmackhaftes Genussfr\u00fchst\u00fcck<br \/>\n\u2013 Ein m\u00f6gliches Abendessen auf Reservierung f\u00fcr Ihren abendlichen Zwischenstopp oder die Nutzung der unseren G\u00e4sten gewidmeten K\u00fcche<br \/>\n\u2013 Eine ruhige, entspannende Umgebung mit Park und Schwimmbadbereich<br \/>\n\u2013 Dienstleistungen und Komfort: \u00fcberdachter Parkplatz, blaue Lounge, gro\u00dfe Lounge, H\u00f6flichkeitstabletts stehen zu Ihrer Verf\u00fcgung<br \/>\n\u2013 Den Profis vorbehaltene Preiskonditionen (werktags, au\u00dferhalb der Schulferien)<\/p>\n<\/div><div class=\"fusion-image-element \" style=\"--awb-caption-title-font-family:var(--h2_typography-font-family);--awb-caption-title-font-weight:var(--h2_typography-font-weight);--awb-caption-title-font-style:var(--h2_typography-font-style);--awb-caption-title-size:var(--h2_typography-font-size);--awb-caption-title-transform:var(--h2_typography-text-transform);--awb-caption-title-line-height:var(--h2_typography-line-height);--awb-caption-title-letter-spacing:var(--h2_typography-letter-spacing);\"><span class=\" fusion-imageframe imageframe-none imageframe-1 hover-type-none\"><a href=\"https:\/\/cedre-et-charme.fr\/wp-content\/uploads\/2017\/03\/Chambres-dh\u00f4tes-en-Touraine-C\u00e8dre-et-Charme-Bureau-chambre-Harmonie-1024x768.jpg\" class=\"fusion-lightbox\" data-rel=\"iLightbox[61fb9099e2c1e29402b]\" data-caption=\"Bureau chambre Harmonie\" data-title=\"Chambres d&#8217;h\u00f4tes en Touraine &#8211; C\u00e8dre et Charme &#8211; Bureau chambre Harmonie -1024&#215;768\" title=\"Chambres d&#8217;h\u00f4tes en Touraine &#8211; C\u00e8dre et Charme &#8211; Bureau chambre Harmonie -1024&#215;768\"><img decoding=\"async\" width=\"1024\" height=\"768\" src=\"https:\/\/cedre-et-charme.fr\/wp-content\/uploads\/2017\/03\/Chambres-dh\u00f4tes-en-Touraine-C\u00e8dre-et-Charme-Bureau-chambre-Harmonie-1024x768.jpg\" alt class=\"img-responsive wp-image-5126\" srcset=\"https:\/\/cedre-et-charme.fr\/wp-content\/uploads\/2017\/03\/Chambres-dh\u00f4tes-en-Touraine-C\u00e8dre-et-Charme-Bureau-chambre-Harmonie-1024x768-100x75.jpg 100w, https:\/\/cedre-et-charme.fr\/wp-content\/uploads\/2017\/03\/Chambres-dh\u00f4tes-en-Touraine-C\u00e8dre-et-Charme-Bureau-chambre-Harmonie-1024x768-300x225.jpg 300w, https:\/\/cedre-et-charme.fr\/wp-content\/uploads\/2017\/03\/Chambres-dh\u00f4tes-en-Touraine-C\u00e8dre-et-Charme-Bureau-chambre-Harmonie-1024x768-768x576.jpg 768w, https:\/\/cedre-et-charme.fr\/wp-content\/uploads\/2017\/03\/Chambres-dh\u00f4tes-en-Touraine-C\u00e8dre-et-Charme-Bureau-chambre-Harmonie-1024x768.jpg 1024w\" sizes=\"(max-width: 1024px) 100vw, 1024px\" \/><\/a><\/span><\/div><div class=\"fusion-text fusion-text-2 legende\" style=\"--awb-text-transform:none;\"><p>Maison C\u00e8dre et Charme \u2013 M\u00e9lodie Schlafzimmer und sein B\u00fcro<\/p>\n<\/div><div class=\"fusion-text fusion-text-3\" style=\"--awb-text-transform:none;\"><p>Z\u00f6gern Sie nicht, uns f\u00fcr Ihre beruflichen Aufenthalte in der N\u00e4he von Tours, Sorigny, Cormery oder Loches zu kontaktieren!<br \/>\nUnd erhalten Sie Ihre professionellen Konditionen (f\u00fcr eine Person: <strong>95<\/strong> \u20ac pro Nacht, unter der Woche und au\u00dferhalb der Schulferien, f\u00fcr mindestens 2 aufeinanderfolgende N\u00e4chte, Kurtaxe und Fr\u00fchst\u00fcck inbegriffen).<\/p>\n<\/div><\/div><\/div><\/div><\/div>\n","protected":false},"excerpt":{"rendered":"","protected":false},"author":3,"featured_media":0,"parent":0,"menu_order":0,"comment_status":"closed","ping_status":"closed","template":"100-width.php","meta":{"footnotes":""},"class_list":["post-5655","page","type-page","status-publish","hentry"],"yoast_head":"<!-- This site is optimized with the Yoast SEO plugin v27.4 - https:\/\/yoast.com\/product\/yoast-seo-wordpress\/ -->\n<title>F\u00fcr Profis - Maison hotes Cedre et Charme<\/title>\n<meta name=\"robots\" content=\"index, follow, max-snippet:-1, max-image-preview:large, max-video-preview:-1\" \/>\n<link rel=\"canonical\" href=\"https:\/\/cedre-et-charme.fr\/de\/fuer-profis\/\" \/>\n<meta property=\"og:locale\" content=\"de_DE\" \/>\n<meta property=\"og:type\" content=\"article\" \/>\n<meta property=\"og:title\" content=\"F\u00fcr Profis - Maison hotes Cedre et Charme\" \/>\n<meta property=\"og:url\" content=\"https:\/\/cedre-et-charme.fr\/de\/fuer-profis\/\" \/>\n<meta property=\"og:site_name\" content=\"Maison hotes Cedre et Charme\" \/>\n<meta property=\"article:publisher\" content=\"https:\/\/www.facebook.com\/cedre.et.charme\/\" \/>\n<meta property=\"article:modified_time\" content=\"2022-04-07T11:35:04+00:00\" \/>\n<script type=\"application\/ld+json\" class=\"yoast-schema-graph\">{\"@context\":\"https:\\\/\\\/schema.org\",\"@graph\":[{\"@type\":\"WebPage\",\"@id\":\"https:\\\/\\\/cedre-et-charme.fr\\\/de\\\/fuer-profis\\\/\",\"url\":\"https:\\\/\\\/cedre-et-charme.fr\\\/de\\\/fuer-profis\\\/\",\"name\":\"F\u00fcr Profis - Maison hotes Cedre et Charme\",\"isPartOf\":{\"@id\":\"https:\\\/\\\/cedre-et-charme.fr\\\/de\\\/#website\"},\"datePublished\":\"2017-03-29T17:09:55+00:00\",\"dateModified\":\"2022-04-07T11:35:04+00:00\",\"breadcrumb\":{\"@id\":\"https:\\\/\\\/cedre-et-charme.fr\\\/de\\\/fuer-profis\\\/#breadcrumb\"},\"inLanguage\":\"de\",\"potentialAction\":[{\"@type\":\"ReadAction\",\"target\":[\"https:\\\/\\\/cedre-et-charme.fr\\\/de\\\/fuer-profis\\\/\"]}]},{\"@type\":\"BreadcrumbList\",\"@id\":\"https:\\\/\\\/cedre-et-charme.fr\\\/de\\\/fuer-profis\\\/#breadcrumb\",\"itemListElement\":[{\"@type\":\"ListItem\",\"position\":1,\"name\":\"Home\",\"item\":\"https:\\\/\\\/cedre-et-charme.fr\\\/de\\\/beispielseite\\\/\"},{\"@type\":\"ListItem\",\"position\":2,\"name\":\"F\u00fcr Profis\"}]},{\"@type\":\"WebSite\",\"@id\":\"https:\\\/\\\/cedre-et-charme.fr\\\/de\\\/#website\",\"url\":\"https:\\\/\\\/cedre-et-charme.fr\\\/de\\\/\",\"name\":\"Maison hotes Cedre et Charme\",\"description\":\"Chambre d&#039;h\u00f4te en Touraine \\\/ Bed &amp; Breakfast in France Center and Loire Valley\",\"potentialAction\":[{\"@type\":\"SearchAction\",\"target\":{\"@type\":\"EntryPoint\",\"urlTemplate\":\"https:\\\/\\\/cedre-et-charme.fr\\\/de\\\/?s={search_term_string}\"},\"query-input\":{\"@type\":\"PropertyValueSpecification\",\"valueRequired\":true,\"valueName\":\"search_term_string\"}}],\"inLanguage\":\"de\"}]}<\/script>\n<!-- \/ Yoast SEO plugin. -->","yoast_head_json":{"title":"F\u00fcr Profis - Maison hotes Cedre et Charme","robots":{"index":"index","follow":"follow","max-snippet":"max-snippet:-1","max-image-preview":"max-image-preview:large","max-video-preview":"max-video-preview:-1"},"canonical":"https:\/\/cedre-et-charme.fr\/de\/fuer-profis\/","og_locale":"de_DE","og_type":"article","og_title":"F\u00fcr Profis - Maison hotes Cedre et Charme","og_url":"https:\/\/cedre-et-charme.fr\/de\/fuer-profis\/","og_site_name":"Maison hotes Cedre et Charme","article_publisher":"https:\/\/www.facebook.com\/cedre.et.charme\/","article_modified_time":"2022-04-07T11:35:04+00:00","schema":{"@context":"https:\/\/schema.org","@graph":[{"@type":"WebPage","@id":"https:\/\/cedre-et-charme.fr\/de\/fuer-profis\/","url":"https:\/\/cedre-et-charme.fr\/de\/fuer-profis\/","name":"F\u00fcr Profis - Maison hotes Cedre et Charme","isPartOf":{"@id":"https:\/\/cedre-et-charme.fr\/de\/#website"},"datePublished":"2017-03-29T17:09:55+00:00","dateModified":"2022-04-07T11:35:04+00:00","breadcrumb":{"@id":"https:\/\/cedre-et-charme.fr\/de\/fuer-profis\/#breadcrumb"},"inLanguage":"de","potentialAction":[{"@type":"ReadAction","target":["https:\/\/cedre-et-charme.fr\/de\/fuer-profis\/"]}]},{"@type":"BreadcrumbList","@id":"https:\/\/cedre-et-charme.fr\/de\/fuer-profis\/#breadcrumb","itemListElement":[{"@type":"ListItem","position":1,"name":"Home","item":"https:\/\/cedre-et-charme.fr\/de\/beispielseite\/"},{"@type":"ListItem","position":2,"name":"F\u00fcr Profis"}]},{"@type":"WebSite","@id":"https:\/\/cedre-et-charme.fr\/de\/#website","url":"https:\/\/cedre-et-charme.fr\/de\/","name":"Maison hotes Cedre et Charme","description":"Chambre d&#039;h\u00f4te en Touraine \/ Bed &amp; Breakfast in France Center and Loire Valley","potentialAction":[{"@type":"SearchAction","target":{"@type":"EntryPoint","urlTemplate":"https:\/\/cedre-et-charme.fr\/de\/?s={search_term_string}"},"query-input":{"@type":"PropertyValueSpecification","valueRequired":true,"valueName":"search_term_string"}}],"inLanguage":"de"}]}},"_links":{"self":[{"href":"https:\/\/cedre-et-charme.fr\/de\/wp-json\/wp\/v2\/pages\/5655","targetHints":{"allow":["GET"]}}],"collection":[{"href":"https:\/\/cedre-et-charme.fr\/de\/wp-json\/wp\/v2\/pages"}],"about":[{"href":"https:\/\/cedre-et-charme.fr\/de\/wp-json\/wp\/v2\/types\/page"}],"author":[{"embeddable":true,"href":"https:\/\/cedre-et-charme.fr\/de\/wp-json\/wp\/v2\/users\/3"}],"replies":[{"embeddable":true,"href":"https:\/\/cedre-et-charme.fr\/de\/wp-json\/wp\/v2\/comments?post=5655"}],"version-history":[{"count":5,"href":"https:\/\/cedre-et-charme.fr\/de\/wp-json\/wp\/v2\/pages\/5655\/revisions"}],"predecessor-version":[{"id":7061,"href":"https:\/\/cedre-et-charme.fr\/de\/wp-json\/wp\/v2\/pages\/5655\/revisions\/7061"}],"wp:attachment":[{"href":"https:\/\/cedre-et-charme.fr\/de\/wp-json\/wp\/v2\/media?parent=5655"}],"curies":[{"name":"wp","href":"https:\/\/api.w.org\/{rel}","templated":true}]}}