{"id":5644,"date":"2014-07-16T10:25:37","date_gmt":"2014-07-16T10:25:37","guid":{"rendered":"https:\/\/cedre-et-charme.fr\/privilegierte-partner\/"},"modified":"2023-02-07T20:31:27","modified_gmt":"2023-02-07T20:31:27","slug":"privilegierte-partner","status":"publish","type":"page","link":"https:\/\/cedre-et-charme.fr\/de\/privilegierte-partner\/","title":{"rendered":"Unsere bevorzugten Partner"},"content":{"rendered":"<div class=\"fusion-fullwidth fullwidth-box fusion-builder-row-1 fusion-flex-container nonhundred-percent-fullwidth non-hundred-percent-height-scrolling ctnr-simple \" style=\"--awb-border-radius-top-left:0px;--awb-border-radius-top-right:0px;--awb-border-radius-bottom-right:0px;--awb-border-radius-bottom-left:0px;--awb-flex-wrap:wrap;\" ><div class=\"fusion-builder-row fusion-row fusion-flex-align-items-center fusion-flex-justify-content-center fusion-flex-content-wrap\" style=\"max-width:1456px;margin-left: calc(-4% \/ 2 );margin-right: calc(-4% \/ 2 );\"><div class=\"fusion-layout-column fusion_builder_column fusion-builder-column-0 fusion_builder_column_1_1 1_1 fusion-flex-column\" style=\"--awb-bg-size:cover;--awb-width-large:100%;--awb-margin-top-large:0px;--awb-spacing-right-large:1.92%;--awb-margin-bottom-large:0px;--awb-spacing-left-large:1.92%;--awb-width-medium:100%;--awb-order-medium:0;--awb-spacing-right-medium:1.92%;--awb-spacing-left-medium:1.92%;--awb-width-small:100%;--awb-order-small:0;--awb-spacing-right-small:1.92%;--awb-spacing-left-small:1.92%;\"><div class=\"fusion-column-wrapper fusion-column-has-shadow fusion-flex-justify-content-flex-start fusion-content-layout-column\"><div class=\"fusion-title title fusion-title-1 fusion-sep-none fusion-title-center fusion-title-text fusion-title-size-one\" style=\"--awb-margin-top-small:0px;--awb-margin-right-small:0px;--awb-margin-bottom-small:20px;--awb-margin-left-small:0px;\"><h1 class=\"fusion-title-heading title-heading-center\" style=\"margin:0;\">Unsere bevorzugten Partner<\/h1><\/div><\/div><\/div><div class=\"fusion-layout-column fusion_builder_column fusion-builder-column-1 fusion_builder_column_3_4 3_4 fusion-flex-column\" style=\"--awb-bg-size:cover;--awb-width-large:75%;--awb-margin-top-large:0px;--awb-spacing-right-large:2.56%;--awb-margin-bottom-large:0px;--awb-spacing-left-large:2.56%;--awb-width-medium:100%;--awb-order-medium:0;--awb-spacing-right-medium:1.92%;--awb-spacing-left-medium:1.92%;--awb-width-small:100%;--awb-order-small:0;--awb-spacing-right-small:1.92%;--awb-spacing-left-small:1.92%;\"><div class=\"fusion-column-wrapper fusion-column-has-shadow fusion-flex-justify-content-flex-start fusion-content-layout-column\"><div class=\"fusion-builder-row fusion-builder-row-inner fusion-row fusion-flex-align-items-center fusion-flex-justify-content-center fusion-flex-content-wrap\" style=\"--awb-flex-grow:0;--awb-flex-grow-medium:0;--awb-flex-grow-small:0;--awb-flex-shrink:0;--awb-flex-shrink-medium:0;--awb-flex-shrink-small:0;width:104% !important;max-width:104% !important;margin-left: calc(-4% \/ 2 );margin-right: calc(-4% \/ 2 );\"><div class=\"fusion-layout-column fusion_builder_column_inner fusion-builder-nested-column-0 fusion_builder_column_inner_1_3 1_3 fusion-flex-column col-tab-image\" style=\"--awb-bg-size:cover;--awb-width-large:33.333333333333%;--awb-margin-top-large:0px;--awb-spacing-right-large:5.76%;--awb-margin-bottom-large:0px;--awb-spacing-left-large:5.76%;--awb-width-medium:100%;--awb-order-medium:0;--awb-spacing-right-medium:1.92%;--awb-spacing-left-medium:1.92%;--awb-width-small:100%;--awb-order-small:0;--awb-spacing-right-small:1.92%;--awb-spacing-left-small:1.92%;\"><div class=\"fusion-column-wrapper fusion-column-has-shadow fusion-flex-justify-content-flex-start fusion-content-layout-column\"><div class=\"fusion-image-element \" style=\"text-align:center;--awb-caption-title-font-family:var(--h2_typography-font-family);--awb-caption-title-font-weight:var(--h2_typography-font-weight);--awb-caption-title-font-style:var(--h2_typography-font-style);--awb-caption-title-size:var(--h2_typography-font-size);--awb-caption-title-transform:var(--h2_typography-text-transform);--awb-caption-title-line-height:var(--h2_typography-line-height);--awb-caption-title-letter-spacing:var(--h2_typography-letter-spacing);\"><span class=\" fusion-imageframe imageframe-none imageframe-1 hover-type-none\"><a href=\"https:\/\/cedre-et-charme.fr\/wp-content\/uploads\/2014\/07\/logo-g\u00eetes-de-france.png\" class=\"fusion-lightbox\" data-rel=\"iLightbox[Bezeichnung]\" data-title=\"logo g\u00eetes de france\" title=\"logo g\u00eetes de france\"><img decoding=\"async\" width=\"100\" height=\"100\" src=\"https:\/\/cedre-et-charme.fr\/wp-content\/uploads\/2014\/07\/logo-g\u00eetes-de-france.png\" alt class=\"img-responsive wp-image-4968\" srcset=\"https:\/\/cedre-et-charme.fr\/wp-content\/uploads\/2014\/07\/logo-g\u00eetes-de-france-60x60.png 60w, https:\/\/cedre-et-charme.fr\/wp-content\/uploads\/2014\/07\/logo-g\u00eetes-de-france-65x65.png 65w, https:\/\/cedre-et-charme.fr\/wp-content\/uploads\/2014\/07\/logo-g\u00eetes-de-france-72x72.png 72w, https:\/\/cedre-et-charme.fr\/wp-content\/uploads\/2014\/07\/logo-g\u00eetes-de-france-75x75.png 75w, https:\/\/cedre-et-charme.fr\/wp-content\/uploads\/2014\/07\/logo-g\u00eetes-de-france-90x90.png 90w, https:\/\/cedre-et-charme.fr\/wp-content\/uploads\/2014\/07\/logo-g\u00eetes-de-france.png 100w\" sizes=\"(max-width: 100px) 100vw, 100px\" \/><\/a><\/span><\/div><div class=\"fusion-text fusion-text-1 legende\" style=\"--awb-text-transform:none;\"><p>4 \u00c4hren f\u00fcr Zeder und Hainbuche &amp; Les Oiseaux du C\u00e8dre<\/p>\n<\/div><\/div><\/div><div class=\"fusion-layout-column fusion_builder_column_inner fusion-builder-nested-column-1 fusion_builder_column_inner_1_3 1_3 fusion-flex-column col-tab-image\" style=\"--awb-bg-size:cover;--awb-width-large:33.333333333333%;--awb-margin-top-large:0px;--awb-spacing-right-large:5.76%;--awb-margin-bottom-large:0px;--awb-spacing-left-large:5.76%;--awb-width-medium:100%;--awb-order-medium:0;--awb-spacing-right-medium:1.92%;--awb-spacing-left-medium:1.92%;--awb-width-small:100%;--awb-order-small:0;--awb-spacing-right-small:1.92%;--awb-spacing-left-small:1.92%;\"><div class=\"fusion-column-wrapper fusion-column-has-shadow fusion-flex-justify-content-flex-start fusion-content-layout-column\"><div class=\"fusion-image-element \" style=\"text-align:center;--awb-caption-title-font-family:var(--h2_typography-font-family);--awb-caption-title-font-weight:var(--h2_typography-font-weight);--awb-caption-title-font-style:var(--h2_typography-font-style);--awb-caption-title-size:var(--h2_typography-font-size);--awb-caption-title-transform:var(--h2_typography-text-transform);--awb-caption-title-line-height:var(--h2_typography-line-height);--awb-caption-title-letter-spacing:var(--h2_typography-letter-spacing);\"><span class=\" fusion-imageframe imageframe-none imageframe-2 hover-type-none\"><a href=\"https:\/\/cedre-et-charme.fr\/wp-content\/uploads\/2022\/03\/CoE2017_WidgetAsset-14348-2.png\" class=\"fusion-lightbox\" data-rel=\"iLightbox[Bezeichnung]\" data-title=\"CoE2017_WidgetAsset-14348-2\" title=\"CoE2017_WidgetAsset-14348-2\"><img decoding=\"async\" width=\"152\" height=\"124\" src=\"https:\/\/cedre-et-charme.fr\/wp-content\/uploads\/2022\/03\/CoE2017_WidgetAsset-14348-2.png\" alt class=\"img-responsive wp-image-5568\"\/><\/a><\/span><\/div><div class=\"fusion-text fusion-text-2 legende\" style=\"--awb-text-transform:none;\"><p>Zertifikat f\u00fcr Exzellenz <span class=\"widCOEDateText\">2017, 2018, 2019,2020,2021<\/span><\/p>\n<\/div><\/div><\/div><div class=\"fusion-layout-column fusion_builder_column_inner fusion-builder-nested-column-2 fusion_builder_column_inner_1_3 1_3 fusion-flex-column col-tab-image\" style=\"--awb-bg-size:cover;--awb-width-large:33.333333333333%;--awb-margin-top-large:0px;--awb-spacing-right-large:5.76%;--awb-margin-bottom-large:0px;--awb-spacing-left-large:5.76%;--awb-width-medium:100%;--awb-order-medium:0;--awb-spacing-right-medium:1.92%;--awb-spacing-left-medium:1.92%;--awb-width-small:100%;--awb-order-small:0;--awb-spacing-right-small:1.92%;--awb-spacing-left-small:1.92%;\"><div class=\"fusion-column-wrapper fusion-column-has-shadow fusion-flex-justify-content-flex-start fusion-content-layout-column\"><div class=\"fusion-image-element \" style=\"text-align:center;--awb-caption-title-font-family:var(--h2_typography-font-family);--awb-caption-title-font-weight:var(--h2_typography-font-weight);--awb-caption-title-font-style:var(--h2_typography-font-style);--awb-caption-title-size:var(--h2_typography-font-size);--awb-caption-title-transform:var(--h2_typography-text-transform);--awb-caption-title-line-height:var(--h2_typography-line-height);--awb-caption-title-letter-spacing:var(--h2_typography-letter-spacing);\"><span class=\" fusion-imageframe imageframe-none imageframe-3 hover-type-none\"><a href=\"https:\/\/cedre-et-charme.fr\/wp-content\/uploads\/2019\/07\/hc-logo-600x300.png\" class=\"fusion-lightbox\" data-rel=\"iLightbox[Bezeichnung]\" data-caption=\"Excellence 2019\" data-title=\"HotelsCombined\" title=\"HotelsCombined\"><img decoding=\"async\" width=\"600\" height=\"300\" src=\"https:\/\/cedre-et-charme.fr\/wp-content\/uploads\/2019\/07\/hc-logo-600x300.png\" alt class=\"img-responsive wp-image-5268\" srcset=\"https:\/\/cedre-et-charme.fr\/wp-content\/uploads\/2019\/07\/hc-logo-600x300-100x50.png 100w, https:\/\/cedre-et-charme.fr\/wp-content\/uploads\/2019\/07\/hc-logo-600x300-300x150.png 300w, https:\/\/cedre-et-charme.fr\/wp-content\/uploads\/2019\/07\/hc-logo-600x300.png 600w\" sizes=\"(max-width: 600px) 100vw, 600px\" \/><\/a><\/span><\/div><div class=\"fusion-text fusion-text-3 legende\" style=\"--awb-text-transform:none;\"><p>Exzellenz 2019<\/p>\n<\/div><\/div><\/div><\/div><div class=\"fusion-text fusion-text-4 col-inside\" style=\"--awb-text-transform:none;\"><p>Wir arbeiten gerne mit <strong>privilegierten Partnern zusammen<\/strong> , die als <strong>Botschafter eines hochwertigen Willkommens<\/strong> anerkannt sind .<\/p>\n<\/div><div class=\"fusion-text fusion-text-5\" style=\"--awb-text-transform:none;\"><p>Wir haben das Gl\u00fcck, einen <strong>Sch\u00f6nheitssalon<\/strong> f\u00fcr Sie &amp; Ihn ganz in unserer N\u00e4he zu haben (4 place du 8 mai 1945 <strong>in Saint Branchs<\/strong>): Rufen Sie Pauline an und z\u00f6gern Sie nicht, Ihre Behandlungen und Massagen bei uns zu buchen! Sie werden dabei eine positive \u00dcberraschung erleben ;-)<\/p>\n<p>Mon Joli Cocon &#8211; 09 83 01 03 04 oder 06 18 21 12 60 &#8211; https:\/\/www.facebook.com\/profile.php?id=100087964541633<\/p>\n<\/div><div class=\"fusion-text fusion-text-6\" style=\"--awb-text-transform:none;\"><p>Wir sind Mitglieder <strong>von G\u00eetes de France<\/strong> und wir sind f\u00fcr unsere 2 H\u00e4user mit <strong>4 \u00c4hren<\/strong> klassifiziert:<\/p>\n<p><a href=\"http:\/\/www.gites-de-france.com\/location-vacances-Saint-branchs-Chambre-d-hotes-Cedre-Et-Charme-37G20491.html\">http:\/\/www.gites-de-france.com\/location-vacances-Saint-branchs-Chambre-d-hotes-Cedre-Et-Charme-37G20491.html<\/a><\/p>\n<p><a href=\"https:\/\/www.gites-de-france.com\/fr\/centre-val-de-loire\/indre-et-loire\/les-oiseaux-du-cedre-37g20492\">https:\/\/www.gites-de-france.com\/fr\/centre-val-de-loire\/indre-et-loire\/les-oiseaux-du-cedre-37g20492<\/a><\/p>\n<\/div><div class=\"fusion-text fusion-text-7\" style=\"--awb-text-transform:none;\"><p>Wir sind Teil der Auswahl von <strong>Alistair Sawday<\/strong> , finden Sie uns auf:<\/p>\n<p><a title=\"http:\/\/www.sawdays.co.uk\/france\/loire-valley\/indre-et-loire\/cedre-et-charme\" href=\"http:\/\/www.sawdays.co.uk\/france\/loire-valley\/indre-et-loire\/cedre-et-charme\" target=\"_blank\" rel=\"noopener noreferrer\">http:\/\/www.sawdays.co.uk\/france\/loire-valley\/indre-et-loire\/cedre-et-charme<\/a><\/p>\n<p>Wir sind Mitglieder des sehr aktiven <strong>Fremdenverkehrsamtes Val de L&#8217;Indre<\/strong> , Sie k\u00f6nnen uns also auch unter <a href=\"http:\/\/www.ot-valdelindre.com\/le-gite-et-le-couvert\/se-loger\/chambres-dhotes\/487225-cedre-et-charme\">http:\/\/www.ot-valdelindre.com\/le-gite-et-le-couvert\/se-loger\/chambres besuchen &#8211; dhotes\/487225-zeder-und-charme<\/a><\/p>\n<\/div><div class=\"fusion-text fusion-text-8 col-inside\" style=\"--awb-text-transform:none;\"><p>2019 Anerkennung f\u00fcr Exzellenz von HotelsCombined<\/p>\n<\/div><div class=\"fusion-image-element \" style=\"--awb-caption-title-font-family:var(--h2_typography-font-family);--awb-caption-title-font-weight:var(--h2_typography-font-weight);--awb-caption-title-font-style:var(--h2_typography-font-style);--awb-caption-title-size:var(--h2_typography-font-size);--awb-caption-title-transform:var(--h2_typography-text-transform);--awb-caption-title-line-height:var(--h2_typography-line-height);--awb-caption-title-letter-spacing:var(--h2_typography-letter-spacing);\"><span class=\" fusion-imageframe imageframe-none imageframe-4 hover-type-none\"><img decoding=\"async\" width=\"265\" height=\"95\" title=\"logo val de Loire Tourisme\" src=\"https:\/\/cedre-et-charme.fr\/wp-content\/uploads\/2014\/07\/logo-val-de-Loire-Tourisme.png\" alt class=\"img-responsive wp-image-4970\" srcset=\"https:\/\/cedre-et-charme.fr\/wp-content\/uploads\/2014\/07\/logo-val-de-Loire-Tourisme-100x35.png 100w, https:\/\/cedre-et-charme.fr\/wp-content\/uploads\/2014\/07\/logo-val-de-Loire-Tourisme.png 265w\" sizes=\"(max-width: 265px) 100vw, 265px\" \/><\/span><\/div><div class=\"fusion-text fusion-text-9\" style=\"--awb-text-transform:none;\"><p>Wir sind auf der <strong>Bed and Breakfast<\/strong> -Website <a href=\"http:\/\/www.chambresdhotes.org\/\">www.chambresdhotes.org<\/a> pr\u00e4sent, die viele Unterk\u00fcnfte in Frankreich auflistet:<\/p>\n<p><a href=\"https:\/\/www.chambresdhotes.org\/Detailed\/103937.html\">https:\/\/www.chambresdhotes.org\/Detailed\/103937.html<\/a><\/p>\n<p>Sie finden uns auf der Website des <strong>Relais Historiques<\/strong> , die die Geschichte, das Erbe, die Kultur und das Savoir-vivre Frankreichs hervorhebt:<\/p>\n<p><a href=\"http:\/\/relais-historiques.fr\/voir-hotel.php?id=17472#\">http:\/\/relais-historiques.fr\/voir-hotel.php?id=17472#<\/a><\/p>\n<\/div><div class=\"fusion-text fusion-text-10\" style=\"--awb-text-transform:none;\"><p>Wir empfehlen Ihnen gerne die Unternehmen, denen wir bei Renovierungsarbeiten vertrauen <a href=\"https:\/\/cedre-et-charme.fr\/de\/renovierung\/\">https:\/\/cedre-et-charme.fr\/renovation\/<\/a><\/p>\n<\/div><div class=\"fusion-image-element \" style=\"--awb-caption-title-font-family:var(--h2_typography-font-family);--awb-caption-title-font-weight:var(--h2_typography-font-weight);--awb-caption-title-font-style:var(--h2_typography-font-style);--awb-caption-title-size:var(--h2_typography-font-size);--awb-caption-title-transform:var(--h2_typography-text-transform);--awb-caption-title-line-height:var(--h2_typography-line-height);--awb-caption-title-letter-spacing:var(--h2_typography-letter-spacing);\"><span class=\" fusion-imageframe imageframe-none imageframe-5 hover-type-none\"><img decoding=\"async\" width=\"329\" height=\"124\" title=\"Capture Logo Relais Histriques bis\" src=\"https:\/\/cedre-et-charme.fr\/wp-content\/uploads\/2014\/07\/Capture-Logo-Relais-Histriques-bis.jpg\" alt class=\"img-responsive wp-image-5116\" srcset=\"https:\/\/cedre-et-charme.fr\/wp-content\/uploads\/2014\/07\/Capture-Logo-Relais-Histriques-bis-100x38.jpg 100w, https:\/\/cedre-et-charme.fr\/wp-content\/uploads\/2014\/07\/Capture-Logo-Relais-Histriques-bis-300x113.jpg 300w, https:\/\/cedre-et-charme.fr\/wp-content\/uploads\/2014\/07\/Capture-Logo-Relais-Histriques-bis.jpg 329w\" sizes=\"(max-width: 329px) 100vw, 329px\" \/><\/span><\/div><\/div><\/div><\/div><\/div>\n","protected":false},"excerpt":{"rendered":"","protected":false},"author":3,"featured_media":0,"parent":0,"menu_order":0,"comment_status":"closed","ping_status":"open","template":"100-width.php","meta":{"footnotes":""},"class_list":["post-5644","page","type-page","status-publish","hentry"],"yoast_head":"<!-- This site is optimized with the Yoast SEO plugin v27.4 - https:\/\/yoast.com\/product\/yoast-seo-wordpress\/ -->\n<title>Unsere bevorzugten Partner - Maison hotes Cedre et Charme<\/title>\n<meta name=\"description\" content=\"Die privilegierten Partner von C\u00e8dre et Charme Excellence: 4 \u00c4hren bei G\u00eetes de France, 5\/5 bei Tripadvisor, Auswahl an Sawday&#039;s, ...\" \/>\n<meta name=\"robots\" content=\"index, follow, max-snippet:-1, max-image-preview:large, max-video-preview:-1\" \/>\n<link rel=\"canonical\" href=\"https:\/\/cedre-et-charme.fr\/de\/privilegierte-partner\/\" \/>\n<meta property=\"og:locale\" content=\"de_DE\" \/>\n<meta property=\"og:type\" content=\"article\" \/>\n<meta property=\"og:title\" content=\"Unsere bevorzugten Partner - Maison hotes Cedre et Charme\" \/>\n<meta property=\"og:description\" content=\"Die privilegierten Partner von C\u00e8dre et Charme Excellence: 4 \u00c4hren bei G\u00eetes de France, 5\/5 bei Tripadvisor, Auswahl an Sawday&#039;s, ...\" \/>\n<meta property=\"og:url\" content=\"https:\/\/cedre-et-charme.fr\/de\/privilegierte-partner\/\" \/>\n<meta property=\"og:site_name\" content=\"Maison hotes Cedre et Charme\" \/>\n<meta property=\"article:publisher\" content=\"https:\/\/www.facebook.com\/cedre.et.charme\/\" \/>\n<meta property=\"article:modified_time\" content=\"2023-02-07T20:31:27+00:00\" \/>\n<script type=\"application\/ld+json\" class=\"yoast-schema-graph\">{\"@context\":\"https:\\\/\\\/schema.org\",\"@graph\":[{\"@type\":\"WebPage\",\"@id\":\"https:\\\/\\\/cedre-et-charme.fr\\\/de\\\/privilegierte-partner\\\/\",\"url\":\"https:\\\/\\\/cedre-et-charme.fr\\\/de\\\/privilegierte-partner\\\/\",\"name\":\"Unsere bevorzugten Partner - Maison hotes Cedre et Charme\",\"isPartOf\":{\"@id\":\"https:\\\/\\\/cedre-et-charme.fr\\\/de\\\/#website\"},\"datePublished\":\"2014-07-16T10:25:37+00:00\",\"dateModified\":\"2023-02-07T20:31:27+00:00\",\"description\":\"Die privilegierten Partner von C\u00e8dre et Charme Excellence: 4 \u00c4hren bei G\u00eetes de France, 5\\\/5 bei Tripadvisor, Auswahl an Sawday's, ...\",\"breadcrumb\":{\"@id\":\"https:\\\/\\\/cedre-et-charme.fr\\\/de\\\/privilegierte-partner\\\/#breadcrumb\"},\"inLanguage\":\"de\",\"potentialAction\":[{\"@type\":\"ReadAction\",\"target\":[\"https:\\\/\\\/cedre-et-charme.fr\\\/de\\\/privilegierte-partner\\\/\"]}]},{\"@type\":\"BreadcrumbList\",\"@id\":\"https:\\\/\\\/cedre-et-charme.fr\\\/de\\\/privilegierte-partner\\\/#breadcrumb\",\"itemListElement\":[{\"@type\":\"ListItem\",\"position\":1,\"name\":\"Home\",\"item\":\"https:\\\/\\\/cedre-et-charme.fr\\\/de\\\/beispielseite\\\/\"},{\"@type\":\"ListItem\",\"position\":2,\"name\":\"Unsere bevorzugten Partner\"}]},{\"@type\":\"WebSite\",\"@id\":\"https:\\\/\\\/cedre-et-charme.fr\\\/de\\\/#website\",\"url\":\"https:\\\/\\\/cedre-et-charme.fr\\\/de\\\/\",\"name\":\"Maison hotes Cedre et Charme\",\"description\":\"Chambre d&#039;h\u00f4te en Touraine \\\/ Bed &amp; Breakfast in France Center and Loire Valley\",\"potentialAction\":[{\"@type\":\"SearchAction\",\"target\":{\"@type\":\"EntryPoint\",\"urlTemplate\":\"https:\\\/\\\/cedre-et-charme.fr\\\/de\\\/?s={search_term_string}\"},\"query-input\":{\"@type\":\"PropertyValueSpecification\",\"valueRequired\":true,\"valueName\":\"search_term_string\"}}],\"inLanguage\":\"de\"}]}<\/script>\n<!-- \/ Yoast SEO plugin. -->","yoast_head_json":{"title":"Unsere bevorzugten Partner - Maison hotes Cedre et Charme","description":"Die privilegierten Partner von C\u00e8dre et Charme Excellence: 4 \u00c4hren bei G\u00eetes de France, 5\/5 bei Tripadvisor, Auswahl an Sawday's, ...","robots":{"index":"index","follow":"follow","max-snippet":"max-snippet:-1","max-image-preview":"max-image-preview:large","max-video-preview":"max-video-preview:-1"},"canonical":"https:\/\/cedre-et-charme.fr\/de\/privilegierte-partner\/","og_locale":"de_DE","og_type":"article","og_title":"Unsere bevorzugten Partner - Maison hotes Cedre et Charme","og_description":"Die privilegierten Partner von C\u00e8dre et Charme Excellence: 4 \u00c4hren bei G\u00eetes de France, 5\/5 bei Tripadvisor, Auswahl an Sawday's, ...","og_url":"https:\/\/cedre-et-charme.fr\/de\/privilegierte-partner\/","og_site_name":"Maison hotes Cedre et Charme","article_publisher":"https:\/\/www.facebook.com\/cedre.et.charme\/","article_modified_time":"2023-02-07T20:31:27+00:00","schema":{"@context":"https:\/\/schema.org","@graph":[{"@type":"WebPage","@id":"https:\/\/cedre-et-charme.fr\/de\/privilegierte-partner\/","url":"https:\/\/cedre-et-charme.fr\/de\/privilegierte-partner\/","name":"Unsere bevorzugten Partner - Maison hotes Cedre et Charme","isPartOf":{"@id":"https:\/\/cedre-et-charme.fr\/de\/#website"},"datePublished":"2014-07-16T10:25:37+00:00","dateModified":"2023-02-07T20:31:27+00:00","description":"Die privilegierten Partner von C\u00e8dre et Charme Excellence: 4 \u00c4hren bei G\u00eetes de France, 5\/5 bei Tripadvisor, Auswahl an Sawday's, ...","breadcrumb":{"@id":"https:\/\/cedre-et-charme.fr\/de\/privilegierte-partner\/#breadcrumb"},"inLanguage":"de","potentialAction":[{"@type":"ReadAction","target":["https:\/\/cedre-et-charme.fr\/de\/privilegierte-partner\/"]}]},{"@type":"BreadcrumbList","@id":"https:\/\/cedre-et-charme.fr\/de\/privilegierte-partner\/#breadcrumb","itemListElement":[{"@type":"ListItem","position":1,"name":"Home","item":"https:\/\/cedre-et-charme.fr\/de\/beispielseite\/"},{"@type":"ListItem","position":2,"name":"Unsere bevorzugten Partner"}]},{"@type":"WebSite","@id":"https:\/\/cedre-et-charme.fr\/de\/#website","url":"https:\/\/cedre-et-charme.fr\/de\/","name":"Maison hotes Cedre et Charme","description":"Chambre d&#039;h\u00f4te en Touraine \/ Bed &amp; Breakfast in France Center and Loire Valley","potentialAction":[{"@type":"SearchAction","target":{"@type":"EntryPoint","urlTemplate":"https:\/\/cedre-et-charme.fr\/de\/?s={search_term_string}"},"query-input":{"@type":"PropertyValueSpecification","valueRequired":true,"valueName":"search_term_string"}}],"inLanguage":"de"}]}},"_links":{"self":[{"href":"https:\/\/cedre-et-charme.fr\/de\/wp-json\/wp\/v2\/pages\/5644","targetHints":{"allow":["GET"]}}],"collection":[{"href":"https:\/\/cedre-et-charme.fr\/de\/wp-json\/wp\/v2\/pages"}],"about":[{"href":"https:\/\/cedre-et-charme.fr\/de\/wp-json\/wp\/v2\/types\/page"}],"author":[{"embeddable":true,"href":"https:\/\/cedre-et-charme.fr\/de\/wp-json\/wp\/v2\/users\/3"}],"replies":[{"embeddable":true,"href":"https:\/\/cedre-et-charme.fr\/de\/wp-json\/wp\/v2\/comments?post=5644"}],"version-history":[{"count":5,"href":"https:\/\/cedre-et-charme.fr\/de\/wp-json\/wp\/v2\/pages\/5644\/revisions"}],"predecessor-version":[{"id":7500,"href":"https:\/\/cedre-et-charme.fr\/de\/wp-json\/wp\/v2\/pages\/5644\/revisions\/7500"}],"wp:attachment":[{"href":"https:\/\/cedre-et-charme.fr\/de\/wp-json\/wp\/v2\/media?parent=5644"}],"curies":[{"name":"wp","href":"https:\/\/api.w.org\/{rel}","templated":true}]}}