{"id":5643,"date":"2015-11-18T14:14:01","date_gmt":"2015-11-18T14:14:01","guid":{"rendered":"https:\/\/cedre-et-charme.fr\/die-ausfluege-bei-gt-tours-events-die-urspruengliche-entdeckung-des-loiretals\/"},"modified":"2015-11-18T14:14:01","modified_gmt":"2015-11-18T14:14:01","slug":"die-ausfluege-bei-gt-tours-events-die-urspruengliche-entdeckung-des-loiretals","status":"publish","type":"page","link":"https:\/\/cedre-et-charme.fr\/de\/die-ausfluege-bei-gt-tours-events-die-urspruengliche-entdeckung-des-loiretals\/","title":{"rendered":"GT Tours Events: unvergessliche Kurzurlaube im Loiretal"},"content":{"rendered":"<p>GT Tours Events bietet Ihnen Ausfl\u00fcge an Bord <strong>au\u00dfergew\u00f6hnlicher Fahrzeuge<\/strong> , f\u00fcr einen Tag oder ein Wochenende, f\u00fcr eine originelle und unvergessliche Entdeckung der Region Loiretal&#8230; <\/p>\n<p><a href=\"https:\/\/cedre-et-charme.fr\/wp-content\/uploads\/2015\/11\/logo-gt-tours-events.png\"><img decoding=\"async\" width=\"400\" height=\"100\" src=\"https:\/\/cedre-et-charme.fr\/wp-content\/uploads\/2015\/11\/logo-gt-tours-events.png\" alt=\"logo-gt-tours-events-escapades-inoubliables\" class=\"alignnone size-full wp-image-1418\" srcset=\"https:\/\/cedre-et-charme.fr\/wp-content\/uploads\/2015\/11\/logo-gt-tours-events-100x25.png 100w, https:\/\/cedre-et-charme.fr\/wp-content\/uploads\/2015\/11\/logo-gt-tours-events-300x75.png 300w, https:\/\/cedre-et-charme.fr\/wp-content\/uploads\/2015\/11\/logo-gt-tours-events.png 400w\" sizes=\"(max-width: 400px) 100vw, 400px\" \/><\/a><\/p>\n<p>Ma\u00dfgeschneiderte Fahrzeuge, Eskapaden, Routen und Ausfl\u00fcge, die Sie auf <a href=\"http:\/\/www.gt-tours-events.com\/\">www.gt-tours-events.com<\/a> entdecken k\u00f6nnen<\/p>\n","protected":false},"excerpt":{"rendered":"<p>GT Tours Events bietet Ihnen Ausfl\u00fcge an Bord au\u00dfergew\u00f6hnlicher Fahrzeuge , f\u00fcr einen Tag oder ein Wochenende, f\u00fcr eine originelle und unvergessliche Entdeckung der Region  [&#8230;]<\/p>\n","protected":false},"author":3,"featured_media":0,"parent":0,"menu_order":0,"comment_status":"closed","ping_status":"open","template":"","meta":{"footnotes":""},"class_list":["post-5643","page","type-page","status-publish","hentry"],"yoast_head":"<!-- This site is optimized with the Yoast SEO plugin v27.5 - https:\/\/yoast.com\/product\/yoast-seo-wordpress\/ -->\n<title>GT Tours Events: unvergessliche Kurzurlaube im Loiretal - Maison hotes Cedre et Charme<\/title>\n<meta name=\"description\" content=\"Au\u00dfergew\u00f6hnlicher Kurzurlaub mit dem Auto im Loiretal - Touraine. Unvergessliches Abenteuer mit au\u00dfergew\u00f6hnlichen Autos im Loiretal\" \/>\n<meta name=\"robots\" content=\"index, follow, max-snippet:-1, max-image-preview:large, max-video-preview:-1\" \/>\n<link rel=\"canonical\" href=\"https:\/\/cedre-et-charme.fr\/de\/die-ausfluege-bei-gt-tours-events-die-urspruengliche-entdeckung-des-loiretals\/\" \/>\n<meta property=\"og:locale\" content=\"de_DE\" \/>\n<meta property=\"og:type\" content=\"article\" \/>\n<meta property=\"og:title\" content=\"GT Tours Events: unvergessliche Kurzurlaube im Loiretal - Maison hotes Cedre et Charme\" \/>\n<meta property=\"og:description\" content=\"Au\u00dfergew\u00f6hnlicher Kurzurlaub mit dem Auto im Loiretal - Touraine. Unvergessliches Abenteuer mit au\u00dfergew\u00f6hnlichen Autos im Loiretal\" \/>\n<meta property=\"og:url\" content=\"https:\/\/cedre-et-charme.fr\/de\/die-ausfluege-bei-gt-tours-events-die-urspruengliche-entdeckung-des-loiretals\/\" \/>\n<meta property=\"og:site_name\" content=\"Maison hotes Cedre et Charme\" \/>\n<meta property=\"article:publisher\" content=\"https:\/\/www.facebook.com\/cedre.et.charme\/\" \/>\n<meta property=\"og:image\" content=\"https:\/\/cedre-et-charme.fr\/wp-content\/uploads\/2015\/11\/logo-gt-tours-events.png\" \/>\n<script type=\"application\/ld+json\" class=\"yoast-schema-graph\">{\"@context\":\"https:\\\/\\\/schema.org\",\"@graph\":[{\"@type\":\"WebPage\",\"@id\":\"https:\\\/\\\/cedre-et-charme.fr\\\/de\\\/die-ausfluege-bei-gt-tours-events-die-urspruengliche-entdeckung-des-loiretals\\\/\",\"url\":\"https:\\\/\\\/cedre-et-charme.fr\\\/de\\\/die-ausfluege-bei-gt-tours-events-die-urspruengliche-entdeckung-des-loiretals\\\/\",\"name\":\"GT Tours Events: unvergessliche Kurzurlaube im Loiretal - Maison hotes Cedre et Charme\",\"isPartOf\":{\"@id\":\"https:\\\/\\\/cedre-et-charme.fr\\\/de\\\/#website\"},\"primaryImageOfPage\":{\"@id\":\"https:\\\/\\\/cedre-et-charme.fr\\\/de\\\/die-ausfluege-bei-gt-tours-events-die-urspruengliche-entdeckung-des-loiretals\\\/#primaryimage\"},\"image\":{\"@id\":\"https:\\\/\\\/cedre-et-charme.fr\\\/de\\\/die-ausfluege-bei-gt-tours-events-die-urspruengliche-entdeckung-des-loiretals\\\/#primaryimage\"},\"thumbnailUrl\":\"https:\\\/\\\/cedre-et-charme.fr\\\/wp-content\\\/uploads\\\/2015\\\/11\\\/logo-gt-tours-events.png\",\"datePublished\":\"2015-11-18T14:14:01+00:00\",\"description\":\"Au\u00dfergew\u00f6hnlicher Kurzurlaub mit dem Auto im Loiretal - Touraine. Unvergessliches Abenteuer mit au\u00dfergew\u00f6hnlichen Autos im Loiretal\",\"breadcrumb\":{\"@id\":\"https:\\\/\\\/cedre-et-charme.fr\\\/de\\\/die-ausfluege-bei-gt-tours-events-die-urspruengliche-entdeckung-des-loiretals\\\/#breadcrumb\"},\"inLanguage\":\"de\",\"potentialAction\":[{\"@type\":\"ReadAction\",\"target\":[\"https:\\\/\\\/cedre-et-charme.fr\\\/de\\\/die-ausfluege-bei-gt-tours-events-die-urspruengliche-entdeckung-des-loiretals\\\/\"]}]},{\"@type\":\"ImageObject\",\"inLanguage\":\"de\",\"@id\":\"https:\\\/\\\/cedre-et-charme.fr\\\/de\\\/die-ausfluege-bei-gt-tours-events-die-urspruengliche-entdeckung-des-loiretals\\\/#primaryimage\",\"url\":\"https:\\\/\\\/cedre-et-charme.fr\\\/wp-content\\\/uploads\\\/2015\\\/11\\\/logo-gt-tours-events.png\",\"contentUrl\":\"https:\\\/\\\/cedre-et-charme.fr\\\/wp-content\\\/uploads\\\/2015\\\/11\\\/logo-gt-tours-events.png\"},{\"@type\":\"BreadcrumbList\",\"@id\":\"https:\\\/\\\/cedre-et-charme.fr\\\/de\\\/die-ausfluege-bei-gt-tours-events-die-urspruengliche-entdeckung-des-loiretals\\\/#breadcrumb\",\"itemListElement\":[{\"@type\":\"ListItem\",\"position\":1,\"name\":\"Home\",\"item\":\"https:\\\/\\\/cedre-et-charme.fr\\\/de\\\/beispielseite\\\/\"},{\"@type\":\"ListItem\",\"position\":2,\"name\":\"GT Tours Events: unvergessliche Kurzurlaube im Loiretal\"}]},{\"@type\":\"WebSite\",\"@id\":\"https:\\\/\\\/cedre-et-charme.fr\\\/de\\\/#website\",\"url\":\"https:\\\/\\\/cedre-et-charme.fr\\\/de\\\/\",\"name\":\"Maison hotes Cedre et Charme\",\"description\":\"Chambre d&#039;h\u00f4te en Touraine \\\/ Bed &amp; Breakfast in France Center and Loire Valley\",\"potentialAction\":[{\"@type\":\"SearchAction\",\"target\":{\"@type\":\"EntryPoint\",\"urlTemplate\":\"https:\\\/\\\/cedre-et-charme.fr\\\/de\\\/?s={search_term_string}\"},\"query-input\":{\"@type\":\"PropertyValueSpecification\",\"valueRequired\":true,\"valueName\":\"search_term_string\"}}],\"inLanguage\":\"de\"}]}<\/script>\n<!-- \/ Yoast SEO plugin. -->","yoast_head_json":{"title":"GT Tours Events: unvergessliche Kurzurlaube im Loiretal - Maison hotes Cedre et Charme","description":"Au\u00dfergew\u00f6hnlicher Kurzurlaub mit dem Auto im Loiretal - Touraine. Unvergessliches Abenteuer mit au\u00dfergew\u00f6hnlichen Autos im Loiretal","robots":{"index":"index","follow":"follow","max-snippet":"max-snippet:-1","max-image-preview":"max-image-preview:large","max-video-preview":"max-video-preview:-1"},"canonical":"https:\/\/cedre-et-charme.fr\/de\/die-ausfluege-bei-gt-tours-events-die-urspruengliche-entdeckung-des-loiretals\/","og_locale":"de_DE","og_type":"article","og_title":"GT Tours Events: unvergessliche Kurzurlaube im Loiretal - Maison hotes Cedre et Charme","og_description":"Au\u00dfergew\u00f6hnlicher Kurzurlaub mit dem Auto im Loiretal - Touraine. Unvergessliches Abenteuer mit au\u00dfergew\u00f6hnlichen Autos im Loiretal","og_url":"https:\/\/cedre-et-charme.fr\/de\/die-ausfluege-bei-gt-tours-events-die-urspruengliche-entdeckung-des-loiretals\/","og_site_name":"Maison hotes Cedre et Charme","article_publisher":"https:\/\/www.facebook.com\/cedre.et.charme\/","og_image":[{"url":"https:\/\/cedre-et-charme.fr\/wp-content\/uploads\/2015\/11\/logo-gt-tours-events.png","type":"","width":"","height":""}],"schema":{"@context":"https:\/\/schema.org","@graph":[{"@type":"WebPage","@id":"https:\/\/cedre-et-charme.fr\/de\/die-ausfluege-bei-gt-tours-events-die-urspruengliche-entdeckung-des-loiretals\/","url":"https:\/\/cedre-et-charme.fr\/de\/die-ausfluege-bei-gt-tours-events-die-urspruengliche-entdeckung-des-loiretals\/","name":"GT Tours Events: unvergessliche Kurzurlaube im Loiretal - Maison hotes Cedre et Charme","isPartOf":{"@id":"https:\/\/cedre-et-charme.fr\/de\/#website"},"primaryImageOfPage":{"@id":"https:\/\/cedre-et-charme.fr\/de\/die-ausfluege-bei-gt-tours-events-die-urspruengliche-entdeckung-des-loiretals\/#primaryimage"},"image":{"@id":"https:\/\/cedre-et-charme.fr\/de\/die-ausfluege-bei-gt-tours-events-die-urspruengliche-entdeckung-des-loiretals\/#primaryimage"},"thumbnailUrl":"https:\/\/cedre-et-charme.fr\/wp-content\/uploads\/2015\/11\/logo-gt-tours-events.png","datePublished":"2015-11-18T14:14:01+00:00","description":"Au\u00dfergew\u00f6hnlicher Kurzurlaub mit dem Auto im Loiretal - Touraine. Unvergessliches Abenteuer mit au\u00dfergew\u00f6hnlichen Autos im Loiretal","breadcrumb":{"@id":"https:\/\/cedre-et-charme.fr\/de\/die-ausfluege-bei-gt-tours-events-die-urspruengliche-entdeckung-des-loiretals\/#breadcrumb"},"inLanguage":"de","potentialAction":[{"@type":"ReadAction","target":["https:\/\/cedre-et-charme.fr\/de\/die-ausfluege-bei-gt-tours-events-die-urspruengliche-entdeckung-des-loiretals\/"]}]},{"@type":"ImageObject","inLanguage":"de","@id":"https:\/\/cedre-et-charme.fr\/de\/die-ausfluege-bei-gt-tours-events-die-urspruengliche-entdeckung-des-loiretals\/#primaryimage","url":"https:\/\/cedre-et-charme.fr\/wp-content\/uploads\/2015\/11\/logo-gt-tours-events.png","contentUrl":"https:\/\/cedre-et-charme.fr\/wp-content\/uploads\/2015\/11\/logo-gt-tours-events.png"},{"@type":"BreadcrumbList","@id":"https:\/\/cedre-et-charme.fr\/de\/die-ausfluege-bei-gt-tours-events-die-urspruengliche-entdeckung-des-loiretals\/#breadcrumb","itemListElement":[{"@type":"ListItem","position":1,"name":"Home","item":"https:\/\/cedre-et-charme.fr\/de\/beispielseite\/"},{"@type":"ListItem","position":2,"name":"GT Tours Events: unvergessliche Kurzurlaube im Loiretal"}]},{"@type":"WebSite","@id":"https:\/\/cedre-et-charme.fr\/de\/#website","url":"https:\/\/cedre-et-charme.fr\/de\/","name":"Maison hotes Cedre et Charme","description":"Chambre d&#039;h\u00f4te en Touraine \/ Bed &amp; Breakfast in France Center and Loire Valley","potentialAction":[{"@type":"SearchAction","target":{"@type":"EntryPoint","urlTemplate":"https:\/\/cedre-et-charme.fr\/de\/?s={search_term_string}"},"query-input":{"@type":"PropertyValueSpecification","valueRequired":true,"valueName":"search_term_string"}}],"inLanguage":"de"}]}},"_links":{"self":[{"href":"https:\/\/cedre-et-charme.fr\/de\/wp-json\/wp\/v2\/pages\/5643","targetHints":{"allow":["GET"]}}],"collection":[{"href":"https:\/\/cedre-et-charme.fr\/de\/wp-json\/wp\/v2\/pages"}],"about":[{"href":"https:\/\/cedre-et-charme.fr\/de\/wp-json\/wp\/v2\/types\/page"}],"author":[{"embeddable":true,"href":"https:\/\/cedre-et-charme.fr\/de\/wp-json\/wp\/v2\/users\/3"}],"replies":[{"embeddable":true,"href":"https:\/\/cedre-et-charme.fr\/de\/wp-json\/wp\/v2\/comments?post=5643"}],"version-history":[{"count":0,"href":"https:\/\/cedre-et-charme.fr\/de\/wp-json\/wp\/v2\/pages\/5643\/revisions"}],"wp:attachment":[{"href":"https:\/\/cedre-et-charme.fr\/de\/wp-json\/wp\/v2\/media?parent=5643"}],"curies":[{"name":"wp","href":"https:\/\/api.w.org\/{rel}","templated":true}]}}