{"id":5627,"date":"2014-01-24T13:52:46","date_gmt":"2014-01-24T13:52:46","guid":{"rendered":"https:\/\/cedre-et-charme.fr\/konditionen-und-preise\/"},"modified":"2025-04-19T11:48:14","modified_gmt":"2025-04-19T11:48:14","slug":"konditionen-und-preise","status":"publish","type":"page","link":"https:\/\/cedre-et-charme.fr\/de\/konditionen-und-preise\/","title":{"rendered":"Bedingungen in Bed and Breakfast"},"content":{"rendered":"<div class=\"fusion-fullwidth fullwidth-box fusion-builder-row-1 fusion-flex-container nonhundred-percent-fullwidth non-hundred-percent-height-scrolling ctnr-simple \" style=\"--awb-border-radius-top-left:0px;--awb-border-radius-top-right:0px;--awb-border-radius-bottom-right:0px;--awb-border-radius-bottom-left:0px;--awb-flex-wrap:wrap;\" ><div class=\"fusion-builder-row fusion-row fusion-flex-align-items-center fusion-flex-justify-content-center fusion-flex-content-wrap\" style=\"max-width:1456px;margin-left: calc(-4% \/ 2 );margin-right: calc(-4% \/ 2 );\"><div class=\"fusion-layout-column fusion_builder_column fusion-builder-column-0 fusion_builder_column_1_1 1_1 fusion-flex-column\" style=\"--awb-bg-size:cover;--awb-width-large:100%;--awb-margin-top-large:0px;--awb-spacing-right-large:1.92%;--awb-margin-bottom-large:0px;--awb-spacing-left-large:1.92%;--awb-width-medium:100%;--awb-order-medium:0;--awb-spacing-right-medium:1.92%;--awb-spacing-left-medium:1.92%;--awb-width-small:100%;--awb-order-small:0;--awb-spacing-right-small:1.92%;--awb-spacing-left-small:1.92%;\"><div class=\"fusion-column-wrapper fusion-column-has-shadow fusion-flex-justify-content-flex-start fusion-content-layout-column\"><div class=\"fusion-title title fusion-title-1 fusion-sep-none fusion-title-center fusion-title-text fusion-title-size-one\" style=\"--awb-margin-top-small:0px;--awb-margin-right-small:0px;--awb-margin-bottom-small:20px;--awb-margin-left-small:0px;\"><h1 class=\"fusion-title-heading title-heading-center\" style=\"margin:0;\">Bedingungen in Bed and Breakfast<\/h1><\/div><\/div><\/div><div class=\"fusion-layout-column fusion_builder_column fusion-builder-column-1 fusion_builder_column_3_4 3_4 fusion-flex-column\" style=\"--awb-bg-size:cover;--awb-width-large:75%;--awb-margin-top-large:0px;--awb-spacing-right-large:2.56%;--awb-margin-bottom-large:0px;--awb-spacing-left-large:2.56%;--awb-width-medium:100%;--awb-order-medium:0;--awb-spacing-right-medium:1.92%;--awb-spacing-left-medium:1.92%;--awb-width-small:100%;--awb-order-small:0;--awb-spacing-right-small:1.92%;--awb-spacing-left-small:1.92%;\"><div class=\"fusion-column-wrapper fusion-column-has-shadow fusion-flex-justify-content-flex-start fusion-content-layout-column\"><div class=\"fusion-title title fusion-title-2 fusion-sep-none fusion-title-text fusion-title-size-two\" style=\"--awb-margin-top-small:0px;--awb-margin-right-small:0px;--awb-margin-bottom-small:20px;--awb-margin-left-small:0px;\"><h2 class=\"fusion-title-heading title-heading-left\" style=\"margin:0;\">Bed &amp; Breakfast-Preis<\/h2><\/div><div class=\"fusion-text fusion-text-1 col-inside\" style=\"--awb-text-transform:none;\"><p>Unser Preis, ab 109 Euro pro Nacht, beinhaltet das Doppelzimmer, das Fr\u00fchst\u00fcck, die Kurtaxe, den \u00fcberdachten Privatparkplatz und den Internetzugang, den Fernseher (auf einfache Anfrage).<\/p>\n<p>Zusammen gebucht, bilden die Zimmer M\u00e9lodie und Romance eine ideale Eltern-Kind-Familiensuite mit eigenem Eingang. Ebenso wie Serenade und Symphony bietet dieses letzte Zimmer Platz f\u00fcr 3 \u00e4ltere Kinder oder 3 Erwachsene.<\/p>\n<p>M\u00f6glichkeit, ein Zustellbett hinzuzuf\u00fcgen (maximal ein Bett pro Zimmer):<\/p>\n<p>\u2013 ein Kinderbett (Kind unter 2 Jahren) f\u00fcr zus\u00e4tzlich 10 Euro pro Nacht<\/p>\n<p>\u2013 ein Kinderbett (unter 8 Jahren) f\u00fcr 20 Euro pro Nacht (je nach Zimmer)<\/p>\n<p>\u2013 ein Bett f\u00fcr Erwachsene f\u00fcr 30 Euro pro Nacht (je nach Zimmer)<\/p>\n<\/div><div class=\"fusion-title title fusion-title-3 fusion-sep-none fusion-title-text fusion-title-size-two\" style=\"--awb-margin-top-small:0px;--awb-margin-right-small:0px;--awb-margin-bottom-small:20px;--awb-margin-left-small:0px;\"><h2 class=\"fusion-title-heading title-heading-left\" style=\"margin:0;\">Table d\u2019h\u00f4tes<\/h2><\/div><div class=\"fusion-text fusion-text-2 col-inside\" style=\"--awb-text-transform:none;\"><p>Sie k\u00f6nnen Ihr Abendessen im Le C\u00e8dre im Voraus buchen (telefonisch, per E-Mail oder in Ihrer Reservierung):<\/p>\n<p>&#8211; D\u00eener Saveur (38 Euro pro Person, Aperitif mit Vouvray, Vorspeise, Hauptgericht, K\u00e4se, Dessert, Kaffee\/Infusion, Wein nicht inbegriffen).<\/p>\n<p>&#8211; D\u00eener Classique (28 Euro pro Person, Vorspeise oder K\u00e4se, Hauptgericht, Dessert, Kaffee\/Infusion, Wein nicht inbegriffen).<\/p>\n<p>Sie m\u00f6chten lieber in einem Restaurant essen: wir k\u00f6nnen Ihnen gute Restaurants in der N\u00e4he empfehlen.<\/p>\n<\/div><div class=\"fusion-title title fusion-title-4 fusion-sep-none fusion-title-text fusion-title-size-two\" style=\"--awb-margin-top-small:0px;--awb-margin-right-small:0px;--awb-margin-bottom-small:20px;--awb-margin-left-small:0px;\"><h2 class=\"fusion-title-heading title-heading-left\" style=\"margin:0;\">Spa (Marke Jacuzzi)<\/h2><\/div><div class=\"fusion-text fusion-text-3 col-inside\" style=\"--awb-text-transform:none;\"><p>Sie k\u00f6nnen unseren Spa-Bereich im Voraus buchen (telefonisch, per E-Mail oder in Ihrer Buchung) f\u00fcr ein einst\u00fcndiges Zeitfenster (45 Minuten Spa):<\/p>\n<p>&#8211; F\u00fcr eine Person (20\u20ac), f\u00fcr 2 Personen (30\u20ac), f\u00fcr 3 Personen (35\u20ac), f\u00fcr 4 Personen (40\u20ac), f\u00fcr 5 Personen (45\u20ac), f\u00fcr 6 Personen (50\u20ac),<\/p>\n<p>&#8211; Der Spa-Bereich umfasst einen Umkleideraum (mit Dusche und WC),<\/p>\n<p>&#8211; Ein Badetuch pro Person inklusive,<\/p>\n<p>&#8211; Achtung: Nur f\u00fcr Personen ab 15 Jahren mit einer K\u00f6rpergr\u00f6\u00dfe von mindestens 1,50 m. Maximal 6 Personen. Eine erwachsene Begleitperson erforderlich.<\/p>\n<p>Entspannen Sie sich und genie\u00dfen Sie die Entspannung in der Touraine!<\/p>\n<\/div><div class=\"fusion-title title fusion-title-5 fusion-sep-none fusion-title-text fusion-title-size-two\" style=\"--awb-margin-top-small:0px;--awb-margin-right-small:0px;--awb-margin-bottom-small:20px;--awb-margin-left-small:0px;\"><h2 class=\"fusion-title-heading title-heading-left\" style=\"margin:0;\">Andere Dienstleistungen<\/h2><\/div><div class=\"fusion-text fusion-text-4 col-inside\" style=\"--awb-text-transform:none;\"><p>\u2013 Privater \u00fcberdachter Parkplatz.<\/p>\n<p>\u2013 Internetzugang in allen Zimmern verf\u00fcgbar (kabelgebunden und WLAN).<\/p>\n<p>\u2013 Begr\u00fc\u00dfungstablett (Tee, Kaffee, Kr\u00e4utertee) in den Zimmern.<\/p>\n<p>\u2013 Haartrockner in den Badezimmern.<\/p>\n<p>\u2013 Fernseher im Zimmer auf Anfrage (ohne Aufpreis).<\/p>\n<p>\u2013 T\u00e4gliche Reinigung.<\/p>\n<\/div><div class=\"fusion-title title fusion-title-6 fusion-sep-none fusion-title-text fusion-title-size-two\" style=\"--awb-margin-top-small:0px;--awb-margin-right-small:0px;--awb-margin-bottom-small:20px;--awb-margin-left-small:0px;\"><h2 class=\"fusion-title-heading title-heading-left\" style=\"margin:0;\">Regeln<\/h2><\/div><div class=\"fusion-text fusion-text-5 col-inside\" style=\"--awb-text-transform:none;\"><p>Bei Online-Buchung wird eine Online-Zahlung von 25 % verlangt.<\/p>\n<p>Kontaktieren Sie uns, wenn Sie die Reservierung lieber telefonisch vornehmen m\u00f6chten. Wir akzeptieren Bargeld, Urlaubsgutscheine, Zahlungskarten (Kreditkarte, Visa, Mastercard).<\/p>\n<\/div><div class=\"fusion-title title fusion-title-7 fusion-sep-none fusion-title-text fusion-title-size-two\" style=\"--awb-margin-top-small:0px;--awb-margin-right-small:0px;--awb-margin-bottom-small:20px;--awb-margin-left-small:0px;\"><h2 class=\"fusion-title-heading title-heading-left\" style=\"margin:0;\">Stornierung<\/h2><\/div><div class=\"fusion-text fusion-text-6 col-inside\" style=\"--awb-text-transform:none;\"><p>Keine Geb\u00fchren bei Stornierungen bis 21 Tage vor dem Ankunftsdatum.<\/p>\n<p>Bei Stornierungen zwischen 20 Tagen und 4 Tagen vor dem Ankunftsdatum wird eine Anzahlung oder 25% des Gesamtpreises einbehalten.<\/p>\n<p>Bei Stornierungen innerhalb von 3 Tagen vor dem Ankunftsdatum erfolgt keine R\u00fcckerstattung oder der Gesamtpreis wird zur\u00fcckerstattet.<\/p>\n<\/div><div class=\"fusion-title title fusion-title-8 fusion-sep-none fusion-title-text fusion-title-size-two\" style=\"--awb-margin-top-small:0px;--awb-margin-right-small:0px;--awb-margin-bottom-small:20px;--awb-margin-left-small:0px;\"><h2 class=\"fusion-title-heading title-heading-left\" style=\"margin:0;\">Haustiere<\/h2><\/div><div class=\"fusion-text fusion-text-7 col-inside\" style=\"--awb-text-transform:none;\"><p>Haustiere sind nicht erlaubt.<\/p>\n<\/div><div class=\"fusion-title title fusion-title-9 fusion-sep-none fusion-title-text fusion-title-size-two\" style=\"--awb-margin-top-small:0px;--awb-margin-right-small:0px;--awb-margin-bottom-small:20px;--awb-margin-left-small:0px;\"><h2 class=\"fusion-title-heading title-heading-left\" style=\"margin:0;\">Nichtraucher-Einrichtung<\/h2><\/div><div class=\"fusion-text fusion-text-8 col-inside\" style=\"--awb-text-transform:none;\"><p>Alle \u00f6ffentlichen und privaten Bereiche sind rauchfrei.<\/p>\n<\/div><div class=\"fusion-image-element \" style=\"--awb-caption-title-font-family:var(--h2_typography-font-family);--awb-caption-title-font-weight:var(--h2_typography-font-weight);--awb-caption-title-font-style:var(--h2_typography-font-style);--awb-caption-title-size:var(--h2_typography-font-size);--awb-caption-title-transform:var(--h2_typography-text-transform);--awb-caption-title-line-height:var(--h2_typography-line-height);--awb-caption-title-letter-spacing:var(--h2_typography-letter-spacing);\"><span class=\" fusion-imageframe imageframe-none imageframe-1 hover-type-none\"><a href=\"https:\/\/cedre-et-charme.fr\/wp-content\/uploads\/2022\/03\/Chambres-dhotes-en-Touraine-Cedre-et-Charme-Entree-fleurie-1024x768-1.jpg\" class=\"fusion-lightbox\" data-rel=\"iLightbox[90670233829febf24f9]\" data-caption=\"C\u00e8dre et Charme - Entr\u00e9e fleurie\" data-title=\"Chambres-dh\u00f4tes-en-Touraine-C\u00e8dre-et-Charme-Entr\u00e9e-fleurie-1024&#215;768\" title=\"Chambres-dh\u00f4tes-en-Touraine-C\u00e8dre-et-Charme-Entr\u00e9e-fleurie-1024&#215;768\"><img decoding=\"async\" width=\"768\" height=\"1024\" alt=\"C\u00e8dre et Charme - Entr\u00e9e fleurie\" src=\"https:\/\/cedre-et-charme.fr\/wp-content\/uploads\/2022\/03\/Chambres-dhotes-en-Touraine-Cedre-et-Charme-Entree-fleurie-1024x768-1.jpg\" class=\"img-responsive wp-image-5548\" srcset=\"https:\/\/cedre-et-charme.fr\/wp-content\/uploads\/2022\/03\/Chambres-dhotes-en-Touraine-Cedre-et-Charme-Entree-fleurie-1024x768-1-200x267.jpg 200w, https:\/\/cedre-et-charme.fr\/wp-content\/uploads\/2022\/03\/Chambres-dhotes-en-Touraine-Cedre-et-Charme-Entree-fleurie-1024x768-1-400x533.jpg 400w, https:\/\/cedre-et-charme.fr\/wp-content\/uploads\/2022\/03\/Chambres-dhotes-en-Touraine-Cedre-et-Charme-Entree-fleurie-1024x768-1-600x800.jpg 600w, https:\/\/cedre-et-charme.fr\/wp-content\/uploads\/2022\/03\/Chambres-dhotes-en-Touraine-Cedre-et-Charme-Entree-fleurie-1024x768-1.jpg 768w\" sizes=\"(max-width: 1024px) 100vw, (max-width: 640px) 100vw, 768px\" \/><\/a><\/span><\/div><\/div><\/div><\/div><\/div>\n","protected":false},"excerpt":{"rendered":"","protected":false},"author":3,"featured_media":0,"parent":0,"menu_order":0,"comment_status":"closed","ping_status":"closed","template":"100-width.php","meta":{"footnotes":""},"class_list":["post-5627","page","type-page","status-publish","hentry"],"yoast_head":"<!-- This site is optimized with the Yoast SEO plugin v27.4 - https:\/\/yoast.com\/product\/yoast-seo-wordpress\/ -->\n<title>Konditionen und Preise G\u00e4stehaus C\u00e8dre et Charme<\/title>\n<meta name=\"description\" content=\"Bedingungen und Tarife der G\u00e4stezimmer C\u00e8dre et Charme in Indre et Loire. Finden Sie unsere Dienstleistungen in dieser Rubrik.\" \/>\n<meta name=\"robots\" content=\"index, follow, max-snippet:-1, max-image-preview:large, max-video-preview:-1\" \/>\n<link rel=\"canonical\" href=\"https:\/\/cedre-et-charme.fr\/de\/konditionen-und-preise\/\" \/>\n<meta property=\"og:locale\" content=\"de_DE\" \/>\n<meta property=\"og:type\" content=\"article\" \/>\n<meta property=\"og:title\" content=\"Konditionen und Preise G\u00e4stehaus C\u00e8dre et Charme\" \/>\n<meta property=\"og:description\" content=\"Bedingungen und Tarife der G\u00e4stezimmer C\u00e8dre et Charme in Indre et Loire. Finden Sie unsere Dienstleistungen in dieser Rubrik.\" \/>\n<meta property=\"og:url\" content=\"https:\/\/cedre-et-charme.fr\/de\/konditionen-und-preise\/\" \/>\n<meta property=\"og:site_name\" content=\"Maison hotes Cedre et Charme\" \/>\n<meta property=\"article:publisher\" content=\"https:\/\/www.facebook.com\/cedre.et.charme\/\" \/>\n<meta property=\"article:modified_time\" content=\"2025-04-19T11:48:14+00:00\" \/>\n<script type=\"application\/ld+json\" class=\"yoast-schema-graph\">{\"@context\":\"https:\\\/\\\/schema.org\",\"@graph\":[{\"@type\":\"WebPage\",\"@id\":\"https:\\\/\\\/cedre-et-charme.fr\\\/de\\\/konditionen-und-preise\\\/\",\"url\":\"https:\\\/\\\/cedre-et-charme.fr\\\/de\\\/konditionen-und-preise\\\/\",\"name\":\"Konditionen und Preise G\u00e4stehaus C\u00e8dre et Charme\",\"isPartOf\":{\"@id\":\"https:\\\/\\\/cedre-et-charme.fr\\\/de\\\/#website\"},\"datePublished\":\"2014-01-24T13:52:46+00:00\",\"dateModified\":\"2025-04-19T11:48:14+00:00\",\"description\":\"Bedingungen und Tarife der G\u00e4stezimmer C\u00e8dre et Charme in Indre et Loire. Finden Sie unsere Dienstleistungen in dieser Rubrik.\",\"breadcrumb\":{\"@id\":\"https:\\\/\\\/cedre-et-charme.fr\\\/de\\\/konditionen-und-preise\\\/#breadcrumb\"},\"inLanguage\":\"de\",\"potentialAction\":[{\"@type\":\"ReadAction\",\"target\":[\"https:\\\/\\\/cedre-et-charme.fr\\\/de\\\/konditionen-und-preise\\\/\"]}]},{\"@type\":\"BreadcrumbList\",\"@id\":\"https:\\\/\\\/cedre-et-charme.fr\\\/de\\\/konditionen-und-preise\\\/#breadcrumb\",\"itemListElement\":[{\"@type\":\"ListItem\",\"position\":1,\"name\":\"Home\",\"item\":\"https:\\\/\\\/cedre-et-charme.fr\\\/de\\\/beispielseite\\\/\"},{\"@type\":\"ListItem\",\"position\":2,\"name\":\"Bedingungen in Bed and Breakfast\"}]},{\"@type\":\"WebSite\",\"@id\":\"https:\\\/\\\/cedre-et-charme.fr\\\/de\\\/#website\",\"url\":\"https:\\\/\\\/cedre-et-charme.fr\\\/de\\\/\",\"name\":\"Maison hotes Cedre et Charme\",\"description\":\"Chambre d&#039;h\u00f4te en Touraine \\\/ Bed &amp; Breakfast in France Center and Loire Valley\",\"potentialAction\":[{\"@type\":\"SearchAction\",\"target\":{\"@type\":\"EntryPoint\",\"urlTemplate\":\"https:\\\/\\\/cedre-et-charme.fr\\\/de\\\/?s={search_term_string}\"},\"query-input\":{\"@type\":\"PropertyValueSpecification\",\"valueRequired\":true,\"valueName\":\"search_term_string\"}}],\"inLanguage\":\"de\"}]}<\/script>\n<!-- \/ Yoast SEO plugin. -->","yoast_head_json":{"title":"Konditionen und Preise G\u00e4stehaus C\u00e8dre et Charme","description":"Bedingungen und Tarife der G\u00e4stezimmer C\u00e8dre et Charme in Indre et Loire. Finden Sie unsere Dienstleistungen in dieser Rubrik.","robots":{"index":"index","follow":"follow","max-snippet":"max-snippet:-1","max-image-preview":"max-image-preview:large","max-video-preview":"max-video-preview:-1"},"canonical":"https:\/\/cedre-et-charme.fr\/de\/konditionen-und-preise\/","og_locale":"de_DE","og_type":"article","og_title":"Konditionen und Preise G\u00e4stehaus C\u00e8dre et Charme","og_description":"Bedingungen und Tarife der G\u00e4stezimmer C\u00e8dre et Charme in Indre et Loire. Finden Sie unsere Dienstleistungen in dieser Rubrik.","og_url":"https:\/\/cedre-et-charme.fr\/de\/konditionen-und-preise\/","og_site_name":"Maison hotes Cedre et Charme","article_publisher":"https:\/\/www.facebook.com\/cedre.et.charme\/","article_modified_time":"2025-04-19T11:48:14+00:00","schema":{"@context":"https:\/\/schema.org","@graph":[{"@type":"WebPage","@id":"https:\/\/cedre-et-charme.fr\/de\/konditionen-und-preise\/","url":"https:\/\/cedre-et-charme.fr\/de\/konditionen-und-preise\/","name":"Konditionen und Preise G\u00e4stehaus C\u00e8dre et Charme","isPartOf":{"@id":"https:\/\/cedre-et-charme.fr\/de\/#website"},"datePublished":"2014-01-24T13:52:46+00:00","dateModified":"2025-04-19T11:48:14+00:00","description":"Bedingungen und Tarife der G\u00e4stezimmer C\u00e8dre et Charme in Indre et Loire. Finden Sie unsere Dienstleistungen in dieser Rubrik.","breadcrumb":{"@id":"https:\/\/cedre-et-charme.fr\/de\/konditionen-und-preise\/#breadcrumb"},"inLanguage":"de","potentialAction":[{"@type":"ReadAction","target":["https:\/\/cedre-et-charme.fr\/de\/konditionen-und-preise\/"]}]},{"@type":"BreadcrumbList","@id":"https:\/\/cedre-et-charme.fr\/de\/konditionen-und-preise\/#breadcrumb","itemListElement":[{"@type":"ListItem","position":1,"name":"Home","item":"https:\/\/cedre-et-charme.fr\/de\/beispielseite\/"},{"@type":"ListItem","position":2,"name":"Bedingungen in Bed and Breakfast"}]},{"@type":"WebSite","@id":"https:\/\/cedre-et-charme.fr\/de\/#website","url":"https:\/\/cedre-et-charme.fr\/de\/","name":"Maison hotes Cedre et Charme","description":"Chambre d&#039;h\u00f4te en Touraine \/ Bed &amp; Breakfast in France Center and Loire Valley","potentialAction":[{"@type":"SearchAction","target":{"@type":"EntryPoint","urlTemplate":"https:\/\/cedre-et-charme.fr\/de\/?s={search_term_string}"},"query-input":{"@type":"PropertyValueSpecification","valueRequired":true,"valueName":"search_term_string"}}],"inLanguage":"de"}]}},"_links":{"self":[{"href":"https:\/\/cedre-et-charme.fr\/de\/wp-json\/wp\/v2\/pages\/5627","targetHints":{"allow":["GET"]}}],"collection":[{"href":"https:\/\/cedre-et-charme.fr\/de\/wp-json\/wp\/v2\/pages"}],"about":[{"href":"https:\/\/cedre-et-charme.fr\/de\/wp-json\/wp\/v2\/types\/page"}],"author":[{"embeddable":true,"href":"https:\/\/cedre-et-charme.fr\/de\/wp-json\/wp\/v2\/users\/3"}],"replies":[{"embeddable":true,"href":"https:\/\/cedre-et-charme.fr\/de\/wp-json\/wp\/v2\/comments?post=5627"}],"version-history":[{"count":5,"href":"https:\/\/cedre-et-charme.fr\/de\/wp-json\/wp\/v2\/pages\/5627\/revisions"}],"predecessor-version":[{"id":8117,"href":"https:\/\/cedre-et-charme.fr\/de\/wp-json\/wp\/v2\/pages\/5627\/revisions\/8117"}],"wp:attachment":[{"href":"https:\/\/cedre-et-charme.fr\/de\/wp-json\/wp\/v2\/media?parent=5627"}],"curies":[{"name":"wp","href":"https:\/\/api.w.org\/{rel}","templated":true}]}}