{"id":5619,"date":"2013-12-18T11:19:33","date_gmt":"2013-12-18T11:19:33","guid":{"rendered":"https:\/\/cedre-et-charme.fr\/alles-entdecken\/"},"modified":"2022-04-04T18:32:50","modified_gmt":"2022-04-04T18:32:50","slug":"alles-entdecken","status":"publish","type":"page","link":"https:\/\/cedre-et-charme.fr\/de\/alles-entdecken\/","title":{"rendered":"Entdecken Sie alle"},"content":{"rendered":"<div class=\"fusion-fullwidth fullwidth-box fusion-builder-row-1 fusion-flex-container nonhundred-percent-fullwidth non-hundred-percent-height-scrolling ctnr-simple \" style=\"--awb-border-radius-top-left:0px;--awb-border-radius-top-right:0px;--awb-border-radius-bottom-right:0px;--awb-border-radius-bottom-left:0px;--awb-flex-wrap:wrap;\" ><div class=\"fusion-builder-row fusion-row fusion-flex-align-items-center fusion-flex-justify-content-center fusion-flex-content-wrap\" style=\"max-width:1456px;margin-left: calc(-4% \/ 2 );margin-right: calc(-4% \/ 2 );\"><div class=\"fusion-layout-column fusion_builder_column fusion-builder-column-0 fusion_builder_column_1_1 1_1 fusion-flex-column\" style=\"--awb-bg-size:cover;--awb-width-large:100%;--awb-margin-top-large:0px;--awb-spacing-right-large:1.92%;--awb-margin-bottom-large:0px;--awb-spacing-left-large:1.92%;--awb-width-medium:100%;--awb-order-medium:0;--awb-spacing-right-medium:1.92%;--awb-spacing-left-medium:1.92%;--awb-width-small:100%;--awb-order-small:0;--awb-spacing-right-small:1.92%;--awb-spacing-left-small:1.92%;\"><div class=\"fusion-column-wrapper fusion-column-has-shadow fusion-flex-justify-content-flex-start fusion-content-layout-column\"><div class=\"fusion-title title fusion-title-1 fusion-sep-none fusion-title-center fusion-title-text fusion-title-size-one\" style=\"--awb-margin-top-small:0px;--awb-margin-right-small:0px;--awb-margin-bottom-small:20px;--awb-margin-left-small:0px;\"><h1 class=\"fusion-title-heading title-heading-center\" style=\"margin:0;\">Entdecken Sie alle<\/h1><\/div><div class=\"fusion-image-element \" style=\"text-align:center;--awb-caption-title-font-family:var(--h2_typography-font-family);--awb-caption-title-font-weight:var(--h2_typography-font-weight);--awb-caption-title-font-style:var(--h2_typography-font-style);--awb-caption-title-size:var(--h2_typography-font-size);--awb-caption-title-transform:var(--h2_typography-text-transform);--awb-caption-title-line-height:var(--h2_typography-line-height);--awb-caption-title-letter-spacing:var(--h2_typography-letter-spacing);\"><span class=\" fusion-imageframe imageframe-none imageframe-1 hover-type-none\"><img decoding=\"async\" width=\"700\" height=\"330\" alt=\"Vue sur Saint Branchs\" title=\"z5lo8ubalmolpvd\" src=\"https:\/\/cedre-et-charme.fr\/wp-content\/uploads\/2022\/03\/z5lo8ubalmolpvd.jpg\" class=\"img-responsive wp-image-5426\" srcset=\"https:\/\/cedre-et-charme.fr\/wp-content\/uploads\/2022\/03\/z5lo8ubalmolpvd-200x94.jpg 200w, https:\/\/cedre-et-charme.fr\/wp-content\/uploads\/2022\/03\/z5lo8ubalmolpvd-400x189.jpg 400w, https:\/\/cedre-et-charme.fr\/wp-content\/uploads\/2022\/03\/z5lo8ubalmolpvd-600x283.jpg 600w, https:\/\/cedre-et-charme.fr\/wp-content\/uploads\/2022\/03\/z5lo8ubalmolpvd.jpg 700w\" sizes=\"(max-width: 1024px) 100vw, (max-width: 640px) 100vw, 700px\" \/><\/span><\/div><\/div><\/div><div class=\"fusion-layout-column fusion_builder_column fusion-builder-column-1 fusion_builder_column_3_4 3_4 fusion-flex-column\" style=\"--awb-bg-size:cover;--awb-width-large:75%;--awb-margin-top-large:0px;--awb-spacing-right-large:2.56%;--awb-margin-bottom-large:0px;--awb-spacing-left-large:2.56%;--awb-width-medium:100%;--awb-order-medium:0;--awb-spacing-right-medium:1.92%;--awb-spacing-left-medium:1.92%;--awb-width-small:100%;--awb-order-small:0;--awb-spacing-right-small:1.92%;--awb-spacing-left-small:1.92%;\"><div class=\"fusion-column-wrapper fusion-column-has-shadow fusion-flex-justify-content-flex-start fusion-content-layout-column\"><div class=\"fusion-text fusion-text-1 col-inside\" style=\"--awb-text-transform:none;\"><p>Le C\u00e8dre liegt in <a href=\"http:\/\/www.saint-branchs.fr\/\">Saint Branchs<\/a> , einer charmanten kleinen <a href=\"http:\/\/cdn1_3.reseaudesvilles.fr\/cities\/142\/documents\/zjau4oj999h3qkz.pdf\">Stadt<\/a> mit 2350 Einwohnern, 20 km s\u00fcdlich von Tours. Es ist ein ausgezeichneter Ausgangspunkt, um die <a href=\"https:\/\/www.touraineloirevalley.com\/\">Touraine<\/a> -Region zu erkunden und ihre vielen Attraktionen zu entdecken. Hier vermischen sich Natur, Erbe, Gastronomie, Geschichte, Kultur und Literatur.<\/p>\n<\/div><div class=\"fusion-image-element \" style=\"text-align:center;--awb-caption-title-font-family:var(--h2_typography-font-family);--awb-caption-title-font-weight:var(--h2_typography-font-weight);--awb-caption-title-font-style:var(--h2_typography-font-style);--awb-caption-title-size:var(--h2_typography-font-size);--awb-caption-title-transform:var(--h2_typography-text-transform);--awb-caption-title-line-height:var(--h2_typography-line-height);--awb-caption-title-letter-spacing:var(--h2_typography-letter-spacing);\"><span class=\" fusion-imageframe imageframe-none imageframe-2 hover-type-none\"><a href=\"https:\/\/cedre-et-charme.fr\/wp-content\/uploads\/2022\/03\/djl5xh63rhujn1.jpg\" class=\"fusion-lightbox\" data-rel=\"iLightbox[716052ccb51f70e5ae5]\" data-caption=\"Saint Branchs - Place centrale du 11 Novembre \" data-title=\"djl5xh63rhujn1\" title=\"djl5xh63rhujn1\"><img decoding=\"async\" width=\"700\" height=\"187\" alt=\"Saint Branchs - Place centrale du 11 Novembre \" src=\"https:\/\/cedre-et-charme.fr\/wp-content\/uploads\/2022\/03\/djl5xh63rhujn1.jpg\" class=\"img-responsive wp-image-5428\" srcset=\"https:\/\/cedre-et-charme.fr\/wp-content\/uploads\/2022\/03\/djl5xh63rhujn1-200x53.jpg 200w, https:\/\/cedre-et-charme.fr\/wp-content\/uploads\/2022\/03\/djl5xh63rhujn1-400x107.jpg 400w, https:\/\/cedre-et-charme.fr\/wp-content\/uploads\/2022\/03\/djl5xh63rhujn1-600x160.jpg 600w, https:\/\/cedre-et-charme.fr\/wp-content\/uploads\/2022\/03\/djl5xh63rhujn1.jpg 700w\" sizes=\"(max-width: 1024px) 100vw, (max-width: 640px) 100vw, 700px\" \/><\/a><\/span><\/div><div class=\"fusion-text fusion-text-2 col-inside\" style=\"--awb-text-transform:none;\"><p>In einem Umkreis von 30 km k\u00f6nnen Sie die <a href=\"http:\/\/www.tours-tourisme.fr\/voir-faire\/chateaux-de-la-loire-jardins-patrimoine\/visiter-les-chateaux-de-la-loire?page=2\">Schl\u00f6sser<\/a> und bedeutenden Sehensw\u00fcrdigkeiten <a href=\"https:\/\/www.valdeloire-france.com\/\">des Loiretals<\/a> entdecken (Azay le Rideau, Chenonceau, Amboise, Loches, Montbazon, Villandry, Langeais, Islette, Rigny-Uss\u00e9, Tours, Cand\u00e9, Gizeux usw .). Besuchen Sie die <a href=\"https:\/\/www.touraineloirevalley.com\/decouvrir\/art-de-vivre\/route-des-vins-val-de-loire\/\">Weinberge<\/a> , Keller, Museen und Residenzen, die unseren gro\u00dfen Schriftstellern (Ronsard, Rabelais, Balzac, Descartes) gewidmet sind. Oder verlassen Sie die ausgetretenen Pfade und erkunden Sie die T\u00e4ler Indre, Cher oder Loire.<\/p>\n<p>In der N\u00e4he k\u00f6nnen Naturliebhaber die Region dank der vielen <a href=\"https:\/\/www.touraineloirevalley.com\/preparer\/itinerance\/randonnee\/\">Wanderwege<\/a> entdecken, auf denen ein Teil des <a href=\"http:\/\/www.touraineloirevalley.com\/je-prends-l-air\/randonnees-en-touraine\/le-g.r.3-saint-jacques-de-compostelle-et-saint-martin\" target=\"_blank\" rel=\"noopener noreferrer\">Weges von Saint Jacques zur\u00fcckgelegt werden kann<\/a> . Zu Fu\u00df oder zu Pferd dank der vielen <a title=\"centres \u00e9questres autours de Saint Branchs\" href=\"http:\/\/centreequestre.org\/indre-et-loire\/st-branchs.html\" target=\"_blank\" rel=\"noopener noreferrer\">Reitzentren<\/a> in unmittelbarer N\u00e4he (Saint Branchs, Sorigny, Esvres usw.). Oder nehmen Sie die Wege und Schleifen mit dem <a href=\"http:\/\/www.touraineloirevalley.com\/je-prends-l-air\/la-loire-a-velo-et-autres-sorties-velo\/l-indre-a-velo\">Fahrrad<\/a> , um unseren sanften Fl\u00fcssen zu folgen.<\/p>\n<p>Es k\u00f6nnte sogar die Gelegenheit f\u00fcr einen Flug in einem <a href=\"http:\/\/www.touraine-planeur.org\/Site-Touraine-Planeur\/index.php\">Segelflugzeug<\/a> oder <a href=\"http:\/\/www.loire-et-montgolfiere.com\/sites-d-envol\/\" target=\"_blank\" rel=\"noopener noreferrer\">Hei\u00dfluftballon<\/a> sein, um alles von oben zu sehen, eine Abfahrt der Indre oder des Cher in einem <a href=\"http:\/\/www.touraineloirevalley.com\/je-prends-l-air\/loisirs-de-nature\/canoe-kayak\/\" target=\"_blank\" rel=\"noopener noreferrer\">Kanu-Kajak<\/a> oder die Entdeckung des <a href=\"http:\/\/www.trike-centre.com\/pages\/location-de-vehicules-3-ou-4-roues.html\" target=\"_blank\" rel=\"noopener noreferrer\">Trike<\/a> (Motorrad mit 3 R\u00e4dern)?<\/p>\n<\/div><\/div><\/div><div class=\"fusion-layout-column fusion_builder_column fusion-builder-column-2 fusion_builder_column_1_1 1_1 fusion-flex-column\" style=\"--awb-bg-size:cover;--awb-width-large:100%;--awb-margin-top-large:0px;--awb-spacing-right-large:1.92%;--awb-margin-bottom-large:0px;--awb-spacing-left-large:1.92%;--awb-width-medium:100%;--awb-order-medium:0;--awb-spacing-right-medium:1.92%;--awb-spacing-left-medium:1.92%;--awb-width-small:100%;--awb-order-small:0;--awb-spacing-right-small:1.92%;--awb-spacing-left-small:1.92%;\"><div class=\"fusion-column-wrapper fusion-column-has-shadow fusion-flex-justify-content-flex-start fusion-content-layout-column\"><div class=\"awb-gallery-wrapper awb-gallery-wrapper-1 button-span-no\"><div style=\"margin:-5px;--awb-bordersize:0px;\" class=\"fusion-gallery fusion-gallery-container fusion-grid-2 fusion-columns-total-3 fusion-gallery-layout-grid fusion-gallery-1\"><div style=\"padding:5px;\" class=\"fusion-grid-column fusion-gallery-column fusion-gallery-column-2 hover-type-none\"><div class=\"fusion-gallery-image\"><a href=\"https:\/\/cedre-et-charme.fr\/wp-content\/uploads\/2022\/03\/Touraine-Montgolfiere-min.jpg\" rel=\"noreferrer\" data-rel=\"iLightbox[gallery_image_1]\" class=\"fusion-lightbox\" target=\"_self\"><img decoding=\"async\" src=\"https:\/\/cedre-et-charme.fr\/wp-content\/uploads\/2022\/03\/Touraine-Montgolfiere-min.jpg\" width=\"600\" height=\"450\" alt=\"Montgolfi\u00e8re au dessus de la Touraine\" title=\"Touraine-Montgolfiere-min\" aria-label=\"Touraine-Montgolfiere-min\" class=\"img-responsive wp-image-4160\" srcset=\"https:\/\/cedre-et-charme.fr\/wp-content\/uploads\/2022\/03\/Touraine-Montgolfiere-min-200x150.jpg 200w, https:\/\/cedre-et-charme.fr\/wp-content\/uploads\/2022\/03\/Touraine-Montgolfiere-min-400x300.jpg 400w, https:\/\/cedre-et-charme.fr\/wp-content\/uploads\/2022\/03\/Touraine-Montgolfiere-min.jpg 600w\" sizes=\"(min-width: 2200px) 100vw, (min-width: 712px) 698px, (min-width: 640px) 712px, \" \/><\/a><\/div><\/div><div style=\"padding:5px;\" class=\"fusion-grid-column fusion-gallery-column fusion-gallery-column-2 hover-type-none\"><div class=\"fusion-gallery-image\"><a href=\"https:\/\/cedre-et-charme.fr\/wp-content\/uploads\/2022\/03\/Chateau-de-l-Islette-8-min.jpg\" rel=\"noreferrer\" data-rel=\"iLightbox[gallery_image_1]\" class=\"fusion-lightbox\" target=\"_self\"><img decoding=\"async\" src=\"https:\/\/cedre-et-charme.fr\/wp-content\/uploads\/2022\/03\/Chateau-de-l-Islette-8-min.jpg\" width=\"800\" height=\"533\" alt=\"Ch\u00e2teau de l&#039;Islette\" title=\"Chateau-de-l-Islette-8-min\" aria-label=\"Chateau-de-l-Islette-8-min\" class=\"img-responsive wp-image-4158\" srcset=\"https:\/\/cedre-et-charme.fr\/wp-content\/uploads\/2022\/03\/Chateau-de-l-Islette-8-min-200x133.jpg 200w, https:\/\/cedre-et-charme.fr\/wp-content\/uploads\/2022\/03\/Chateau-de-l-Islette-8-min-400x267.jpg 400w, https:\/\/cedre-et-charme.fr\/wp-content\/uploads\/2022\/03\/Chateau-de-l-Islette-8-min-600x400.jpg 600w, https:\/\/cedre-et-charme.fr\/wp-content\/uploads\/2022\/03\/Chateau-de-l-Islette-8-min.jpg 800w\" sizes=\"(min-width: 2200px) 100vw, (min-width: 712px) 698px, (min-width: 640px) 712px, \" \/><\/a><\/div><\/div><div class=\"clearfix\"><\/div><div style=\"padding:5px;\" class=\"fusion-grid-column fusion-gallery-column fusion-gallery-column-2 hover-type-none\"><div class=\"fusion-gallery-image\"><a href=\"https:\/\/cedre-et-charme.fr\/wp-content\/uploads\/2022\/03\/3-loire_a_velo_tours_credit_david_darrault-2-min.jpg\" rel=\"noreferrer\" data-rel=\"iLightbox[gallery_image_1]\" class=\"fusion-lightbox\" target=\"_self\"><img decoding=\"async\" src=\"https:\/\/cedre-et-charme.fr\/wp-content\/uploads\/2022\/03\/3-loire_a_velo_tours_credit_david_darrault-2-min.jpg\" width=\"1920\" height=\"1080\" alt=\"Loire \u00e0 v\u00e9lo\" title=\"3-loire_a_velo_tours_credit_david_darrault-2-min\" aria-label=\"3-loire_a_velo_tours_credit_david_darrault-2-min\" class=\"img-responsive wp-image-4159\" srcset=\"https:\/\/cedre-et-charme.fr\/wp-content\/uploads\/2022\/03\/3-loire_a_velo_tours_credit_david_darrault-2-min-200x113.jpg 200w, https:\/\/cedre-et-charme.fr\/wp-content\/uploads\/2022\/03\/3-loire_a_velo_tours_credit_david_darrault-2-min-400x225.jpg 400w, https:\/\/cedre-et-charme.fr\/wp-content\/uploads\/2022\/03\/3-loire_a_velo_tours_credit_david_darrault-2-min-600x338.jpg 600w, https:\/\/cedre-et-charme.fr\/wp-content\/uploads\/2022\/03\/3-loire_a_velo_tours_credit_david_darrault-2-min-800x450.jpg 800w, https:\/\/cedre-et-charme.fr\/wp-content\/uploads\/2022\/03\/3-loire_a_velo_tours_credit_david_darrault-2-min-1200x675.jpg 1200w, https:\/\/cedre-et-charme.fr\/wp-content\/uploads\/2022\/03\/3-loire_a_velo_tours_credit_david_darrault-2-min.jpg 1920w\" sizes=\"(min-width: 2200px) 100vw, (min-width: 712px) 698px, (min-width: 640px) 712px, \" \/><\/a><\/div><\/div><\/div><\/div><\/div><\/div><div class=\"fusion-layout-column fusion_builder_column fusion-builder-column-3 fusion_builder_column_3_4 3_4 fusion-flex-column\" style=\"--awb-bg-size:cover;--awb-width-large:75%;--awb-margin-top-large:0px;--awb-spacing-right-large:2.56%;--awb-margin-bottom-large:0px;--awb-spacing-left-large:2.56%;--awb-width-medium:100%;--awb-order-medium:0;--awb-spacing-right-medium:1.92%;--awb-spacing-left-medium:1.92%;--awb-width-small:100%;--awb-order-small:0;--awb-spacing-right-small:1.92%;--awb-spacing-left-small:1.92%;\"><div class=\"fusion-column-wrapper fusion-column-has-shadow fusion-flex-justify-content-flex-start fusion-content-layout-column\"><div class=\"fusion-text fusion-text-3 col-inside\" style=\"--awb-text-transform:none;\"><p>Sie k\u00f6nnen das Video und die Fotos der G\u00e4stezimmer auf <a href=\"https:\/\/cedre-et-charme.fr\/video-maison-dhotes\/\">https:\/\/cedre-et-charme.fr\/video-maison-dhotes\/<\/a> sehen.<\/p>\n<p>Und die Videos und Fotos der G\u00eete des Oiseaux du C\u00e8dre (Unterkunft auf <a href=\"https:\/\/cedre-et-charme.fr\/photos-videos-gite-les-oiseaux\/\">https:\/\/cedre-et-charme.fr\/photos-videos-gite-les-oiseaus\/<\/a><\/p>\n<p>und die G\u00eete C\u00e8dre et Charme<br \/>\n<a href=\"https:\/\/cedre-et-charme.fr\/de\/fotos-videos-ferienhaus-zeder-und-charme\/\">https:\/\/cedre-et-charme.fr\/photos-videos-gite-cedre-et-charme\/<\/a><\/p>\n<\/div><\/div><\/div><\/div><\/div>\n","protected":false},"excerpt":{"rendered":"","protected":false},"author":3,"featured_media":0,"parent":0,"menu_order":0,"comment_status":"closed","ping_status":"open","template":"100-width.php","meta":{"footnotes":""},"class_list":["post-5619","page","type-page","status-publish","hentry"],"yoast_head":"<!-- This site is optimized with the Yoast SEO plugin v27.3 - https:\/\/yoast.com\/product\/yoast-seo-wordpress\/ -->\n<title>Entdecken Sie rund um Zeder und Charme<\/title>\n<meta name=\"description\" content=\"Entdecken Sie die Umgebung unseres Bed and Breakfast C\u00e8dre et Charme und der G\u00eete Les Oiseaux du C\u00e8dre im Loiretal\" \/>\n<meta name=\"robots\" content=\"index, follow, max-snippet:-1, max-image-preview:large, max-video-preview:-1\" \/>\n<link rel=\"canonical\" href=\"https:\/\/cedre-et-charme.fr\/de\/alles-entdecken\/\" \/>\n<meta property=\"og:locale\" content=\"de_DE\" \/>\n<meta property=\"og:type\" content=\"article\" \/>\n<meta property=\"og:title\" content=\"Entdecken Sie rund um Zeder und Charme\" \/>\n<meta property=\"og:description\" content=\"Entdecken Sie die Umgebung unseres Bed and Breakfast C\u00e8dre et Charme und der G\u00eete Les Oiseaux du C\u00e8dre im Loiretal\" \/>\n<meta property=\"og:url\" content=\"https:\/\/cedre-et-charme.fr\/de\/alles-entdecken\/\" \/>\n<meta property=\"og:site_name\" content=\"Maison hotes Cedre et Charme\" \/>\n<meta property=\"article:publisher\" content=\"https:\/\/www.facebook.com\/cedre.et.charme\/\" \/>\n<meta property=\"article:modified_time\" content=\"2022-04-04T18:32:50+00:00\" \/>\n<script type=\"application\/ld+json\" class=\"yoast-schema-graph\">{\"@context\":\"https:\\\/\\\/schema.org\",\"@graph\":[{\"@type\":\"WebPage\",\"@id\":\"https:\\\/\\\/cedre-et-charme.fr\\\/de\\\/alles-entdecken\\\/\",\"url\":\"https:\\\/\\\/cedre-et-charme.fr\\\/de\\\/alles-entdecken\\\/\",\"name\":\"Entdecken Sie rund um Zeder und Charme\",\"isPartOf\":{\"@id\":\"https:\\\/\\\/cedre-et-charme.fr\\\/de\\\/#website\"},\"datePublished\":\"2013-12-18T11:19:33+00:00\",\"dateModified\":\"2022-04-04T18:32:50+00:00\",\"description\":\"Entdecken Sie die Umgebung unseres Bed and Breakfast C\u00e8dre et Charme und der G\u00eete Les Oiseaux du C\u00e8dre im Loiretal\",\"breadcrumb\":{\"@id\":\"https:\\\/\\\/cedre-et-charme.fr\\\/de\\\/alles-entdecken\\\/#breadcrumb\"},\"inLanguage\":\"de\",\"potentialAction\":[{\"@type\":\"ReadAction\",\"target\":[\"https:\\\/\\\/cedre-et-charme.fr\\\/de\\\/alles-entdecken\\\/\"]}]},{\"@type\":\"BreadcrumbList\",\"@id\":\"https:\\\/\\\/cedre-et-charme.fr\\\/de\\\/alles-entdecken\\\/#breadcrumb\",\"itemListElement\":[{\"@type\":\"ListItem\",\"position\":1,\"name\":\"Home\",\"item\":\"https:\\\/\\\/cedre-et-charme.fr\\\/de\\\/beispielseite\\\/\"},{\"@type\":\"ListItem\",\"position\":2,\"name\":\"Entdecken Sie alle\"}]},{\"@type\":\"WebSite\",\"@id\":\"https:\\\/\\\/cedre-et-charme.fr\\\/de\\\/#website\",\"url\":\"https:\\\/\\\/cedre-et-charme.fr\\\/de\\\/\",\"name\":\"Maison hotes Cedre et Charme\",\"description\":\"Chambre d&#039;h\u00f4te en Touraine \\\/ Bed &amp; Breakfast in France Center and Loire Valley\",\"potentialAction\":[{\"@type\":\"SearchAction\",\"target\":{\"@type\":\"EntryPoint\",\"urlTemplate\":\"https:\\\/\\\/cedre-et-charme.fr\\\/de\\\/?s={search_term_string}\"},\"query-input\":{\"@type\":\"PropertyValueSpecification\",\"valueRequired\":true,\"valueName\":\"search_term_string\"}}],\"inLanguage\":\"de\"}]}<\/script>\n<!-- \/ Yoast SEO plugin. -->","yoast_head_json":{"title":"Entdecken Sie rund um Zeder und Charme","description":"Entdecken Sie die Umgebung unseres Bed and Breakfast C\u00e8dre et Charme und der G\u00eete Les Oiseaux du C\u00e8dre im Loiretal","robots":{"index":"index","follow":"follow","max-snippet":"max-snippet:-1","max-image-preview":"max-image-preview:large","max-video-preview":"max-video-preview:-1"},"canonical":"https:\/\/cedre-et-charme.fr\/de\/alles-entdecken\/","og_locale":"de_DE","og_type":"article","og_title":"Entdecken Sie rund um Zeder und Charme","og_description":"Entdecken Sie die Umgebung unseres Bed and Breakfast C\u00e8dre et Charme und der G\u00eete Les Oiseaux du C\u00e8dre im Loiretal","og_url":"https:\/\/cedre-et-charme.fr\/de\/alles-entdecken\/","og_site_name":"Maison hotes Cedre et Charme","article_publisher":"https:\/\/www.facebook.com\/cedre.et.charme\/","article_modified_time":"2022-04-04T18:32:50+00:00","schema":{"@context":"https:\/\/schema.org","@graph":[{"@type":"WebPage","@id":"https:\/\/cedre-et-charme.fr\/de\/alles-entdecken\/","url":"https:\/\/cedre-et-charme.fr\/de\/alles-entdecken\/","name":"Entdecken Sie rund um Zeder und Charme","isPartOf":{"@id":"https:\/\/cedre-et-charme.fr\/de\/#website"},"datePublished":"2013-12-18T11:19:33+00:00","dateModified":"2022-04-04T18:32:50+00:00","description":"Entdecken Sie die Umgebung unseres Bed and Breakfast C\u00e8dre et Charme und der G\u00eete Les Oiseaux du C\u00e8dre im Loiretal","breadcrumb":{"@id":"https:\/\/cedre-et-charme.fr\/de\/alles-entdecken\/#breadcrumb"},"inLanguage":"de","potentialAction":[{"@type":"ReadAction","target":["https:\/\/cedre-et-charme.fr\/de\/alles-entdecken\/"]}]},{"@type":"BreadcrumbList","@id":"https:\/\/cedre-et-charme.fr\/de\/alles-entdecken\/#breadcrumb","itemListElement":[{"@type":"ListItem","position":1,"name":"Home","item":"https:\/\/cedre-et-charme.fr\/de\/beispielseite\/"},{"@type":"ListItem","position":2,"name":"Entdecken Sie alle"}]},{"@type":"WebSite","@id":"https:\/\/cedre-et-charme.fr\/de\/#website","url":"https:\/\/cedre-et-charme.fr\/de\/","name":"Maison hotes Cedre et Charme","description":"Chambre d&#039;h\u00f4te en Touraine \/ Bed &amp; Breakfast in France Center and Loire Valley","potentialAction":[{"@type":"SearchAction","target":{"@type":"EntryPoint","urlTemplate":"https:\/\/cedre-et-charme.fr\/de\/?s={search_term_string}"},"query-input":{"@type":"PropertyValueSpecification","valueRequired":true,"valueName":"search_term_string"}}],"inLanguage":"de"}]}},"_links":{"self":[{"href":"https:\/\/cedre-et-charme.fr\/de\/wp-json\/wp\/v2\/pages\/5619","targetHints":{"allow":["GET"]}}],"collection":[{"href":"https:\/\/cedre-et-charme.fr\/de\/wp-json\/wp\/v2\/pages"}],"about":[{"href":"https:\/\/cedre-et-charme.fr\/de\/wp-json\/wp\/v2\/types\/page"}],"author":[{"embeddable":true,"href":"https:\/\/cedre-et-charme.fr\/de\/wp-json\/wp\/v2\/users\/3"}],"replies":[{"embeddable":true,"href":"https:\/\/cedre-et-charme.fr\/de\/wp-json\/wp\/v2\/comments?post=5619"}],"version-history":[{"count":5,"href":"https:\/\/cedre-et-charme.fr\/de\/wp-json\/wp\/v2\/pages\/5619\/revisions"}],"predecessor-version":[{"id":7036,"href":"https:\/\/cedre-et-charme.fr\/de\/wp-json\/wp\/v2\/pages\/5619\/revisions\/7036"}],"wp:attachment":[{"href":"https:\/\/cedre-et-charme.fr\/de\/wp-json\/wp\/v2\/media?parent=5619"}],"curies":[{"name":"wp","href":"https:\/\/api.w.org\/{rel}","templated":true}]}}